{"id":10779,"date":"2020-03-24T21:33:52","date_gmt":"2020-03-24T20:33:52","guid":{"rendered":"https:\/\/dev2.mgvpublications.com\/produkt\/sueper-organlar-yok-daha-neler\/"},"modified":"2022-03-08T22:33:10","modified_gmt":"2022-03-08T21:33:10","slug":"sueper-organlar-yok-daha-neler","status":"publish","type":"product","link":"https:\/\/mgvpublications.com\/de\/sueper-organlar-yok-daha-neler\/","title":{"rendered":"S\u00fcper Organlar \/ Yok Daha Neler!"},"content":{"rendered":"<p>Yay\u0131n Tarihi\t2016-12-24<br \/>\nISBN\t6056706073<br \/>\nBask\u0131 Say\u0131s\u0131\t1. Bask\u0131<br \/>\nDil\tT\u00dcRK\u00c7E<br \/>\nSayfa Say\u0131s\u0131\t160<br \/>\nCilt Tipi\tKarton Kapak<br \/>\nKa\u011f\u0131t Cinsi\tKitap Ka\u011f\u0131d\u0131<br \/>\nBoyut\t13.5 x 19.5 cm<\/p>","protected":false},"excerpt":{"rendered":"<p>G\u00f6zlerimizin nas\u0131l g\u00f6rd\u00fc\u011f\u00fcn\u00fc, burnumuzun nas\u0131l koku ald\u0131\u011f\u0131n\u0131 kulaklar\u0131m\u0131z\u0131n nas\u0131l duydu\u011funu, dilimizin tatlar\u0131 nas\u0131l alg\u0131lad\u0131\u011f\u0131n\u0131 \u00f6\u011frendik\u00e7e; \u201cYok daha neler!\u201d demekten kendini alamayacaks\u0131n&#8230;<br \/>\nSen de  bilgi canavar\u0131ysan; merak etti\u011fin sorular, dikkat uyand\u0131ran testler ve \u00e7\u0131lg\u0131n karakterler bu kitapta seni bekliyor.<\/p>","protected":false},"featured_media":15796,"template":"","meta":{"spay_email":""},"product_cat":[172],"product_tag":[],"item":[379],"acf":[],"_links":{"self":[{"href":"https:\/\/mgvpublications.com\/de\/wp-json\/wp\/v2\/product\/10779"}],"collection":[{"href":"https:\/\/mgvpublications.com\/de\/wp-json\/wp\/v2\/product"}],"about":[{"href":"https:\/\/mgvpublications.com\/de\/wp-json\/wp\/v2\/types\/product"}],"wp:featuredmedia":[{"embeddable":true,"href":"https:\/\/mgvpublications.com\/de\/wp-json\/wp\/v2\/media\/15796"}],"wp:attachment":[{"href":"https:\/\/mgvpublications.com\/de\/wp-json\/wp\/v2\/media?parent=10779"}],"wp:term":[{"taxonomy":"product_cat","embeddable":true,"href":"https:\/\/mgvpublications.com\/de\/wp-json\/wp\/v2\/product_cat?post=10779"},{"taxonomy":"product_tag","embeddable":true,"href":"https:\/\/mgvpublications.com\/de\/wp-json\/wp\/v2\/product_tag?post=10779"},{"taxonomy":"item","embeddable":true,"href":"https:\/\/mgvpublications.com\/de\/wp-json\/wp\/v2\/item?post=10779"}],"curies":[{"name":"wp","href":"https:\/\/api.w.org\/{rel}","templated":true}]}}