{"id":10774,"date":"2020-03-24T21:30:09","date_gmt":"2020-03-24T20:30:09","guid":{"rendered":"https:\/\/dev2.mgvpublications.com\/produkt\/einsteindan-teslaya-bilim-insanlari\/"},"modified":"2022-03-08T22:33:10","modified_gmt":"2022-03-08T21:33:10","slug":"einsteindan-teslaya-bilim-insanlari","status":"publish","type":"product","link":"https:\/\/mgvpublications.com\/de\/einsteindan-teslaya-bilim-insanlari\/","title":{"rendered":"Einstein\u2019dan Tesla\u2019ya Bilim \u0130nsanlar\u0131"},"content":{"rendered":"<p>Yay\u0131n Tarihi\t2018-05-02<br \/>\nISBN\t6059484428<br \/>\nBask\u0131 Say\u0131s\u0131\t1. Bask\u0131<br \/>\nDil\tT\u00dcRK\u00c7E<br \/>\nSayfa Say\u0131s\u0131\t224<br \/>\nCilt Tipi\tKarton Kapak<br \/>\nKa\u011f\u0131t Cinsi\tKitap Ka\u011f\u0131d\u0131<br \/>\nBoyut\t13.5 x 19.5 cm<\/p>","protected":false},"excerpt":{"rendered":"<p>Hi\u00e7 d\u00fc\u015f\u00fcnd\u00fcn\u00fcz m\u00fc, bilim adamlar\u0131 nas\u0131l insanlard\u0131r, nas\u0131l bir ki\u015filikleri vard\u0131r ki insanl\u0131k i\u00e7in durmaks\u0131z\u0131n \u00e7al\u0131\u015f\u0131r, fedakarl\u0131kta bulunurlar?<br \/>\nVe nas\u0131l insanlard\u0131r ki buna ra\u011fmen genellikle hayattayken  toplumda hak etti\u011fi sayg\u0131nl\u0131\u011f\u0131 g\u00f6rmez, hatta kimi zaman olay konusu bile edilirler?<br \/>\nT\u00fcrkler\u2019in \u0130slam\u2019la tan\u0131\u015ft\u0131\u011f\u0131 8., 9.ve 10. Y\u00fczy\u0131llarda Avrupal\u0131lar karanl\u0131klar i\u00e7inde iken, Anadolu Medeniyeti felsefe, bilim, sanat, t\u0131p, mimari, \u015fehir d\u00fczenlemesi gibi alanlarda g\u00f6rkemli ba\u015far\u0131lar elde etmi\u015fti. Tarih\u00e7i Martin Kramer\u2019in ifadesiyle \u201cE\u011fer 1000\u2019li y\u0131llarda nobel \u00f6d\u00fclleri da\u011f\u0131t\u0131l\u0131yor olsayd\u0131, nerdeyse t\u00fcm\u00fcn\u00fc Anadoludakiler al\u0131rd\u0131.\u201d<br \/>\nBat\u0131 medeniyetine bakt\u0131\u011f\u0131m\u0131zda da, \u00e7a\u011fda\u015f bilimin do\u011fu\u015funun yine ara\u015ft\u0131rma, inceleme \u00fczerine kurulu oldu\u011funu g\u00f6r\u00fcr\u00fcz. \u201cBilimsel devrim \u00e7a\u011f\u0131\u201d olarak bilinen 17. Y\u00fczy\u0131l, evreni ve do\u011fay\u0131 ke\u015ffetme niyetiyle ara\u015ft\u0131rma yapan bilim adamlar\u0131 ile doludur. Bu d\u00f6nemde \u0130ngiltere, Fransa gibi \u00fclkelerde kurulan t\u00fcm bilim enstit\u00fcleri, \u201cEvrenin kanunlar\u0131n\u0131 ke\u015ffederek onu tan\u0131ma\u201d hedefini benimsemi\u015ftir. Ayn\u0131 e\u011fitim 18.y\u00fczy\u0131lda da devam etmi\u015ftir. Newton, Kepler, Copernicus, Galileo,<br \/>\nPascal,  Boyle, Paley, Cuvier  gibi isimler, bilim d\u00fcnyas\u0131na \u00f6nemli katk\u0131lar\u0131 bulunan bilim adamlar\u0131ndan sadece birka\u00e7\u0131d\u0131r.<br \/>\n\u0130\u015fte bu kitapta, tarihten g\u00fcn\u00fcm\u00fcze kadarki s\u00fcre\u00e7te ya\u015fam\u0131\u015f olan bilim adamlar\u0131n\u0131n hayat hikayelerini bulacak; zorluklar kar\u015f\u0131s\u0131ndaki ki\u015filikli duru\u015flar\u0131na, azimli \u00e7al\u0131\u015fmalar\u0131na ve sonucunda da g\u00f6z kama\u015ft\u0131r\u0131c\u0131 ba\u015far\u0131lar\u0131na tan\u0131kl\u0131k edeceksiniz.<\/p>","protected":false},"featured_media":10775,"template":"","meta":{"spay_email":""},"product_cat":[172],"product_tag":[],"item":[379],"acf":[],"_links":{"self":[{"href":"https:\/\/mgvpublications.com\/de\/wp-json\/wp\/v2\/product\/10774"}],"collection":[{"href":"https:\/\/mgvpublications.com\/de\/wp-json\/wp\/v2\/product"}],"about":[{"href":"https:\/\/mgvpublications.com\/de\/wp-json\/wp\/v2\/types\/product"}],"wp:featuredmedia":[{"embeddable":true,"href":"https:\/\/mgvpublications.com\/de\/wp-json\/wp\/v2\/media\/10775"}],"wp:attachment":[{"href":"https:\/\/mgvpublications.com\/de\/wp-json\/wp\/v2\/media?parent=10774"}],"wp:term":[{"taxonomy":"product_cat","embeddable":true,"href":"https:\/\/mgvpublications.com\/de\/wp-json\/wp\/v2\/product_cat?post=10774"},{"taxonomy":"product_tag","embeddable":true,"href":"https:\/\/mgvpublications.com\/de\/wp-json\/wp\/v2\/product_tag?post=10774"},{"taxonomy":"item","embeddable":true,"href":"https:\/\/mgvpublications.com\/de\/wp-json\/wp\/v2\/item?post=10774"}],"curies":[{"name":"wp","href":"https:\/\/api.w.org\/{rel}","templated":true}]}}