{"id":10770,"date":"2020-03-24T21:23:06","date_gmt":"2020-03-24T20:23:06","guid":{"rendered":"https:\/\/dev2.mgvpublications.com\/produkt\/passages-choisis-de-kutadgu-bilig\/"},"modified":"2022-03-08T22:33:09","modified_gmt":"2022-03-08T21:33:09","slug":"passages-choisis-de-kutadgu-bilig","status":"publish","type":"product","link":"https:\/\/mgvpublications.com\/de\/passages-choisis-de-kutadgu-bilig\/","title":{"rendered":"Passages Cho\u0131s\u0131s De Kutadgu Bilig"},"content":{"rendered":"<p>\u00c7evirmen:\tMustafa Eren<br \/>\nYay\u0131n Tarihi\t2015-02-03<br \/>\nISBN\t9759966973<br \/>\nBask\u0131 Say\u0131s\u0131\t1. Bask\u0131<br \/>\nDil\tT\u00dcRK\u00c7E<br \/>\nSayfa Say\u0131s\u0131\t48<br \/>\nCilt Tipi\tKarton Kapak<br \/>\nKa\u011f\u0131t Cinsi\tKitap Ka\u011f\u0131d\u0131<br \/>\nBoyut\t11.5 x 16 cm<\/p>","protected":false},"excerpt":{"rendered":"<p>La cruaute est comme un feu qui se consume La loi est comme l&#8217;eau si elle coule elle procure des bontes O maitre si tu veux reigner longtemps dans ton pays Utilise la loi correctement et protege le peuple<\/p>","protected":false},"featured_media":10771,"template":"","meta":{"spay_email":""},"product_cat":[168,233],"product_tag":[],"item":[354],"acf":[],"_links":{"self":[{"href":"https:\/\/mgvpublications.com\/de\/wp-json\/wp\/v2\/product\/10770"}],"collection":[{"href":"https:\/\/mgvpublications.com\/de\/wp-json\/wp\/v2\/product"}],"about":[{"href":"https:\/\/mgvpublications.com\/de\/wp-json\/wp\/v2\/types\/product"}],"wp:featuredmedia":[{"embeddable":true,"href":"https:\/\/mgvpublications.com\/de\/wp-json\/wp\/v2\/media\/10771"}],"wp:attachment":[{"href":"https:\/\/mgvpublications.com\/de\/wp-json\/wp\/v2\/media?parent=10770"}],"wp:term":[{"taxonomy":"product_cat","embeddable":true,"href":"https:\/\/mgvpublications.com\/de\/wp-json\/wp\/v2\/product_cat?post=10770"},{"taxonomy":"product_tag","embeddable":true,"href":"https:\/\/mgvpublications.com\/de\/wp-json\/wp\/v2\/product_tag?post=10770"},{"taxonomy":"item","embeddable":true,"href":"https:\/\/mgvpublications.com\/de\/wp-json\/wp\/v2\/item?post=10770"}],"curies":[{"name":"wp","href":"https:\/\/api.w.org\/{rel}","templated":true}]}}