{"id":10765,"date":"2020-03-24T21:18:37","date_gmt":"2020-03-24T20:18:37","guid":{"rendered":"https:\/\/dev2.mgvpublications.com\/produkt\/ausgewaehlte-abschnitte-aus-kutadgu-bilig\/"},"modified":"2022-03-08T22:33:07","modified_gmt":"2022-03-08T21:33:07","slug":"ausgewaehlte-abschnitte-aus-kutadgu-bilig","status":"publish","type":"product","link":"https:\/\/mgvpublications.com\/de\/ausgewaehlte-abschnitte-aus-kutadgu-bilig\/","title":{"rendered":"Ausgewaehlte Abschnitte Aus Kutadgu Bilig"},"content":{"rendered":"<p>\u00c7evirmen: Dilruba Leyla A\u00e7ba<br \/>\nDerleyici: Zeynep \u00dcst\u00fcn<br \/>\nYay\u0131n Tarihi 2008-02-22<br \/>\nISBN 9759961411<br \/>\nBask\u0131 Say\u0131s\u0131 1. Bask\u0131<br \/>\nDil ALMANCA<br \/>\nSayfa Say\u0131s\u0131 48<br \/>\nCilt Tipi Karton Kapak<br \/>\nKa\u011f\u0131t Cinsi Kitap Ka\u011f\u0131d\u0131<br \/>\nBoyut 11.5 x 16 cm<\/p>","protected":false},"excerpt":{"rendered":"<p>Erledige deine Aufgaben gerecht, bem\u00fche dich darum und sei niemals grausam, diene Allah und folge seinem Weg.<\/p>\n<p>Ein grausamer Mann wird niemals lange Zeit die Regentschaft innehaben. Die Grausamkeit des Grausamen dauert niemals lange Zeit an.<\/p>","protected":false},"featured_media":15794,"template":"","meta":{"spay_email":""},"product_cat":[231,168],"product_tag":[],"item":[354],"acf":[],"_links":{"self":[{"href":"https:\/\/mgvpublications.com\/de\/wp-json\/wp\/v2\/product\/10765"}],"collection":[{"href":"https:\/\/mgvpublications.com\/de\/wp-json\/wp\/v2\/product"}],"about":[{"href":"https:\/\/mgvpublications.com\/de\/wp-json\/wp\/v2\/types\/product"}],"wp:featuredmedia":[{"embeddable":true,"href":"https:\/\/mgvpublications.com\/de\/wp-json\/wp\/v2\/media\/15794"}],"wp:attachment":[{"href":"https:\/\/mgvpublications.com\/de\/wp-json\/wp\/v2\/media?parent=10765"}],"wp:term":[{"taxonomy":"product_cat","embeddable":true,"href":"https:\/\/mgvpublications.com\/de\/wp-json\/wp\/v2\/product_cat?post=10765"},{"taxonomy":"product_tag","embeddable":true,"href":"https:\/\/mgvpublications.com\/de\/wp-json\/wp\/v2\/product_tag?post=10765"},{"taxonomy":"item","embeddable":true,"href":"https:\/\/mgvpublications.com\/de\/wp-json\/wp\/v2\/item?post=10765"}],"curies":[{"name":"wp","href":"https:\/\/api.w.org\/{rel}","templated":true}]}}