{"id":10752,"date":"2020-03-24T19:10:09","date_gmt":"2020-03-24T18:10:09","guid":{"rendered":"https:\/\/dev2.mgvpublications.com\/produkt\/mueslueman-genclere\/"},"modified":"2022-05-01T17:48:56","modified_gmt":"2022-05-01T15:48:56","slug":"mueslueman-genclere","status":"publish","type":"product","link":"https:\/\/mgvpublications.com\/de\/mueslueman-genclere\/","title":{"rendered":"M\u00fcsl\u00fcman Gen\u00e7lere"},"content":{"rendered":"<p>ISBN 6052008423<br \/>\nBask\u0131 Say\u0131s\u01311. Bask\u0131<br \/>\nDil T\u00dcRK\u00c7E<br \/>\nSayfa Say\u0131s\u0131 149<br \/>\nCilt Tipi Karton Kapak<br \/>\nKa\u011f\u0131t Cinsi Kitap Ka\u011f\u0131d\u0131<br \/>\nBoyut13.5 x 21 cm<\/p>","protected":false},"excerpt":{"rendered":"<p>Ben M\u00fcsl\u00fcman\u0131m elhamd\u00fclillah.&#8221; diye ba\u015fl\u0131yor yazar kitab\u0131na ve devam\u0131nda insan\u0131n kalbine ok gibi saplanan ve i\u00e7ini kanatan c\u00fcmleler kuruyor: &#8220;Irak\u2019ta bombalanan benim, Akdeniz\u2019de bo\u011fulan, Arakan\u2019da yak\u0131lan, Afrika\u2019da a\u00e7 kalan, Filistin\u2019de kollar\u0131 k\u0131r\u0131lan, Afganistan\u2019da ve Libya\u2019da unutulan\u2026 \u0130ffeti kirletilen, evleri ba\u015f\u0131na y\u0131k\u0131lan benim, Ba\u011fdat sokaklar\u0131nda k\u00f6peklere par\u00e7alat\u0131lan \u00e7ocu\u011fum ben, Afrika\u2019da akbabalara yem edilen, Suriye\u2019de yetim kalan, Do\u011fu T\u00fcrkistan\u2019da anas\u0131n\u0131n karn\u0131nda katledilen \u00e7ocuk da benim\u2026&#8221; Bu c\u00fcmlelerle her \u015feyin sona erdi\u011fini d\u00fc\u015f\u00fcnd\u00fc\u011f\u00fcn\u00fcz anda kar\u015f\u0131n\u0131za bir ayet \u00e7\u0131k\u0131yor ve gece sanki birden g\u00fcnd\u00fcze evriliyor &#8220;Gev\u015femeyin, h\u00fcz\u00fcnlenmeyin. E\u011fer inan\u0131yorsan\u0131z \u00fcst\u00fcn olan sizlersiniz.&#8221; (Al-i \u0130mran 3\/139)<\/p>\n<p>Bu kitapta; zulm\u00fc hissedeceksiniz, bazen kalbinizden bazen de beyninizden kur\u015funlar yiyeceksiniz ama neticede birli\u011fin ve adil olan\u0131n insanl\u0131k i\u00e7in ne manaya geldi\u011fini en iyi g\u00f6renlerden biri siz olacaks\u0131n\u0131z.<\/p>","protected":false},"featured_media":10753,"template":"","meta":{"spay_email":""},"product_cat":[166,174,169],"product_tag":[],"item":[335],"acf":[],"_links":{"self":[{"href":"https:\/\/mgvpublications.com\/de\/wp-json\/wp\/v2\/product\/10752"}],"collection":[{"href":"https:\/\/mgvpublications.com\/de\/wp-json\/wp\/v2\/product"}],"about":[{"href":"https:\/\/mgvpublications.com\/de\/wp-json\/wp\/v2\/types\/product"}],"wp:featuredmedia":[{"embeddable":true,"href":"https:\/\/mgvpublications.com\/de\/wp-json\/wp\/v2\/media\/10753"}],"wp:attachment":[{"href":"https:\/\/mgvpublications.com\/de\/wp-json\/wp\/v2\/media?parent=10752"}],"wp:term":[{"taxonomy":"product_cat","embeddable":true,"href":"https:\/\/mgvpublications.com\/de\/wp-json\/wp\/v2\/product_cat?post=10752"},{"taxonomy":"product_tag","embeddable":true,"href":"https:\/\/mgvpublications.com\/de\/wp-json\/wp\/v2\/product_tag?post=10752"},{"taxonomy":"item","embeddable":true,"href":"https:\/\/mgvpublications.com\/de\/wp-json\/wp\/v2\/item?post=10752"}],"curies":[{"name":"wp","href":"https:\/\/api.w.org\/{rel}","templated":true}]}}