{"id":10727,"date":"2020-12-02T15:43:06","date_gmt":"2020-12-02T14:43:06","guid":{"rendered":"https:\/\/dev2.mgvpublications.com\/produkt\/nefsin-terbiyesi\/"},"modified":"2022-05-01T23:35:46","modified_gmt":"2022-05-01T21:35:46","slug":"nefsin-terbiyesi","status":"publish","type":"product","link":"https:\/\/mgvpublications.com\/de\/nefsin-terbiyesi\/","title":{"rendered":"Nefsin Terbiyesi"},"content":{"rendered":"<p>Yay\u0131n Tarihi: 21.11.2019<br \/>ISBN: 9789758757183<br \/>Dil: T\u00dcRK\u00c7E<br \/>Sayfa Say\u0131s\u0131: 400<br \/>Cilt Tipi: Karton Kapak<br \/>Ka\u011f\u0131t Cinsi: Kitap Ka\u011f\u0131d\u0131<br \/>Boyut: 15 x 22 cm<\/p>","protected":false},"excerpt":{"rendered":"<p>Nefis can, insan\u0131n bedeni, arzu, benlik, a\u015fa\u011f\u0131 duygular, ruh gibi pek \u00e7ok anlamda kullan\u0131lan bir kelimedir. Kur&#8217;an-\u0131 Kerim bu kelimeyi sekiz ayr\u0131 manada kullanm\u0131\u015ft\u0131r. Tasavvufi bir terim olarak nefis, kulun k\u00f6t\u00fc huylar\u0131, \u00e7irkin vas\u0131flar\u0131, k\u00f6t\u00fc his ve huylar\u0131n mahalli olan latife anlamlar\u0131na gelir. Bu y\u00f6n\u00fcyle nefis ruh ile beden aras\u0131nda bir ara\u00e7t\u0131r.<\/p>","protected":false},"featured_media":21396,"template":"","meta":{"spay_email":""},"product_cat":[174],"product_tag":[],"item":[699],"acf":[],"_links":{"self":[{"href":"https:\/\/mgvpublications.com\/de\/wp-json\/wp\/v2\/product\/10727"}],"collection":[{"href":"https:\/\/mgvpublications.com\/de\/wp-json\/wp\/v2\/product"}],"about":[{"href":"https:\/\/mgvpublications.com\/de\/wp-json\/wp\/v2\/types\/product"}],"wp:featuredmedia":[{"embeddable":true,"href":"https:\/\/mgvpublications.com\/de\/wp-json\/wp\/v2\/media\/21396"}],"wp:attachment":[{"href":"https:\/\/mgvpublications.com\/de\/wp-json\/wp\/v2\/media?parent=10727"}],"wp:term":[{"taxonomy":"product_cat","embeddable":true,"href":"https:\/\/mgvpublications.com\/de\/wp-json\/wp\/v2\/product_cat?post=10727"},{"taxonomy":"product_tag","embeddable":true,"href":"https:\/\/mgvpublications.com\/de\/wp-json\/wp\/v2\/product_tag?post=10727"},{"taxonomy":"item","embeddable":true,"href":"https:\/\/mgvpublications.com\/de\/wp-json\/wp\/v2\/item?post=10727"}],"curies":[{"name":"wp","href":"https:\/\/api.w.org\/{rel}","templated":true}]}}