{"id":10719,"date":"2020-03-24T01:23:19","date_gmt":"2020-03-24T00:23:19","guid":{"rendered":"https:\/\/dev2.mgvpublications.com\/produkt\/youtueplue-kanalima-hos-geldiniz\/"},"modified":"2022-03-08T22:33:04","modified_gmt":"2022-03-08T21:33:04","slug":"youtueplue-kanalima-hos-geldiniz","status":"publish","type":"product","link":"https:\/\/mgvpublications.com\/de\/youtueplue-kanalima-hos-geldiniz\/","title":{"rendered":"You\u2018T\u00dcP\u2019l\u00fc Kanal\u0131ma Ho\u015f Geldiniz!"},"content":{"rendered":"<p>Yay\u0131n Tarihi\t2020-01-15<br \/>\nISBN\t6057674456<br \/>\nBask\u0131 Say\u0131s\u0131\t1. Bask\u0131<br \/>\nDil\tT\u00dcRK\u00c7E<br \/>\nSayfa Say\u0131s\u0131\t144<br \/>\nCilt Tipi\tKarton Kapak<br \/>\nKa\u011f\u0131t Cinsi\tKitap Ka\u011f\u0131d\u0131<br \/>\nBoyut\t13.5 x 21 cm<\/p>","protected":false},"excerpt":{"rendered":"<p>Mine Sota\u2019dan \u2018Aboo\u2019 dedirtecek kitap!<br \/>\nHi\u015f\u015ftt!<br \/>\nTopla\u015f\u0131n!<br \/>\nGenetik m\u00fchendisi \u015eenol\u2019un d\u00fc\u011f\u00fcnlerde niye piyanist \u015fant\u00f6rl\u00fck yapt\u0131\u011f\u0131n\u0131\u2026<br \/>\nKarton kutuda ya\u015fayan Sabrettin Bey\u2019in, paraya para demezken, bankadan nas\u0131l mezar yeri kredisi istedi\u011fini\u2026<br \/>\nYapay zekan\u0131n, bizim maalleye gelince nas\u0131l YATAY ZEKA oldu\u011funu\u2026<br \/>\nHedefini asla \u015fa\u015f\u0131rmay\u0131p tam on ikiden vuran ANNE TERL\u0130\u011e\u0130\u2019ni\u2026<br \/>\n\u00c7ocu\u011fun anten ayarlar\u0131 yanl\u0131\u015f yap\u0131ld\u0131\u011f\u0131nda, ortaya nas\u0131l \u201cNihohahaa!\u201d adl\u0131 bir gerilim filminin \u00e7\u0131kt\u0131\u011f\u0131n\u0131\u2026<br \/>\n\u201cB\u0130ZE B\u0130\u2019 \u015eEY OLMAZ\u201d derken, bize nas\u0131l her \u015feylerin oldu\u011funu\u2026<br \/>\nHay\u0131rl\u0131 bir i\u015f niyetiyle ba\u015flanan d\u00fc\u011f\u00fcn olay\u0131n\u0131n, sonunda nas\u0131l \u201cHAYIR!\u201d l\u0131 bir i\u015fe d\u00f6n\u00fc\u015ft\u00fc\u011f\u00fcn\u00fc\u2026<br \/>\nCan\u0131m\u0131z\u0131n i\u00e7leri dedi\u011fimiz ba\u011fz\u0131 arkada\u015flar\u0131n, radyoaktif madde gibi \u00f6mr\u00fcm\u00fcz\u00fcn ba\u015f\u0131n\u0131 nas\u0131l yedi\u011fini\u2026<br \/>\nAlttan almaklar can\u0131n\u0131za yetip \u201cBi\u2019 sssaniye!\u201d dedi\u011finiz anda nas\u0131l \u201cSEN \u00c7OK DE\u011e\u0130\u015eT\u0130N!\u201d dendi\u011fini\u2026<br \/>\nKorku filmlerinde \u00f6c\u00fcl\u00fc b\u00f6c\u00fcl\u00fc \u015fatolara girip \u201cMerhabaa!\u201d diyen Suz\u0131n ve Tom ki\u015filerinin ayk\u00fc\u00fc\u2019s\u00fcn\u00fcn ne kadar d\u00fc\u015f\u00fck oldu\u011funu\u2026<br \/>\nVe her bi\u2019 \u015feyleri anlatt\u0131k.<br \/>\nHer birimiz kendi hayat kanal\u0131m\u0131z\u0131n fenomeniyiz\u2026 Uzun uzun \u00e7ileler \u00e7ekip bu kanallarda k\u0131sac\u0131k bir b\u00f6l\u00fcm\u00fcn\u00fc yay\u0131nl\u0131yoruz.<br \/>\nAma bir son dakika haberi sevgili seyirciler! D\u00fcnya ne d\u00fcz, ne yuvarlakt\u0131r. D\u00fcnya;YAMUKTUR! Net bilgi. Yayal\u0131m.<\/p>\n<p>Ayriyetten hey say\u0131n \u201cAboo o ne!\u201dmiz! RH pozitif \u00e7areler sunan bu kitab\u0131 okurken ki t\u00fcm g\u00fcl\u00fc\u015fmeleriniz kay\u0131t alt\u0131na al\u0131nacakt\u0131r.<br \/>\nO zaman, haydin!<br \/>\nYou\u2018T\u00dcP\u2019l\u00fc kanal\u0131ma ho\u015f geldiniz!<\/p>","protected":false},"featured_media":10720,"template":"","meta":{"spay_email":""},"product_cat":[171,166],"product_tag":[],"item":[685],"acf":[],"_links":{"self":[{"href":"https:\/\/mgvpublications.com\/de\/wp-json\/wp\/v2\/product\/10719"}],"collection":[{"href":"https:\/\/mgvpublications.com\/de\/wp-json\/wp\/v2\/product"}],"about":[{"href":"https:\/\/mgvpublications.com\/de\/wp-json\/wp\/v2\/types\/product"}],"wp:featuredmedia":[{"embeddable":true,"href":"https:\/\/mgvpublications.com\/de\/wp-json\/wp\/v2\/media\/10720"}],"wp:attachment":[{"href":"https:\/\/mgvpublications.com\/de\/wp-json\/wp\/v2\/media?parent=10719"}],"wp:term":[{"taxonomy":"product_cat","embeddable":true,"href":"https:\/\/mgvpublications.com\/de\/wp-json\/wp\/v2\/product_cat?post=10719"},{"taxonomy":"product_tag","embeddable":true,"href":"https:\/\/mgvpublications.com\/de\/wp-json\/wp\/v2\/product_tag?post=10719"},{"taxonomy":"item","embeddable":true,"href":"https:\/\/mgvpublications.com\/de\/wp-json\/wp\/v2\/item?post=10719"}],"curies":[{"name":"wp","href":"https:\/\/api.w.org\/{rel}","templated":true}]}}