{"id":10717,"date":"2020-03-24T01:19:43","date_gmt":"2020-03-24T00:19:43","guid":{"rendered":"https:\/\/dev2.mgvpublications.com\/produkt\/babaya-mektup\/"},"modified":"2022-04-17T13:35:13","modified_gmt":"2022-04-17T11:35:13","slug":"babaya-mektup","status":"publish","type":"product","link":"https:\/\/mgvpublications.com\/de\/babaya-mektup\/","title":{"rendered":"Babaya Mektup"},"content":{"rendered":"<p>\u00c7evirmen:\tRegaip Minareci<br \/>\nYay\u0131n Tarihi\t2019-04-04<br \/>\nOrjinal Ad\u0131\tBrief an den Vater<br \/>\nISBN\t6053328322<br \/>\nBask\u0131 Say\u0131s\u0131\t13. Bask\u0131<br \/>\nDil\tT\u00dcRK\u00c7E<br \/>\nSayfa Say\u0131s\u0131\t72<br \/>\nCilt Tipi\tKarton Kapak<br \/>\nKa\u011f\u0131t Cinsi\tKitap Ka\u011f\u0131d\u0131<br \/>\nBoyut\t12.5 x 20.5 cm<\/p>","protected":false},"excerpt":{"rendered":"<p>Kafka\u2019n\u0131n babas\u0131 Hermann Kafka\u2019ya Kas\u0131m 1919\u2019da yazd\u0131\u011f\u0131 bu mektup, al\u0131c\u0131s\u0131na hi\u00e7bir zaman ula\u015fmad\u0131. Yazar\u0131n yap\u0131tlar\u0131na ve esin dolu d\u00fcnyas\u0131na ad\u0131m atmak i\u00e7in m\u00fckemmel bir giri\u015f metni olan mektup, ayn\u0131 zamanda 20. y\u00fczy\u0131l edebiyat tarihinin b\u00fcy\u00fck itiraflar\u0131ndan biri say\u0131labilir.<br \/>\nKafka, su\u00e7lay\u0131c\u0131 bir tonla hafif bir ironinin birbirine kar\u0131\u015ft\u0131\u011f\u0131 mektubunda, babas\u0131 taraf\u0131ndan kabul g\u00f6rme talebini dillendirir. Asl\u0131nda babas\u0131yla aras\u0131ndaki yabanc\u0131la\u015fma ve ileti\u015fimsizli\u011fi, yap\u0131tlar\u0131n\u0131n \u00e7o\u011funda kendine mesele edindi\u011fi daha geni\u015f kapsaml\u0131 varolu\u015fsal bir a\u00e7maz\u0131n par\u00e7as\u0131 olarak g\u00f6r\u00fcyordu. Yazar evlili\u011fe ve yeti\u015fkin bir erkek olmaya haz\u0131rlanan Georg Bendemann adl\u0131 karakterinin babas\u0131 taraf\u0131ndan \u00f6l\u00fcme mahk\u00fbm edildi\u011fi Yarg\u0131 adl\u0131 \u00f6yk\u00fcs\u00fcnde oldu\u011fu gibi, evlenememesinden ve yeti\u015fkin olamamas\u0131ndan babas\u0131n\u0131 sorumlu tutuyordu.<br \/>\nBa\u015far\u0131l\u0131 bir i\u015fadam\u0131 olan Hermann Kafka\u2019n\u0131n o\u011fluyla ili\u015fkisinde, i\u015flerini devam ettirecek tek erkek evlad\u0131na y\u00f6nelik geleneksel beklentisi belirleyici olmu\u015ftu. Bu, yeni olu\u015fmu\u015f ataerkil Yahudi orta s\u0131n\u0131f\u0131n\u0131n ya\u015fad\u0131\u011f\u0131 tipik baba-o\u011ful \u00e7at\u0131\u015fmas\u0131n\u0131n yayg\u0131n bir \u00f6rne\u011fiydi asl\u0131nda.<\/p>","protected":false},"featured_media":10718,"template":"","meta":{"spay_email":""},"product_cat":[167,168],"product_tag":[],"item":[336],"acf":[],"_links":{"self":[{"href":"https:\/\/mgvpublications.com\/de\/wp-json\/wp\/v2\/product\/10717"}],"collection":[{"href":"https:\/\/mgvpublications.com\/de\/wp-json\/wp\/v2\/product"}],"about":[{"href":"https:\/\/mgvpublications.com\/de\/wp-json\/wp\/v2\/types\/product"}],"wp:featuredmedia":[{"embeddable":true,"href":"https:\/\/mgvpublications.com\/de\/wp-json\/wp\/v2\/media\/10718"}],"wp:attachment":[{"href":"https:\/\/mgvpublications.com\/de\/wp-json\/wp\/v2\/media?parent=10717"}],"wp:term":[{"taxonomy":"product_cat","embeddable":true,"href":"https:\/\/mgvpublications.com\/de\/wp-json\/wp\/v2\/product_cat?post=10717"},{"taxonomy":"product_tag","embeddable":true,"href":"https:\/\/mgvpublications.com\/de\/wp-json\/wp\/v2\/product_tag?post=10717"},{"taxonomy":"item","embeddable":true,"href":"https:\/\/mgvpublications.com\/de\/wp-json\/wp\/v2\/item?post=10717"}],"curies":[{"name":"wp","href":"https:\/\/api.w.org\/{rel}","templated":true}]}}