{"id":10709,"date":"2020-03-24T01:11:16","date_gmt":"2020-03-24T00:11:16","guid":{"rendered":"https:\/\/dev2.mgvpublications.com\/produkt\/aya-yolculuk\/"},"modified":"2022-03-08T22:33:03","modified_gmt":"2022-03-08T21:33:03","slug":"aya-yolculuk","status":"publish","type":"product","link":"https:\/\/mgvpublications.com\/de\/aya-yolculuk\/","title":{"rendered":"Ay&#8217;a Yolculuk"},"content":{"rendered":"<p>\u00c7evirmen:\tBertan Onaran<br \/>\nYay\u0131n Tarihi\t2019-11-02<br \/>\nISBN\t6053327127<br \/>\nBask\u0131 Say\u0131s\u0131\t12. Bask\u0131<br \/>\nDil\tT\u00dcRK\u00c7E<br \/>\nSayfa Say\u0131s\u0131\t224<br \/>\nCilt Tipi\tKarton Kapak<br \/>\nKa\u011f\u0131t Cinsi\tKitap Ka\u011f\u0131d\u0131<br \/>\nBoyut\t12.5 x 20.5 cm<\/p>","protected":false},"excerpt":{"rendered":"<p>Durmak bilmeyen bir tempoyla ve ak\u0131l almaz bir hayal g\u00fcc\u00fcyle yaz\u0131lm\u0131\u015f Ay\u2019a Yolculuk bilim kurgunun temel eserlerinden biridir. Macera, 1865\u2019te Amerikan \u0130\u00e7 Sava\u015f\u0131\u2019ndan yeni \u00e7\u0131km\u0131\u015f bir grup top\u00e7unun, kul\u00fcplerinde yapacak i\u015f bulamay\u0131p ba\u015fkanlar\u0131 Bay Barbicane\u2019in \u00f6nderli\u011finde Ay\u2019a kadar gidebilecek bir mermi yapmaya karar vermesiyle ba\u015flar. Haber k\u0131sa s\u00fcrede d\u00fcnyan\u0131n d\u00f6rt bir yan\u0131na yay\u0131l\u0131r. Merminin i\u00e7inde Ay\u2019a gitmek isteyen bir g\u00f6n\u00fcll\u00fc de i\u015fe kar\u0131\u015f\u0131nca, proje bir anda \u00e7ok b\u00fcy\u00fck bir olaya d\u00f6n\u00fc\u015f\u00fcr.<\/p>\n<p>Astronotlar\u0131n Ay\u2019a ula\u015fmas\u0131ndan yakla\u015f\u0131k y\u00fcz elli y\u0131l \u00f6nce kaleme al\u0131nm\u0131\u015f bu \u00e7arp\u0131c\u0131 roman, Jules Verne\u2019in bilimsel ve edebi dehas\u0131n\u0131n en g\u00fczel \u00f6rneklerinden biridir. Tabii ki g\u00fcn\u00fcm\u00fczde romanda anlat\u0131lan bilimsel ger\u00e7eklerin baz\u0131lar\u0131 farkl\u0131, ama maceran\u0131n tad\u0131 ayn\u0131!<\/p>","protected":false},"featured_media":14315,"template":"","meta":{"spay_email":""},"product_cat":[167,168],"product_tag":[],"item":[336],"acf":[],"_links":{"self":[{"href":"https:\/\/mgvpublications.com\/de\/wp-json\/wp\/v2\/product\/10709"}],"collection":[{"href":"https:\/\/mgvpublications.com\/de\/wp-json\/wp\/v2\/product"}],"about":[{"href":"https:\/\/mgvpublications.com\/de\/wp-json\/wp\/v2\/types\/product"}],"wp:featuredmedia":[{"embeddable":true,"href":"https:\/\/mgvpublications.com\/de\/wp-json\/wp\/v2\/media\/14315"}],"wp:attachment":[{"href":"https:\/\/mgvpublications.com\/de\/wp-json\/wp\/v2\/media?parent=10709"}],"wp:term":[{"taxonomy":"product_cat","embeddable":true,"href":"https:\/\/mgvpublications.com\/de\/wp-json\/wp\/v2\/product_cat?post=10709"},{"taxonomy":"product_tag","embeddable":true,"href":"https:\/\/mgvpublications.com\/de\/wp-json\/wp\/v2\/product_tag?post=10709"},{"taxonomy":"item","embeddable":true,"href":"https:\/\/mgvpublications.com\/de\/wp-json\/wp\/v2\/item?post=10709"}],"curies":[{"name":"wp","href":"https:\/\/api.w.org\/{rel}","templated":true}]}}