{"id":10700,"date":"2020-12-02T15:43:03","date_gmt":"2020-12-02T14:43:03","guid":{"rendered":"https:\/\/dev2.mgvpublications.com\/produkt\/kirmizi-cizgi\/"},"modified":"2022-03-08T22:33:02","modified_gmt":"2022-03-08T21:33:02","slug":"kirmizi-cizgi","status":"publish","type":"product","link":"https:\/\/mgvpublications.com\/de\/kirmizi-cizgi\/","title":{"rendered":"K\u0131rm\u0131z\u0131 \u00c7izgi"},"content":{"rendered":"<p>\u00c7evirmen: Ebru Akka\u015f<br \/>Yay\u0131n Tarihi: 01.04.2020<br \/>ISBN: 9786053497721<br \/>Dil: T\u00dcRK\u00c7E<br \/>Sayfa Say\u0131s\u0131: 24<br \/>Cilt Tipi: Karton Kapak<br \/>Ka\u011f\u0131t Cinsi: Kitap Ka\u011f\u0131d\u0131<br \/>Boyut: 21 x 24 cm<br \/>\u00c7izer: Myra El Myr<br \/>Di\u011fer \u00d6zellik: 5  Ya\u015f<\/p>","protected":false},"excerpt":{"rendered":"<p>\u00c7ocuklar\u0131 ihmal ve istismardan koruman\u0131n yolu onlar\u0131 g\u00fc\u00e7lendirmektir. K\u0131rm\u0131z\u0131 \u00c7izgi kitab\u0131, bir kurgu i\u00e7erisinde, \u00e7ocuk d\u00fcnyas\u0131na uygun bir anlat\u0131mla \u00fcrk\u00fctmeden, \u00e7ocuklara kendilerini koruyabilme bilincini vermeye \u00e7al\u0131\u015f\u0131yor. Emir, k\u0131rm\u0131z\u0131 \u00e7izgilerin izinsiz yakla\u015f\u0131lmayan alanlar oldu\u011funu, sadece evimizin, \u00fclkemizin de\u011fil; v\u00fccudumuzun da k\u0131rm\u0131z\u0131 \u00e7izgimiz oldu\u011funu \u00f6\u011freniyor.<\/p>","protected":false},"featured_media":22504,"template":"","meta":{"spay_email":""},"product_cat":[172],"product_tag":[],"item":[920],"acf":[],"_links":{"self":[{"href":"https:\/\/mgvpublications.com\/de\/wp-json\/wp\/v2\/product\/10700"}],"collection":[{"href":"https:\/\/mgvpublications.com\/de\/wp-json\/wp\/v2\/product"}],"about":[{"href":"https:\/\/mgvpublications.com\/de\/wp-json\/wp\/v2\/types\/product"}],"wp:featuredmedia":[{"embeddable":true,"href":"https:\/\/mgvpublications.com\/de\/wp-json\/wp\/v2\/media\/22504"}],"wp:attachment":[{"href":"https:\/\/mgvpublications.com\/de\/wp-json\/wp\/v2\/media?parent=10700"}],"wp:term":[{"taxonomy":"product_cat","embeddable":true,"href":"https:\/\/mgvpublications.com\/de\/wp-json\/wp\/v2\/product_cat?post=10700"},{"taxonomy":"product_tag","embeddable":true,"href":"https:\/\/mgvpublications.com\/de\/wp-json\/wp\/v2\/product_tag?post=10700"},{"taxonomy":"item","embeddable":true,"href":"https:\/\/mgvpublications.com\/de\/wp-json\/wp\/v2\/item?post=10700"}],"curies":[{"name":"wp","href":"https:\/\/api.w.org\/{rel}","templated":true}]}}