{"id":10694,"date":"2020-03-24T00:58:41","date_gmt":"2020-03-23T23:58:41","guid":{"rendered":"https:\/\/dev2.mgvpublications.com\/produkt\/uec-kedi-bir-canavar\/"},"modified":"2022-05-13T15:22:01","modified_gmt":"2022-05-13T13:22:01","slug":"uec-kedi-bir-canavar","status":"publish","type":"product","link":"https:\/\/mgvpublications.com\/de\/uec-kedi-bir-canavar\/","title":{"rendered":"\u00dc\u00e7 Kedi Bir Canavar"},"content":{"rendered":"<p>\u00c7izer:\tAy\u015fe \u0130nan Alican<br \/>\nYay\u0131n Tarihi\t2019-05-17<br \/>\nISBN\t9750831942<br \/>\nBask\u0131 Say\u0131s\u0131\t14. Bask\u0131<br \/>\nDil\tT\u00dcRK\u00c7E<br \/>\nSayfa Say\u0131s\u0131\t36<br \/>\nCilt Tipi\tKarton Kapak<br \/>\nKa\u011f\u0131t Cinsi\tKitap Ka\u011f\u0131d\u0131<br \/>\nBoyut\t20.5 x 28 cm<\/p>","protected":false},"excerpt":{"rendered":"<p>Ayyy! Canavar m\u0131 geliyor?<br \/>\n\u00dc\u00e7 Kedi Bir Dilek kitab\u0131n\u0131n kahramanlar\u0131 Piti, Pati ve Pus\u2019un maceralar\u0131 devam ediyor. Sara \u015eahinkanat ve Ay\u015fe \u0130nan Alican \u00dc\u00e7 Kedi Bir Canavar kitab\u0131yla, yine \u00e7ok sevece\u011fimiz bir hediye veriyorlar bize&#8230;<\/p>\n<p>TADIMLIK<br \/>\nO anda bo\u015funa de\u011fil Piti\u2019nin s\u0131\u00e7ramas\u0131&#8230;<br \/>\nY\u00fcz\u00fcne \u00e7arpan, r\u00fczg\u00e2rla savrulan bir k\u00e2\u011f\u0131t par\u00e7as\u0131!<br \/>\nPus al\u0131yor k\u00e2\u011f\u0131d\u0131, okuyor yaz\u0131lan\u0131:<br \/>\n\u201cDikkat! Canavara yakla\u015fmay\u0131n, bu aralar \u00e7ok sinirli!\u201d<br \/>\nPus f\u0131s\u0131ld\u0131yor: \u201cBu bir \u015faka olmal\u0131.<br \/>\nCanavar diye bir \u015fey yoktur\u2026<br \/>\nHerkes akl\u0131n\u0131 kullanmal\u0131.\u201d<\/p>","protected":false},"featured_media":14310,"template":"","meta":{"spay_email":""},"product_cat":[172],"product_tag":[],"item":[448],"acf":[],"_links":{"self":[{"href":"https:\/\/mgvpublications.com\/de\/wp-json\/wp\/v2\/product\/10694"}],"collection":[{"href":"https:\/\/mgvpublications.com\/de\/wp-json\/wp\/v2\/product"}],"about":[{"href":"https:\/\/mgvpublications.com\/de\/wp-json\/wp\/v2\/types\/product"}],"wp:featuredmedia":[{"embeddable":true,"href":"https:\/\/mgvpublications.com\/de\/wp-json\/wp\/v2\/media\/14310"}],"wp:attachment":[{"href":"https:\/\/mgvpublications.com\/de\/wp-json\/wp\/v2\/media?parent=10694"}],"wp:term":[{"taxonomy":"product_cat","embeddable":true,"href":"https:\/\/mgvpublications.com\/de\/wp-json\/wp\/v2\/product_cat?post=10694"},{"taxonomy":"product_tag","embeddable":true,"href":"https:\/\/mgvpublications.com\/de\/wp-json\/wp\/v2\/product_tag?post=10694"},{"taxonomy":"item","embeddable":true,"href":"https:\/\/mgvpublications.com\/de\/wp-json\/wp\/v2\/item?post=10694"}],"curies":[{"name":"wp","href":"https:\/\/api.w.org\/{rel}","templated":true}]}}