{"id":10679,"date":"2020-03-23T14:51:46","date_gmt":"2020-03-23T13:51:46","guid":{"rendered":"https:\/\/dev2.mgvpublications.com\/produkt\/bir-beyin-cerrahinin-anilari\/"},"modified":"2022-03-08T22:33:01","modified_gmt":"2022-03-08T21:33:01","slug":"bir-beyin-cerrahinin-anilari","status":"publish","type":"product","link":"https:\/\/mgvpublications.com\/de\/bir-beyin-cerrahinin-anilari\/","title":{"rendered":"Bir Beyin Cerrah\u0131n\u0131n An\u0131lar\u0131"},"content":{"rendered":"<p>Yay\u0131n Tarihi\t2018-04-01<br \/>\nISBN\t9752429253<br \/>\nBask\u0131 Say\u0131s\u0131\t2. Bask\u0131<br \/>\nDil\tT\u00dcRK\u00c7E<br \/>\nSayfa Say\u0131s\u0131\t382<br \/>\nCilt Tipi\tKarton Kapak<br \/>\nKa\u011f\u0131t Cinsi\tKitap Ka\u011f\u0131d\u0131<br \/>\nBoyut\t14 x 21 cm<\/p>","protected":false},"excerpt":{"rendered":"<p>Prof. Dr. Mahmut Gazi Ya\u015fargil<br \/>\n\u2026Dr. Ayd\u0131n\u2019\u0131, gerek deneysel ve gerekse Klinik N\u00f6ro\u015firurjide, \u00e7ok \u00e7al\u0131\u015fkan, ilgili, gayretli, becerikli ve takdir etti\u011fim, ba\u015far\u0131l\u0131 ve \u00e7ok vefak\u00e2r bir Cerrah olarak bilirim&#8230;<br \/>\nEdebiyat, Mus\u0131k\u00ee ve Sanat alanlar\u0131ndaki muvaffakiyetinin, ismini ta\u015f\u0131d\u0131\u011f\u0131 dedesinin genlerinden ald\u0131\u011f\u0131 \u00e2\u015fik\u00e2rd\u0131r&#8230;<br \/>\nProf. Dr. Raymond Sawaya, MD<br \/>\n\u2026N\u00f6ro\u015firurjideki ba\u015far\u0131lar\u0131na, harikulade kariyerine, liderli\u011fine, Bilim Adaml\u0131\u011f\u0131na ve sanatsal ki\u015fili\u011fine hayran oldu\u011fum arkada\u015f\u0131m ve karde\u015fim \u0130smail Hakk\u0131\u2019n\u0131n takdire \u015f\u00e2y\u00e2n, ola\u011fan\u00fcst\u00fc ba\u015far\u0131l\u0131 hayat hik\u00e2yesi, gen\u00e7 nesillere ve d\u00fcnyaya \u0131\u015f\u0131k tutacakt\u0131r&#8230;<\/p>\n<p>Prof. Dr. Issam A. Awad, MD, MSc, FACS<br \/>\n\u2026\u0130smail Hakk\u0131 Ayd\u0131n, N\u00f6ro\u015fir\u00fcrji sahas\u0131nda yay\u0131nlam\u0131\u015f oldu\u011fu m\u00fckemmel klinik ve temel ara\u015ft\u0131rmalar\u0131 ile D\u00fcnya Bilimine akademik katk\u0131lar\u0131 olan, g\u00fc\u00e7l\u00fc bir Uluslararas\u0131 liderdir.<\/p>\n<p>Prof. Dr. Richard G. Perrin, MD, MSc, FRCS, FACS<br \/>\n\u2026Prof. Ayd\u0131n, Congress of Neurological Surgeons\u2019un (CNS) bayra\u011f\u0131n\u0131 ileriye ta\u015f\u0131yan \u201cInternational Ambassador\u201d\u0131 (Uluslararas\u0131 B\u00fcy\u00fckel\u00e7isi)d\u0131r.<\/p>\n<p>Prof. Dr. Russell J. Andrews MD<br \/>\n\u2026Bilimsel potansiyeli ve Konferanslar\u0131 ile her \u00fclkede takdir edilen Profes\u00f6r Ayd\u0131n\u2019a, Congress of Neurologica Surgeons\u2019\u0131n (CNS) Uluslararas\u0131 Beyin Cerrahisindeki geli\u015fen ve b\u00fcy\u00fcyen rol\u00fcne katk\u0131 ve destekleri i\u00e7in, \u015fahs\u0131m, Ba\u015fkan ve Uluslararas\u0131 Konsey ad\u0131na, te\u015fekk\u00fcr ediyorum\u2026<\/p>\n<p>Prof. Dr. Tali Ural<br \/>\n\u0130smail Hakk\u0131 Ayd\u0131n; b\u00fcy\u00fck do\u011fdu, b\u00fcy\u00fck gidiyor ve gelece\u011fin G. Ya\u015fargil\u2019idir!<\/p>\n<p>Prof. Dr. Hamad Swideq<br \/>\n\u2026Prof. Dr. \u0130smail Hakk\u0131 Ayd\u0131n, T\u00fcrk \u015eairi ve D\u00fcnya Beyin Cerrahisinin Kutuplar\u0131ndan biridir.<\/p>\n<p>Prof. Dr. Mamdouh Fadel<br \/>\n&#8230;Prof. Dr. \u0130smail Hakk\u0131 Ayd\u0131n&#8217;\u0131n verdi\u011fi muhte\u015fem Konferans ve derslerini &#8220;N\u00f6ro\u015firurji Hayat\u0131m\u0131n Yeg\u00e2ne Rehberi&#8221; olarak muhafaza edece\u011fim.<\/p>","protected":false},"featured_media":10680,"template":"","meta":{"spay_email":""},"product_cat":[216],"product_tag":[],"item":[915],"acf":[],"_links":{"self":[{"href":"https:\/\/mgvpublications.com\/de\/wp-json\/wp\/v2\/product\/10679"}],"collection":[{"href":"https:\/\/mgvpublications.com\/de\/wp-json\/wp\/v2\/product"}],"about":[{"href":"https:\/\/mgvpublications.com\/de\/wp-json\/wp\/v2\/types\/product"}],"wp:featuredmedia":[{"embeddable":true,"href":"https:\/\/mgvpublications.com\/de\/wp-json\/wp\/v2\/media\/10680"}],"wp:attachment":[{"href":"https:\/\/mgvpublications.com\/de\/wp-json\/wp\/v2\/media?parent=10679"}],"wp:term":[{"taxonomy":"product_cat","embeddable":true,"href":"https:\/\/mgvpublications.com\/de\/wp-json\/wp\/v2\/product_cat?post=10679"},{"taxonomy":"product_tag","embeddable":true,"href":"https:\/\/mgvpublications.com\/de\/wp-json\/wp\/v2\/product_tag?post=10679"},{"taxonomy":"item","embeddable":true,"href":"https:\/\/mgvpublications.com\/de\/wp-json\/wp\/v2\/item?post=10679"}],"curies":[{"name":"wp","href":"https:\/\/api.w.org\/{rel}","templated":true}]}}