{"id":10677,"date":"2020-03-23T14:47:11","date_gmt":"2020-03-23T13:47:11","guid":{"rendered":"https:\/\/dev2.mgvpublications.com\/produkt\/beynin-sifresi\/"},"modified":"2022-12-11T10:11:15","modified_gmt":"2022-12-11T09:11:15","slug":"beynin-sifresi","status":"publish","type":"product","link":"https:\/\/mgvpublications.com\/de\/beynin-sifresi\/","title":{"rendered":"Beynin \u015eifresi"},"content":{"rendered":"<p>Yay\u0131n Tarihi 2016-11-25<br \/>\nISBN 6059725293<br \/>\nBask\u0131 Say\u0131s\u0131 2. Bask\u0131<br \/>\nDil T\u00dcRK\u00c7E<br \/>\nSayfa Say\u0131s\u0131 294<br \/>\nCilt Tipi Karton Kapak<br \/>\nKa\u011f\u0131t Cinsi Kitap Ka\u011f\u0131d\u0131<br \/>\nBoyut 13.5 x 21 cm<\/p>","protected":false},"excerpt":{"rendered":"<p>Bu kitapla beyninizin \u015fifresini ke\u015ffedeceksiniz<br \/>\n\u2022 Her \u015fey beynin yarat\u0131c\u0131 \u00fcss\u00fc Ar-Ge laboratuvar\u0131n\u0131 hissetmekle ba\u015flad\u0131.<br \/>\n\u2022 Yarat\u0131c\u0131 \u00fcs Ar-Ge laboratuvar\u0131n\u0131 hisseden beyin duydu\u011fu uyar\u0131lar sayesinde \u015fifrelerle ili\u015fki kurmaya ba\u015fl\u0131yor.<br \/>\n\u2022 Alg\u0131lad\u0131klar\u0131n\u0131 \u00f6n frontal lobda (beynin \u00f6n b\u00f6lgesi) de\u011ferlendirdikten sonra yarat\u0131c\u0131 \u00fcss\u00fc (Ar-Ge) ara\u015ft\u0131rma geli\u015ftirme laboratuvar\u0131na g\u00f6nderiyor.<br \/>\n\u2022 Ke\u015fif, icat, yenilik, bulu\u015f, yarat\u0131c\u0131l\u0131k gibi t\u00fcm i\u015flemler burada ba\u015fl\u0131yor.<br \/>\n\u2022 \u00c7ok y\u00f6nl\u00fc beceriye sahip beynin yarat\u0131c\u0131 \u00fcss\u00fc (Ar-Ge) ara\u015ft\u0131rma geli\u015ftirme laboratuvar\u0131 ke\u015fif icat bulu\u015f \u015fifrelerinin refleksiyle fark\u0131ndal\u0131k yaratacak projeler \u00fcretiyor, hedef sapt\u0131yor, plan yap\u0131yor ve uyguluyor.<br \/>\n\u2022 Beyin b\u00fct\u00fcn bunlar\u0131 ger\u00e7ekle\u015ftirmek i\u00e7in tek duyguya ihtiya\u00e7 duyuyor. Bu duygunun ad\u0131. Hissetmektir.<br \/>\nBeynin ke\u015ffi neler kazand\u0131r\u0131r<br \/>\n* Yarat\u0131c\u0131l\u0131k<br \/>\n* \u00d6zg\u00fcven<br \/>\n* Aura<br \/>\n* Empati<br \/>\n* Hayal g\u00fcc\u00fc<br \/>\n* Analitik d\u00fc\u015f\u00fcnce<br \/>\n* Kararl\u0131l\u0131k<br \/>\n* Hakimiyet<br \/>\n* Vizyon<br \/>\n* Karizma<\/p>","protected":false},"featured_media":10678,"template":"","meta":{"spay_email":""},"product_cat":[216],"product_tag":[],"item":[915],"acf":[],"_links":{"self":[{"href":"https:\/\/mgvpublications.com\/de\/wp-json\/wp\/v2\/product\/10677"}],"collection":[{"href":"https:\/\/mgvpublications.com\/de\/wp-json\/wp\/v2\/product"}],"about":[{"href":"https:\/\/mgvpublications.com\/de\/wp-json\/wp\/v2\/types\/product"}],"wp:featuredmedia":[{"embeddable":true,"href":"https:\/\/mgvpublications.com\/de\/wp-json\/wp\/v2\/media\/10678"}],"wp:attachment":[{"href":"https:\/\/mgvpublications.com\/de\/wp-json\/wp\/v2\/media?parent=10677"}],"wp:term":[{"taxonomy":"product_cat","embeddable":true,"href":"https:\/\/mgvpublications.com\/de\/wp-json\/wp\/v2\/product_cat?post=10677"},{"taxonomy":"product_tag","embeddable":true,"href":"https:\/\/mgvpublications.com\/de\/wp-json\/wp\/v2\/product_tag?post=10677"},{"taxonomy":"item","embeddable":true,"href":"https:\/\/mgvpublications.com\/de\/wp-json\/wp\/v2\/item?post=10677"}],"curies":[{"name":"wp","href":"https:\/\/api.w.org\/{rel}","templated":true}]}}