{"id":10675,"date":"2020-03-23T14:43:26","date_gmt":"2020-03-23T13:43:26","guid":{"rendered":"https:\/\/dev2.mgvpublications.com\/produkt\/beyin-firtinasi\/"},"modified":"2022-03-08T22:33:00","modified_gmt":"2022-03-08T21:33:00","slug":"beyin-firtinasi","status":"publish","type":"product","link":"https:\/\/mgvpublications.com\/de\/beyin-firtinasi\/","title":{"rendered":"Beyin F\u0131rt\u0131nas\u0131"},"content":{"rendered":"<p>Yay\u0131n Tarihi\t2018-04-01<br \/>\nISBN\t6059725699<br \/>\nBask\u0131 Say\u0131s\u0131\t2. Bask\u0131<br \/>\nDil\tT\u00dcRK\u00c7E<br \/>\nSayfa Say\u0131s\u0131\t280<br \/>\nCilt Tipi\tKarton Kapak<br \/>\nKa\u011f\u0131t Cinsi\tKitap Ka\u011f\u0131d\u0131<br \/>\nBoyut\t13.5 x 21 cm<\/p>","protected":false},"excerpt":{"rendered":"<p>Bilmek\u2026<br \/>\nS\u0131n\u0131rs\u0131z bir kelime. T\u0131pk\u0131 \u00f6\u011frenmek gibi.<br \/>\nNe kadar \u00f6\u011frenirsek \u00f6\u011frenelim, ne kadar bilirsek bilelim, hep bir \u015feylerin eksik kald\u0131\u011f\u0131n\u0131 hissederiz.<br \/>\nHayat\u0131n bizlere \u00f6\u011frettikleri, \u00f6\u011frendiklerimiz sadece bir iz s\u00fcrmek say\u0131labilir.<br \/>\nVe sonradan gelenler bu iz \u00fczerinde bitmeyen, bitmeyecek olan menzile do\u011fru y\u00fcr\u00fcrler.<br \/>\n\u0130\u015fte bu kitap yetkin bir akl\u0131n, tecr\u00fcbeyle yo\u011fruldu\u011fu anlara \u015fahitlik ediyor.<br \/>\nAyd\u0131n, ak\u0131c\u0131 bir \u00fcslupla\u2026<\/p>","protected":false},"featured_media":10676,"template":"","meta":{"spay_email":""},"product_cat":[216],"product_tag":[],"item":[915],"acf":[],"_links":{"self":[{"href":"https:\/\/mgvpublications.com\/de\/wp-json\/wp\/v2\/product\/10675"}],"collection":[{"href":"https:\/\/mgvpublications.com\/de\/wp-json\/wp\/v2\/product"}],"about":[{"href":"https:\/\/mgvpublications.com\/de\/wp-json\/wp\/v2\/types\/product"}],"wp:featuredmedia":[{"embeddable":true,"href":"https:\/\/mgvpublications.com\/de\/wp-json\/wp\/v2\/media\/10676"}],"wp:attachment":[{"href":"https:\/\/mgvpublications.com\/de\/wp-json\/wp\/v2\/media?parent=10675"}],"wp:term":[{"taxonomy":"product_cat","embeddable":true,"href":"https:\/\/mgvpublications.com\/de\/wp-json\/wp\/v2\/product_cat?post=10675"},{"taxonomy":"product_tag","embeddable":true,"href":"https:\/\/mgvpublications.com\/de\/wp-json\/wp\/v2\/product_tag?post=10675"},{"taxonomy":"item","embeddable":true,"href":"https:\/\/mgvpublications.com\/de\/wp-json\/wp\/v2\/item?post=10675"}],"curies":[{"name":"wp","href":"https:\/\/api.w.org\/{rel}","templated":true}]}}