{"id":10664,"date":"2020-03-23T03:16:10","date_gmt":"2020-03-23T02:16:10","guid":{"rendered":"https:\/\/dev2.mgvpublications.com\/produkt\/devlet-i-aliyye-iii-osmanli-imparatorlugu-uezerine-arastirmalarkoepruelueler-devri\/"},"modified":"2022-03-08T22:33:00","modified_gmt":"2022-03-08T21:33:00","slug":"devlet-i-aliyye-iii-osmanli-imparatorlugu-uezerine-arastirmalarkoepruelueler-devri","status":"publish","type":"product","link":"https:\/\/mgvpublications.com\/de\/devlet-i-aliyye-iii-osmanli-imparatorlugu-uezerine-arastirmalarkoepruelueler-devri\/","title":{"rendered":"Devlet-i Aliyye &#8211; III Osmanl\u0131 \u0130mparatorlu\u011fu \u00dczerine Ara\u015ft\u0131rmalar(K\u00f6pr\u00fcl\u00fcler Devri)"},"content":{"rendered":"<p>Yay\u0131n Tarihi 2019-01-03<br \/>\nISBN 6053326113<br \/>\nBask\u0131 Say\u0131s\u0131 7. Bask\u0131<br \/>\nDil T\u00dcRK\u00c7E<br \/>\nSayfa Say\u0131s\u0131 480<br \/>\nCilt Tipi Karton Kapak<br \/>\nKa\u011f\u0131t Cinsi Kitap Ka\u011f\u0131d\u0131<br \/>\nBoyut 15.5 x 23 cm<\/p>","protected":false},"excerpt":{"rendered":"<p>Devlet-i \u2018Aliyye\u2019nin birinci cildi Osmanl\u0131 Devleti\u2019nin bir beylikten Balkanlar ve Ortado\u011fu\u2019ya h\u00fckmeden g\u00fc\u00e7l\u00fc bir imparatorlu\u011fu d\u00f6n\u00fc\u015f\u00fcm\u00fcn\u00fc konu al\u0131r. \u0130kinci cilt ise padi\u015fah otoritesinin zay\u0131flad\u0131\u011f\u0131 ve yok oldu\u011fu 17. Y\u00fczy\u0131l\u0131n ilk yar\u0131s\u0131ndaki iktidar m\u00fccadelesini inceler ve K\u00f6pr\u00fcl\u00fc Mehmed Pa\u015fa\u2019n\u0131n mutlak bir otoriteyle veziriazaml\u0131\u011fa gelmesiyle sonlan\u0131r. Devlet-i \u2018Aliyye\u2019nin \u00fc\u00e7\u00fcnc\u00fc cildi, merkezi devlet otoritesinin yeniden kuruldu\u011fu K\u00f6pr\u00fcl\u00fcler d\u00f6nemini mercek alt\u0131na al\u0131yor. Bir yandan bu d\u00f6nemde ya\u015fanan m\u00e2li krizi Avrupa\u2019da ya\u015fanan Fiyat Devrimi ile ili\u015fkili olarak de\u011ferlendirirken, di\u011fer yandan da Orta-Avrupa\u2019da Habsburglarla s\u00fcren uzun iktidar m\u00fccadelesini ayr\u0131nt\u0131lar\u0131yla ele al\u0131yor. Bu b\u00fcy\u00fck meselenin yan\u0131 s\u0131ra Venedik\u2019le Akdeniz ve Ege\u2019de, Fransa\u2019yla Cezayir\u2019de s\u00fcren ihtilaflar\u0131 da inceliyor. Mali ve siyasi bunal\u0131ma kar\u015f\u0131 \u00e7\u00f6z\u00fcm aray\u0131\u015flar\u0131 ve bu \u00e7er\u00e7evede yaz\u0131lan \u0131slahat layihalar\u0131n\u0131 mercek alt\u0131na al\u0131yor.<br \/>\nBu cilt, hem Macaristan\u2019daki bir bu\u00e7uk y\u00fczy\u0131ll\u0131k Osmanl\u0131 h\u00e2kimiyetinin sonunu h\u0131zland\u0131ran, hem bu y\u00f6redeki en \u00f6nemli m\u00fcttefik olan K\u0131r\u0131m Hanl\u0131\u011f\u0131\u2019yla ili\u015fkilerin kaderini belirleyerek Rusya\u2019n\u0131n yeni bir g\u00fc\u00e7 olarak b\u00f6lgede ortaya \u00e7\u0131k\u0131\u015f\u0131n\u0131n ilk belirtilerinin g\u00f6r\u00fclmesine yol a\u00e7an \u0130kinci Viyana Seferi\u2019yle sonlan\u0131yor.<\/p>","protected":false},"featured_media":14308,"template":"","meta":{"spay_email":""},"product_cat":[170],"product_tag":[],"item":[336],"acf":[],"_links":{"self":[{"href":"https:\/\/mgvpublications.com\/de\/wp-json\/wp\/v2\/product\/10664"}],"collection":[{"href":"https:\/\/mgvpublications.com\/de\/wp-json\/wp\/v2\/product"}],"about":[{"href":"https:\/\/mgvpublications.com\/de\/wp-json\/wp\/v2\/types\/product"}],"wp:featuredmedia":[{"embeddable":true,"href":"https:\/\/mgvpublications.com\/de\/wp-json\/wp\/v2\/media\/14308"}],"wp:attachment":[{"href":"https:\/\/mgvpublications.com\/de\/wp-json\/wp\/v2\/media?parent=10664"}],"wp:term":[{"taxonomy":"product_cat","embeddable":true,"href":"https:\/\/mgvpublications.com\/de\/wp-json\/wp\/v2\/product_cat?post=10664"},{"taxonomy":"product_tag","embeddable":true,"href":"https:\/\/mgvpublications.com\/de\/wp-json\/wp\/v2\/product_tag?post=10664"},{"taxonomy":"item","embeddable":true,"href":"https:\/\/mgvpublications.com\/de\/wp-json\/wp\/v2\/item?post=10664"}],"curies":[{"name":"wp","href":"https:\/\/api.w.org\/{rel}","templated":true}]}}