{"id":10662,"date":"2020-03-23T03:13:38","date_gmt":"2020-03-23T02:13:38","guid":{"rendered":"https:\/\/dev2.mgvpublications.com\/produkt\/kelime-defteri\/"},"modified":"2022-03-13T07:02:10","modified_gmt":"2022-03-13T06:02:10","slug":"kelime-defteri","status":"publish","type":"product","link":"https:\/\/mgvpublications.com\/de\/kelime-defteri\/","title":{"rendered":"Kelime Defteri"},"content":{"rendered":"<p>Yay\u0131n Tarihi\t2019-10-31<br \/>\nISBN\t6050817805<br \/>\nBask\u0131 Say\u0131s\u0131\t2. Bask\u0131<br \/>\nDil\tT\u00dcRK\u00c7E<br \/>\nSayfa Say\u0131s\u0131\t256<br \/>\nCilt Tipi\tKarton Kapak<br \/>\nKa\u011f\u0131t Cinsi\tKitap Ka\u011f\u0131d\u0131<br \/>\nBoyut\t13.5 x 21 cm<\/p>","protected":false},"excerpt":{"rendered":"<p>Ben ilkokula gitti\u011fim y\u0131llarda \u00f6\u011fretmenimiz bize Kelime Defteri tuttururdu. Alfabetik fihrist formunda, ince uzun bir defterdi bu. T\u00fcrk\u00e7e dersi s\u0131ras\u0131nda kar\u015f\u0131la\u015ft\u0131\u011f\u0131m\u0131z yeni bir kelimeyi ve onun anlam\u0131n\u0131 g\u00fcnl\u00fck defterimize de\u011fil Kelime Defteri\u2019ne yazar, kar\u015f\u0131 tarafta c\u00fcmle i\u00e7inde kullan\u0131rd\u0131k. B\u00f6ylece kendimize ait s\u00f6zl\u00fc\u011f\u00fcm\u00fcz olu\u015furdu.<\/p>\n<p>\u015eimdi ben de kendi kelimelerimi merak ediyorum ve onlar\u0131 bir araya getirerek c\u00fcmle i\u00e7inde kullanmay\u0131 deniyorum. Bir t\u00fcr Kelime Defteri \u00e7\u0131karmak istiyorum k\u0131sacas\u0131. Bir de merak ediyorum, acaba fark etmedi\u011fim kelimelerim de var m\u0131d\u0131r benim? Yoksa hepsinin fark\u0131nda m\u0131y\u0131md\u0131r?<\/p>\n<p>\u0130\u015fte benim Kelime Defteri\u2019m&#8230;<\/p>\n<p>\u2026<\/p>\n<p>A\u015fk: Ezelden beri a\u015fk oldu\u011fu i\u00e7in kelimelerin en ba\u015f\u0131na yaz\u0131ld\u0131.<\/p>\n<p>\u0130nsaniyet: Her t\u00fcrl\u00fc davan\u0131n \u00fcst\u00fcnde.<\/p>\n<p>Tabiat: Yar\u0131 \u00f6l\u00fc d\u00fc\u015ft\u00fc\u011f\u00fcm bah\u00e7ede yabani bir l\u00e2vanta \u00e7i\u00e7e\u011fini sa\u00e7lar\u0131m\u0131n aras\u0131na takma arzusunu duydu\u011fumda, beni ta\u015f\u0131d\u0131\u011f\u0131m can hat\u0131r\u0131na onaracak olan\u0131 da tan\u0131d\u0131m.<\/p>\n<p>Nergis: G\u00fcl devrim, l\u00e2le devrim ge\u00e7ti. \u015eimdi nergis devrimdeyim.<\/p>\n<p>Karadeniz: Karadeniz\u2019in ayr\u0131 bir kimli\u011fi var. O y\u00fczden Kelime Defteri\u2019nde Deniz\u2019e ra\u011fmen Karadeniz var. \u0130\u00e7inde F\u0131rt\u0131na.<\/p>\n<p>\u00c7ay: \u00c7ay\u0131 yaratan Allah\u2019a hamd olsun. Ya yaratmam\u0131\u015f olsayd\u0131!<\/p>\n<p>Yaz\u0131: Hayat\u0131m\u0131n merkezinde duran \u015fey yaz\u0131d\u0131r, yazarl\u0131k de\u011fil.<\/p>\n<p>Defter: Bitti. Oysa benim daha \u00e7ok kelimem kald\u0131. Su gibi. Ate\u015f gibi.<\/p>","protected":false},"featured_media":14307,"template":"","meta":{"spay_email":""},"product_cat":[168,232],"product_tag":[],"item":[360],"acf":[],"_links":{"self":[{"href":"https:\/\/mgvpublications.com\/de\/wp-json\/wp\/v2\/product\/10662"}],"collection":[{"href":"https:\/\/mgvpublications.com\/de\/wp-json\/wp\/v2\/product"}],"about":[{"href":"https:\/\/mgvpublications.com\/de\/wp-json\/wp\/v2\/types\/product"}],"wp:featuredmedia":[{"embeddable":true,"href":"https:\/\/mgvpublications.com\/de\/wp-json\/wp\/v2\/media\/14307"}],"wp:attachment":[{"href":"https:\/\/mgvpublications.com\/de\/wp-json\/wp\/v2\/media?parent=10662"}],"wp:term":[{"taxonomy":"product_cat","embeddable":true,"href":"https:\/\/mgvpublications.com\/de\/wp-json\/wp\/v2\/product_cat?post=10662"},{"taxonomy":"product_tag","embeddable":true,"href":"https:\/\/mgvpublications.com\/de\/wp-json\/wp\/v2\/product_tag?post=10662"},{"taxonomy":"item","embeddable":true,"href":"https:\/\/mgvpublications.com\/de\/wp-json\/wp\/v2\/item?post=10662"}],"curies":[{"name":"wp","href":"https:\/\/api.w.org\/{rel}","templated":true}]}}