{"id":10658,"date":"2020-03-23T03:10:35","date_gmt":"2020-03-23T02:10:35","guid":{"rendered":"https:\/\/dev2.mgvpublications.com\/produkt\/ya-nasip\/"},"modified":"2022-04-05T12:28:28","modified_gmt":"2022-04-05T10:28:28","slug":"ya-nasip","status":"publish","type":"product","link":"https:\/\/mgvpublications.com\/de\/ya-nasip\/","title":{"rendered":"Ya Nasip"},"content":{"rendered":"<p>Yay\u0131n Tarihi\t2019-04-30<br \/>\nISBN\t6052690628<br \/>\nBask\u0131 Say\u0131s\u0131\t1. Bask\u0131<br \/>\nDil\tT\u00dcRK\u00c7E<br \/>\nSayfa Say\u0131s\u0131\t256<br \/>\nCilt Tipi\tKarton Kapak<br \/>\nKa\u011f\u0131t Cinsi\tKitap Ka\u011f\u0131d\u0131<br \/>\nBoyut\t13.5 x 19.5 cm<\/p>","protected":false},"excerpt":{"rendered":"<p>Ne g\u00fczel duad\u0131r:<br \/>\n\u201cEn hay\u0131rl\u0131 insanlara \u00e7\u0131ks\u0131n<br \/>\nGitti\u011fin b\u00fct\u00fcn yollar!\u201d<br \/>\nSabret!<br \/>\nAllah geciktiriyorsa<br \/>\nG\u00fczelle\u015ftiriyordur\u2026<br \/>\n\u00c7ekti\u011fin zahmet g\u00fcn gelir<br \/>\nRahmete d\u00f6n\u00fc\u015f\u00fcr.<br \/>\nSabret!<br \/>\nD\u00fcnya hesap de\u011fil, nasip yeri.<br \/>\nNasipte ne varsa o gelir \u00f6n\u00fcne.<br \/>\nBak ayet ne diyor:<br \/>\n\u201c\u015e\u00fcphesiz, Rabb\u2019in sana verecek ve sen de ho\u015fnut olacaks\u0131n.\u201d (Duh\u00e2, 5)<\/p>","protected":false},"featured_media":10659,"template":"","meta":{"spay_email":""},"product_cat":[166,168],"product_tag":[],"item":[379],"acf":[],"_links":{"self":[{"href":"https:\/\/mgvpublications.com\/de\/wp-json\/wp\/v2\/product\/10658"}],"collection":[{"href":"https:\/\/mgvpublications.com\/de\/wp-json\/wp\/v2\/product"}],"about":[{"href":"https:\/\/mgvpublications.com\/de\/wp-json\/wp\/v2\/types\/product"}],"wp:featuredmedia":[{"embeddable":true,"href":"https:\/\/mgvpublications.com\/de\/wp-json\/wp\/v2\/media\/10659"}],"wp:attachment":[{"href":"https:\/\/mgvpublications.com\/de\/wp-json\/wp\/v2\/media?parent=10658"}],"wp:term":[{"taxonomy":"product_cat","embeddable":true,"href":"https:\/\/mgvpublications.com\/de\/wp-json\/wp\/v2\/product_cat?post=10658"},{"taxonomy":"product_tag","embeddable":true,"href":"https:\/\/mgvpublications.com\/de\/wp-json\/wp\/v2\/product_tag?post=10658"},{"taxonomy":"item","embeddable":true,"href":"https:\/\/mgvpublications.com\/de\/wp-json\/wp\/v2\/item?post=10658"}],"curies":[{"name":"wp","href":"https:\/\/api.w.org\/{rel}","templated":true}]}}