{"id":10656,"date":"2020-12-02T15:42:59","date_gmt":"2020-12-02T14:42:59","guid":{"rendered":"https:\/\/dev2.mgvpublications.com\/produkt\/seni-anliyorum-anne\/"},"modified":"2022-05-01T20:55:47","modified_gmt":"2022-05-01T18:55:47","slug":"seni-anliyorum-anne","status":"publish","type":"product","link":"https:\/\/mgvpublications.com\/de\/seni-anliyorum-anne\/","title":{"rendered":"Seni Anl\u0131yorum Anne"},"content":{"rendered":"<p>Yay\u0131n Tarihi: 04.03.2019<br \/>ISBN: 9786052690567<br \/>Dil: T\u00dcRK\u00c7E<br \/>Sayfa Say\u0131s\u0131: 256<br \/>Cilt Tipi: Karton Kapak<br \/>Ka\u011f\u0131t Cinsi: Kitap Ka\u011f\u0131d\u0131<br \/>Boyut: 13.5 x 21 cm<\/p>","protected":false},"excerpt":{"rendered":"<p>Annelik duygusu hamile oldu\u011funu \u00f6\u011frendi\u011fin g\u00fcn ba\u015flar ve daha kuca\u011f\u0131na bile almad\u0131\u011f\u0131n yavrun i\u00e7in endi\u015felenirsin. Hamile iken bir sorunla kar\u015f\u0131la\u015f\u0131r m\u0131y\u0131m? Sa\u011fl\u0131kl\u0131 do\u011fabilecek mi? \u00c7ocu\u011fumuza iyi bir aile olabilecek miyiz? Ve o mutlu g\u00fcn! \u00c7ocu\u011funu kuca\u011f\u0131na al\u0131rs\u0131n. Y\u00fcre\u011fini farkl\u0131 ve yepyeni duygular sarar. Anne olman\u0131n verdi\u011fi heyecan ve mutlulukla evlad\u0131n\u0131 sarar sarmalars\u0131n. Bir g\u00fcn o yavru b\u00fcy\u00fcr; y\u00fcr\u00fcmeye, konu\u015fmaya, merak etmeye, ke\u015ffetmeye, sorgulamaya, inatla\u015fmaya, dinlememeye, da\u011f\u0131tmaya, bozmaya ve yeni huylar edinmeye ba\u015flar. Kendini bazen \u00e7aresiz bazen de sabr\u0131 t\u00fckenmi\u015f, ne yapaca\u011f\u0131n\u0131 bilemez hissedebilirsin. Bu kitap \u00e7ocu\u011funuzun neyi neden yapt\u0131\u011f\u0131n\u0131 anlamaya, sizin nas\u0131l \u00e7\u00f6z\u00fcmler bulaca\u011f\u0131n\u0131za ve en \u00f6nemlisi sabr\u0131n\u0131z\u0131 nas\u0131l muhafaza edece\u011finize yard\u0131mc\u0131 olacakt\u0131r. Bir anne olarak b\u00fct\u00fcn annelere, \u201cSeni anl\u0131yorum anne.\u201d diyorum. Kendi \u00e7ocuklu\u011fumuzdan ve \u00e7ocuklar\u0131m\u0131zdan kazand\u0131\u011f\u0131m deneyimleri, ya\u015fanm\u0131\u015f \u00f6rnek olaylar ile y\u00fcre\u011finizde yeni bir ufuk a\u00e7abilmek ad\u0131na sizlerle payla\u015f\u0131yorum. Hep sevgi, sab\u0131r ve anlay\u0131\u015fla kalal\u0131m\u2026<\/p>","protected":false},"featured_media":20784,"template":"","meta":{"spay_email":""},"product_cat":[171],"product_tag":[],"item":[379],"acf":[],"_links":{"self":[{"href":"https:\/\/mgvpublications.com\/de\/wp-json\/wp\/v2\/product\/10656"}],"collection":[{"href":"https:\/\/mgvpublications.com\/de\/wp-json\/wp\/v2\/product"}],"about":[{"href":"https:\/\/mgvpublications.com\/de\/wp-json\/wp\/v2\/types\/product"}],"wp:featuredmedia":[{"embeddable":true,"href":"https:\/\/mgvpublications.com\/de\/wp-json\/wp\/v2\/media\/20784"}],"wp:attachment":[{"href":"https:\/\/mgvpublications.com\/de\/wp-json\/wp\/v2\/media?parent=10656"}],"wp:term":[{"taxonomy":"product_cat","embeddable":true,"href":"https:\/\/mgvpublications.com\/de\/wp-json\/wp\/v2\/product_cat?post=10656"},{"taxonomy":"product_tag","embeddable":true,"href":"https:\/\/mgvpublications.com\/de\/wp-json\/wp\/v2\/product_tag?post=10656"},{"taxonomy":"item","embeddable":true,"href":"https:\/\/mgvpublications.com\/de\/wp-json\/wp\/v2\/item?post=10656"}],"curies":[{"name":"wp","href":"https:\/\/api.w.org\/{rel}","templated":true}]}}