{"id":10654,"date":"2020-03-23T03:02:19","date_gmt":"2020-03-23T02:02:19","guid":{"rendered":"https:\/\/dev2.mgvpublications.com\/produkt\/suereya-gibi\/"},"modified":"2022-03-08T22:32:58","modified_gmt":"2022-03-08T21:32:58","slug":"suereya-gibi","status":"publish","type":"product","link":"https:\/\/mgvpublications.com\/de\/suereya-gibi\/","title":{"rendered":"S\u00fcreya Gibi"},"content":{"rendered":"<p>Yay\u0131n Tarihi 2019-10-08<br \/>\nISBN 6052050347<br \/>\nBask\u0131 Say\u0131s\u0131 2. Bask\u0131<br \/>\nDil T\u00dcRK\u00c7E<br \/>\nSayfa Say\u0131s\u0131 208<br \/>\nCilt Tipi Karton Kapak<br \/>\nKa\u011f\u0131t Cinsi Kitap Ka\u011f\u0131d\u0131<br \/>\nBoyut 13.5 x 21 cm<\/p>","protected":false},"excerpt":{"rendered":"<p>Siz bu yaz\u0131y\u0131 okurken benden \u00e7ok uzaklarda olacaks\u0131n\u0131z.<br \/>\nEn az S\u00fcreya kadar\u2026<\/p>\n<p>Yollar\u0131m\u0131z elbette kesi\u015fecek.<br \/>\nBakars\u0131n\u0131z bu bir kitap olur, bir \u015fark\u0131 olur.<br \/>\nBelki de elinizde tutuyorsunuzdur bu sebepleri, hem de \u015fu an.<br \/>\nBu k\u0131v\u0131lc\u0131mlar \u00e7\u0131km\u0131yor bo\u015f yere,<br \/>\nBo\u015f yere yanm\u0131yoruz,<br \/>\nSevinin!<br \/>\nHayat\u0131n\u0131z\u0131n y\u00fczde ka\u00e7\u0131n\u0131 kapl\u0131yor bu mutluluk denen kavram?<br \/>\nHayat\u0131n\u0131z\u0131n y\u00fczde ka\u00e7\u0131 mutluluk?<br \/>\nUmutlan\u0131n.<br \/>\nEn az S\u00fcreya kadar&#8230;<\/p>\n<p>Bu yad eller d\u00fcnyas\u0131nda elbet bulu\u015faca\u011f\u0131z.<br \/>\nEl ele tutu\u015faca\u011f\u0131z bir meydanda,<br \/>\nHayk\u0131raca\u011f\u0131z g\u00f6ky\u00fcz\u00fcne bakarak<br \/>\nSeni en \u00e7ok biz hak ettik!<br \/>\nBiliyorum, bizden \u00e7ok var.<\/p>\n<p>Ben bu kitab\u0131 yazarken sizden \u00e7ok uzaklarday\u0131m.<br \/>\nAma kesi\u015fecek elbet yollar\u0131m\u0131z.<\/p>\n<p>En az S\u00fcreya kadar,<br \/>\nEn az\u0131ndan S\u00fcreya gibi\u2026<\/p>","protected":false},"featured_media":10655,"template":"","meta":{"spay_email":""},"product_cat":[168],"product_tag":[],"item":[912],"acf":[],"_links":{"self":[{"href":"https:\/\/mgvpublications.com\/de\/wp-json\/wp\/v2\/product\/10654"}],"collection":[{"href":"https:\/\/mgvpublications.com\/de\/wp-json\/wp\/v2\/product"}],"about":[{"href":"https:\/\/mgvpublications.com\/de\/wp-json\/wp\/v2\/types\/product"}],"wp:featuredmedia":[{"embeddable":true,"href":"https:\/\/mgvpublications.com\/de\/wp-json\/wp\/v2\/media\/10655"}],"wp:attachment":[{"href":"https:\/\/mgvpublications.com\/de\/wp-json\/wp\/v2\/media?parent=10654"}],"wp:term":[{"taxonomy":"product_cat","embeddable":true,"href":"https:\/\/mgvpublications.com\/de\/wp-json\/wp\/v2\/product_cat?post=10654"},{"taxonomy":"product_tag","embeddable":true,"href":"https:\/\/mgvpublications.com\/de\/wp-json\/wp\/v2\/product_tag?post=10654"},{"taxonomy":"item","embeddable":true,"href":"https:\/\/mgvpublications.com\/de\/wp-json\/wp\/v2\/item?post=10654"}],"curies":[{"name":"wp","href":"https:\/\/api.w.org\/{rel}","templated":true}]}}