{"id":10645,"date":"2020-03-23T02:49:55","date_gmt":"2020-03-23T01:49:55","guid":{"rendered":"https:\/\/dev2.mgvpublications.com\/produkt\/dede-korkut-destanlari\/"},"modified":"2022-03-08T22:32:57","modified_gmt":"2022-03-08T21:32:57","slug":"dede-korkut-destanlari","status":"publish","type":"product","link":"https:\/\/mgvpublications.com\/de\/dede-korkut-destanlari\/","title":{"rendered":"Dede Korkut Destanlar\u0131"},"content":{"rendered":"<p>Yay\u0131n Tarihi\t2019-10-28<br \/>\nISBN\t6052070499<br \/>\nBask\u0131 Say\u0131s\u0131\t2. Bask\u0131<br \/>\nDil\tT\u00dcRK\u00c7E<br \/>\nSayfa Say\u0131s\u0131\t240<br \/>\nCilt Tipi\tKarton Kapak<br \/>\nKa\u011f\u0131t Cinsi\tKitap Ka\u011f\u0131d\u0131<br \/>\nBoyut\t13.5 x 21 cm<\/p>","protected":false},"excerpt":{"rendered":"<p>Kudretli O\u011fuz beyleri asla yalan s\u00f6ylemezlerdi. Uykular\u0131 a\u011f\u0131r olur, yanlar\u0131nda kara k\u0131l\u0131\u00e7 \u015fak\u0131rt\u0131s\u0131 olsa yine uyanmazlard\u0131. Sava\u015fmak, d\u00f6v\u00fc\u015fmek, avlanmak, bahad\u0131rl\u0131k g\u00f6stermek \u00e2detlerindendi. Yi\u011fitlik yapmadan ad alamazlard\u0131. Deli Dumrul, Azrail\u2019e meydan okur; Basat, Tepeg\u00f6z\u2019\u00fc devirir, Uruz babas\u0131n\u0131 kurtarmak i\u00e7in yollara d\u00fc\u015ferdi. Bams\u0131 Beyrek\u2019in y\u00fcz\u00fc pe-\u00e7eli, Burla Hatun\u2019un boyu uzun, Ban\u0131 \u00c7i\u00e7ek\u2019in kara g\u00f6zleri \u00e7ekikti. Dedem Korkut derler bir er vard\u0131; O\u011fuz\u2019un bilicisiydi, gaipten t\u00fcrl\u00fc haberler s\u00f6ylerdi. Ne vakit O\u011fuz\u2019un i\u00e7ine gelse; bu dedi\u011fim kudretli yi\u011fitlerin destan\u0131n\u0131 anlat\u0131r, benden  sonra alp ozanlar s\u00f6ylesin, gazi erenler dinlesin, derdi. Sarayda, divanda, derg\u00e2hta, mecliste ve meydanda Dede Korkut okunur, s\u00f6ylenir, dinlenirdi.\u015eimdi yine okulda, evde, kap\u0131da, yolda, yolakta alp ozanlar okusun, gazi erenler dinlesin, kimse elinden d\u00fc\u015f\u00fcrmesin, ta k\u0131yamet oluncaya dek.<\/p>","protected":false},"featured_media":14302,"template":"","meta":{"spay_email":""},"product_cat":[168],"product_tag":[],"item":[879],"acf":[],"_links":{"self":[{"href":"https:\/\/mgvpublications.com\/de\/wp-json\/wp\/v2\/product\/10645"}],"collection":[{"href":"https:\/\/mgvpublications.com\/de\/wp-json\/wp\/v2\/product"}],"about":[{"href":"https:\/\/mgvpublications.com\/de\/wp-json\/wp\/v2\/types\/product"}],"wp:featuredmedia":[{"embeddable":true,"href":"https:\/\/mgvpublications.com\/de\/wp-json\/wp\/v2\/media\/14302"}],"wp:attachment":[{"href":"https:\/\/mgvpublications.com\/de\/wp-json\/wp\/v2\/media?parent=10645"}],"wp:term":[{"taxonomy":"product_cat","embeddable":true,"href":"https:\/\/mgvpublications.com\/de\/wp-json\/wp\/v2\/product_cat?post=10645"},{"taxonomy":"product_tag","embeddable":true,"href":"https:\/\/mgvpublications.com\/de\/wp-json\/wp\/v2\/product_tag?post=10645"},{"taxonomy":"item","embeddable":true,"href":"https:\/\/mgvpublications.com\/de\/wp-json\/wp\/v2\/item?post=10645"}],"curies":[{"name":"wp","href":"https:\/\/api.w.org\/{rel}","templated":true}]}}