{"id":10643,"date":"2020-03-23T02:48:01","date_gmt":"2020-03-23T01:48:01","guid":{"rendered":"https:\/\/dev2.mgvpublications.com\/produkt\/timur-yildizlarin-bahtina-huekmeden-son-cihangir\/"},"modified":"2022-10-17T23:08:39","modified_gmt":"2022-10-17T21:08:39","slug":"timur-yildizlarin-bahtina-huekmeden-son-cihangir","status":"publish","type":"product","link":"https:\/\/mgvpublications.com\/de\/timur-yildizlarin-bahtina-huekmeden-son-cihangir\/","title":{"rendered":"Timur Y\u0131ld\u0131zlar\u0131n Baht\u0131na H\u00fckmeden Son Cihangir"},"content":{"rendered":"<p>Yay\u0131n Tarihi 2019-08-21<br \/>\nISBN 6052070437<br \/>\nBask\u0131 Say\u0131s\u0131 3. Bask\u0131<br \/>\nDil T\u00dcRK\u00c7E<br \/>\nSayfa Say\u0131s\u0131 200<br \/>\nCilt Tipi Karton Kapak<br \/>\nKa\u011f\u0131t Cinsi Kitap Ka\u011f\u0131d\u0131<br \/>\nBoyut 13.5 x 21 cm<\/p>","protected":false},"excerpt":{"rendered":"<p>Emir Timur&#8230;<br \/>\nSahipk\u0131ran&#8230;<br \/>\nY\u0131ld\u0131zlar onun baht\u0131na g\u00fcld\u00fc, o y\u0131ld\u0131zlar\u0131n da efendisi oldu.<br \/>\nSiyaset ve askerlik zordu o do\u011fdu\u011funda.<br \/>\nAdalet ve zul\u00fcm ikiz karde\u015f gibiydi gen\u00e7li\u011finde.<br \/>\nMerhamet ve sevgi ya\u015fl\u0131l\u0131\u011f\u0131n\u0131n al\u0131n yaz\u0131s\u0131yd\u0131.<br \/>\nTarih\u00e7iler onu bazen zalim, bazen adil yazd\u0131lar, bazen merhametli bir sultan olarak g\u00f6r\u00fcnd\u00fc ahalinin g\u00f6z\u00fcnde, bazen korkunun kendisi.<br \/>\nK\u00fc\u00e7\u00fck bir k\u00f6yden, cihan h\u00fck\u00fcmdarl\u0131\u011f\u0131na giden yolda cihangir diye an\u0131ld\u0131. Benzersiz bir y\u00f6netme g\u00fcc\u00fc vard\u0131. Ak\u0131llara durgunluk veren sava\u015f stratejileri&#8230;<br \/>\nBu kitap T\u00fcrk tarihinin en b\u00fcy\u00fck kahramanlar\u0131ndan biri olan Emir Timur\u2019a dair ger\u00e7ek\u00e7i bir ufuk sunmay\u0131 hedefliyor. Orijinal kaynaklar\u0131 yeniden ele al\u0131p, yeni bir nefes kazand\u0131rmaya gayret ediyor.<\/p>","protected":false},"featured_media":14301,"template":"","meta":{"spay_email":""},"product_cat":[170],"product_tag":[],"item":[879],"acf":[],"_links":{"self":[{"href":"https:\/\/mgvpublications.com\/de\/wp-json\/wp\/v2\/product\/10643"}],"collection":[{"href":"https:\/\/mgvpublications.com\/de\/wp-json\/wp\/v2\/product"}],"about":[{"href":"https:\/\/mgvpublications.com\/de\/wp-json\/wp\/v2\/types\/product"}],"wp:featuredmedia":[{"embeddable":true,"href":"https:\/\/mgvpublications.com\/de\/wp-json\/wp\/v2\/media\/14301"}],"wp:attachment":[{"href":"https:\/\/mgvpublications.com\/de\/wp-json\/wp\/v2\/media?parent=10643"}],"wp:term":[{"taxonomy":"product_cat","embeddable":true,"href":"https:\/\/mgvpublications.com\/de\/wp-json\/wp\/v2\/product_cat?post=10643"},{"taxonomy":"product_tag","embeddable":true,"href":"https:\/\/mgvpublications.com\/de\/wp-json\/wp\/v2\/product_tag?post=10643"},{"taxonomy":"item","embeddable":true,"href":"https:\/\/mgvpublications.com\/de\/wp-json\/wp\/v2\/item?post=10643"}],"curies":[{"name":"wp","href":"https:\/\/api.w.org\/{rel}","templated":true}]}}