{"id":10639,"date":"2020-03-23T02:44:20","date_gmt":"2020-03-23T01:44:20","guid":{"rendered":"https:\/\/dev2.mgvpublications.com\/produkt\/bueyuek-olaylarin-kisa-tarihi\/"},"modified":"2022-03-08T22:32:57","modified_gmt":"2022-03-08T21:32:57","slug":"bueyuek-olaylarin-kisa-tarihi","status":"publish","type":"product","link":"https:\/\/mgvpublications.com\/de\/bueyuek-olaylarin-kisa-tarihi\/","title":{"rendered":"B\u00fcy\u00fck Olaylar\u0131n K\u0131sa Tarihi"},"content":{"rendered":"<p>Yay\u0131n Tarihi\t2019-08-05<br \/>\nISBN\t6059787154<br \/>\nBask\u0131 Say\u0131s\u0131\t7. Bask\u0131<br \/>\nDil\tT\u00dcRK\u00c7E<br \/>\nSayfa Say\u0131s\u0131\t312<br \/>\nCilt Tipi\tKarton Kapak<br \/>\nKa\u011f\u0131t Cinsi\tKitap Ka\u011f\u0131d\u0131<br \/>\nBoyut\t13.5 x 21 cm<\/p>","protected":false},"excerpt":{"rendered":"<p>1 May\u0131s 1977, 5 Nisan Kararlar\u0131, 6-7 Eyl\u00fcl Olaylar\u0131, 6 G\u00fcn Sava\u015flar\u0131, 11 Eyl\u00fcl, 12 Eyl\u00fcl Darbesi, 12 Mart Muht\u0131ras\u0131, 24 Ocak Kararlar\u0131, 28 \u015eubat, 150\u2019liklerin S\u00fcrg\u00fcn\u00fc, 1957 Suriye Krizi, 1958 Berlin Buhran\u0131, Adnan Menderes\u2019in U\u00e7a\u011f\u0131 D\u00fc\u015ft\u00fc, Anadolu Pars\u0131, Bab-\u0131 Ali Bask\u0131n\u0131, Ba\u011fdat Pakt\u0131, Bat\u0131 Trakya T\u00fcrk Devleti, Bo\u011fazl\u0131yan Kaymakam\u0131 Mehmet Kemal Bey\u2019in \u0130dam\u0131, Bozkurt-Lotus Davas\u0131, Cengiz Topel Olay\u0131, D8 (Developed 8 Country), D\u00f6rtlerin D\u00f6n\u00fc\u015f\u00fc, D\u00f6rtl\u00fc Takrir, Ecevit-\u0130n\u00f6n\u00fc M\u00fccadelesi, Ekrem K\u00f6nig Davas\u0131, Enver Pa\u015fa\u2019n\u0131n \u00d6l\u00fcm\u00fc, EOKA Olay\u0131, Gece Yar\u0131s\u0131 Ekspresi, Ha\u015fha\u015f Krizi, Hatay\u2019\u0131n Ba\u011f\u0131ms\u0131zl\u0131\u011f\u0131, Hicaz Demiryolu, Hocal\u0131 Katliam\u0131, \u0130ndependenta Facias\u0131, \u0130ran-Irak Sava\u015f\u0131, \u0130ran \u0130slam Devrimi, \u0130srail Devleti\u2019nin Kurulu\u015fu, K\u00e2be Bask\u0131n\u0131, K\u0131r\u0131m T\u00fcrklerinin S\u00fcrg\u00fcn\u00fc, Kitap\u00e7\u0131k Krizi, Kore Sava\u015f\u0131, Kosova\u2019da Nato Harek\u00e2t\u0131, K\u00f6rfez Sava\u015f\u0131, Kuzey Y\u0131ld\u0131z\u0131, K\u00fcba Krizi, Mad\u0131mak Olay\u0131, Marshall Yard\u0131m\u0131, MC \u0130ktidar\u0131 Devrildi (G\u00fcne\u015f Motel Olay\u0131), M\u0131s\u0131r\u2019da \u0130hvan Hareketi, Missouri Z\u0131rhl\u0131s\u0131n\u0131n T\u00fcrkiye Ziyareti, Naim S\u00fcleymano\u011flu\u2019nun T\u00fcrkiye\u2019ye Ka\u00e7\u0131\u015f\u0131, Nihat Erim Suikast\u0131, Orly Katliam\u0131, \u00d6zal Suikasti, \u00d6zg\u00fcrl\u00fck Heykeli, Papa Suikasti, Refah Vapuru Facias\u0131, Sadabad Pakt\u0131, Saddam\u2019\u0131n Devrilmesi ve Irak, Sovyetlerin Afganistan\u2019\u0131 \u0130\u015fgali, Srebrenica Katliam\u0131, Struma Facias\u0131, Sultan Galiyev, Suriye\u2019de Haf\u0131z Esad Darbesi, S\u00fcvey\u015f Krizi, Talat Pa\u015fa\u2019n\u0131n \u00d6ld\u00fcr\u00fclmesi, T\u00fcrk\u00e7e Ezan, T\u00fcrkiye Kom\u00fcnist F\u0131rkas\u0131 ve Mustafa Suphi, T\u00fcrkiye\u2019ye Silah Ambargosu, U-2 Olay\u0131, \u00dcsk\u00fcdar Vapuru Facias\u0131, Vecihi H\u00fcrku\u015f, Vietnam Sava\u015f\u0131\u2026 Tarihimizin d\u00f6n\u00fcm noktalar\u0131n\u0131n anlat\u0131ld\u0131\u011f\u0131 bu kitapta merak etti\u011finiz bir\u00e7ok sorunun cevab\u0131n\u0131 bulabileceksiniz.<\/p>","protected":false},"featured_media":14299,"template":"","meta":{"spay_email":""},"product_cat":[170],"product_tag":[],"item":[379],"acf":[],"_links":{"self":[{"href":"https:\/\/mgvpublications.com\/de\/wp-json\/wp\/v2\/product\/10639"}],"collection":[{"href":"https:\/\/mgvpublications.com\/de\/wp-json\/wp\/v2\/product"}],"about":[{"href":"https:\/\/mgvpublications.com\/de\/wp-json\/wp\/v2\/types\/product"}],"wp:featuredmedia":[{"embeddable":true,"href":"https:\/\/mgvpublications.com\/de\/wp-json\/wp\/v2\/media\/14299"}],"wp:attachment":[{"href":"https:\/\/mgvpublications.com\/de\/wp-json\/wp\/v2\/media?parent=10639"}],"wp:term":[{"taxonomy":"product_cat","embeddable":true,"href":"https:\/\/mgvpublications.com\/de\/wp-json\/wp\/v2\/product_cat?post=10639"},{"taxonomy":"product_tag","embeddable":true,"href":"https:\/\/mgvpublications.com\/de\/wp-json\/wp\/v2\/product_tag?post=10639"},{"taxonomy":"item","embeddable":true,"href":"https:\/\/mgvpublications.com\/de\/wp-json\/wp\/v2\/item?post=10639"}],"curies":[{"name":"wp","href":"https:\/\/api.w.org\/{rel}","templated":true}]}}