{"id":10636,"date":"2020-03-23T02:41:49","date_gmt":"2020-03-23T01:41:49","guid":{"rendered":"https:\/\/dev2.mgvpublications.com\/produkt\/tarih-bizi-cagiriyor\/"},"modified":"2022-03-08T22:32:57","modified_gmt":"2022-03-08T21:32:57","slug":"tarih-bizi-cagiriyor","status":"publish","type":"product","link":"https:\/\/mgvpublications.com\/de\/tarih-bizi-cagiriyor\/","title":{"rendered":"Tarih Bizi \u00c7a\u011f\u0131r\u0131yor"},"content":{"rendered":"<p>Yay\u0131n Tarihi\t2018-04-17<br \/>\nISBN\t6052070420<br \/>\nBask\u0131 Say\u0131s\u0131\t1. Bask\u0131<br \/>\nDil\tT\u00dcRK\u00c7E<br \/>\nSayfa Say\u0131s\u0131\t208<br \/>\nCilt Tipi\tKarton Kapak<br \/>\nKa\u011f\u0131t Cinsi\tKitap Ka\u011f\u0131d\u0131<br \/>\nBoyut\t13.5 x 21 cm<\/p>","protected":false},"excerpt":{"rendered":"<p>Bu \u00e7a\u011fr\u0131 tarihin derinliklerinden geliyor ve tarihin i\u00e7inde do\u011fan bir neferi \u00e7a\u011f\u0131r\u0131yor.<br \/>\nTarihin \u00e7a\u011f\u0131rd\u0131\u011f\u0131 bu nefer; uzun sava\u015flardan, so\u011fuktan, f\u0131rt\u0131nadan, yoksulluktan, k\u0131tl\u0131ktan, s\u0131tmadan \u00e7\u0131kt\u0131. Bu nefer tam da t\u00fckendik dedi\u011fimiz ve b\u00fcy\u00fck bir umutla yeni bir K\u0131z\u0131lelma arad\u0131\u011f\u0131m\u0131z yerden do\u011fdu.<br \/>\nO, vatan\u0131n hem sahibi, hem varisi, hem ge\u00e7mi\u015fi, hem gelece\u011fidir. Umutsuzlu\u011fa d\u00fc\u015f\u00fclen her yerde bir teselli gibi g\u00f6r\u00fcn\u00fcr. Vefal\u0131d\u0131r, beklenildi\u011fi yere gider. Tarihi kuran da bu neferdir, tarihin \u00e7a\u011f\u0131rd\u0131\u011f\u0131 da.<br \/>\nBazen o tarihi s\u00fcr\u00fckledi, bazen de talihi onu.<br \/>\nS\u0131ras\u0131 yine geldi, tarih yine onu \u00e7a\u011f\u0131rmaya ba\u015flad\u0131.<\/p>","protected":false},"featured_media":14298,"template":"","meta":{"spay_email":""},"product_cat":[170],"product_tag":[],"item":[879],"acf":[],"_links":{"self":[{"href":"https:\/\/mgvpublications.com\/de\/wp-json\/wp\/v2\/product\/10636"}],"collection":[{"href":"https:\/\/mgvpublications.com\/de\/wp-json\/wp\/v2\/product"}],"about":[{"href":"https:\/\/mgvpublications.com\/de\/wp-json\/wp\/v2\/types\/product"}],"wp:featuredmedia":[{"embeddable":true,"href":"https:\/\/mgvpublications.com\/de\/wp-json\/wp\/v2\/media\/14298"}],"wp:attachment":[{"href":"https:\/\/mgvpublications.com\/de\/wp-json\/wp\/v2\/media?parent=10636"}],"wp:term":[{"taxonomy":"product_cat","embeddable":true,"href":"https:\/\/mgvpublications.com\/de\/wp-json\/wp\/v2\/product_cat?post=10636"},{"taxonomy":"product_tag","embeddable":true,"href":"https:\/\/mgvpublications.com\/de\/wp-json\/wp\/v2\/product_tag?post=10636"},{"taxonomy":"item","embeddable":true,"href":"https:\/\/mgvpublications.com\/de\/wp-json\/wp\/v2\/item?post=10636"}],"curies":[{"name":"wp","href":"https:\/\/api.w.org\/{rel}","templated":true}]}}