{"id":10628,"date":"2020-03-23T02:32:16","date_gmt":"2020-03-23T01:32:16","guid":{"rendered":"https:\/\/dev2.mgvpublications.com\/produkt\/tuerklerin-altin-cagi\/"},"modified":"2022-03-08T22:32:57","modified_gmt":"2022-03-08T21:32:57","slug":"tuerklerin-altin-cagi","status":"publish","type":"product","link":"https:\/\/mgvpublications.com\/de\/tuerklerin-altin-cagi\/","title":{"rendered":"T\u00fcrklerin Alt\u0131n \u00c7a\u011f\u0131"},"content":{"rendered":"<p>Yay\u0131n Tarihi\t2017-03-22<br \/>\nISBN\t9752430037<br \/>\nBask\u0131 Say\u0131s\u0131\t1. Bask\u0131<br \/>\nDil\tT\u00dcRK\u00c7E<br \/>\nSayfa Say\u0131s\u0131\t320<br \/>\nCilt Tipi\tKarton Kapak<br \/>\nKa\u011f\u0131t Cinsi\tKitap Ka\u011f\u0131d\u0131<br \/>\nBoyut\t13.5 x 21 cm<\/p>","protected":false},"excerpt":{"rendered":"<p>&#8220;T\u00fcrkiye\u2019nin y\u00fczy\u0131llar \u00f6nce a\u00e7\u0131lan tarih defteri hen\u00fcz kapanmam\u0131\u015ft\u0131r ve s\u0131k s\u0131k da g\u00f6r\u00fcyorsunuz ki bu defter kapanmaz. Onun i\u00e7in tarih bilmek; nereden geldi\u011finizi, nas\u0131l yurt edindi\u011finizi \u00f6\u011frenmek zorundas\u0131n\u0131z. Tarihini bilmeyen, haf\u0131zas\u0131 olmayan toplumlar\u0131n nerelere gidece\u011finin, s\u00fcr\u00fcklenece\u011finin, dahas\u0131 neler yapabilece\u011finin hesab\u0131 olmaz.\u201d<br \/>\n\u0130lber Ortayl\u0131<\/p>\n<p>14. ve 17. y\u00fczy\u0131llar\u0131 aras\u0131nda Hindistan\u2019dan Viyana kap\u0131lar\u0131na kadar muazzam b\u00fcy\u00fckl\u00fckte bir co\u011frafyaya h\u00fckmettiler&#8230; Orta Asya, Kafkasya, Ortado\u011fu ve Avrupa\u2019n\u0131n tarihini \u015fekillendirdiler. Uygulad\u0131klar\u0131 asker\u00ee taktiklerle imk\u00e2ns\u0131z g\u00f6r\u00fclen pek \u00e7ok sava\u015ftan zaferle \u00e7\u0131kt\u0131lar&#8230;<br \/>\nHangi k\u0131tada olursa olsun adalet esas\u0131yla y\u00f6nettiler&#8230; Sorunlar\u0131n\u0131 \u00e7\u00f6zemeyen Avrupa devletlerine fikirleriyle ilham verdiler&#8230; Mimar\u00eeden musikiye, edebiyattan t\u0131bba kadar yery\u00fcz\u00fcn\u00fcn her co\u011frafyas\u0131nda kal\u0131c\u0131 bir iz b\u0131rakt\u0131lar.<br \/>\nBir\u00e7ok devlet kurdular: Timurlular, Alt\u0131n Orda, Memluklar, Osmanl\u0131lar&#8230;<br \/>\nEfsane h\u00fck\u00fcmdarlara sahip oldular: Emir Timur, Fatih Sultan Mehmed, Sultan Baybars, Kanuni Sultan S\u00fcleyman, Bab\u00fcr \u015eah&#8230;<br \/>\n\u0130lber Ortayl\u0131, Asya\u2019n\u0131n bozk\u0131rlar\u0131ndan Avrupa\u2019n\u0131n i\u00e7lerine kadar ilerleyen, d\u00fcnya tarihinde zirveye taht kuran T\u00fcrklerin muhte\u015fem y\u0131llar\u0131n\u0131 anlat\u0131yor\u2026<br \/>\nT\u00fcrklerin Alt\u0131n \u00c7a\u011f\u0131, \u0130lber Ortayl\u0131&#8217;n\u0131n sat\u0131rlar\u0131 aras\u0131nda dola\u015fmak isteyen her ya\u015ftan okuyucunun zevkle okuyaca\u011f\u0131 bir ba\u015fucu kitab\u0131&#8230;<\/p>","protected":false},"featured_media":14297,"template":"","meta":{"spay_email":""},"product_cat":[170],"product_tag":[],"item":[729],"acf":[],"_links":{"self":[{"href":"https:\/\/mgvpublications.com\/de\/wp-json\/wp\/v2\/product\/10628"}],"collection":[{"href":"https:\/\/mgvpublications.com\/de\/wp-json\/wp\/v2\/product"}],"about":[{"href":"https:\/\/mgvpublications.com\/de\/wp-json\/wp\/v2\/types\/product"}],"wp:featuredmedia":[{"embeddable":true,"href":"https:\/\/mgvpublications.com\/de\/wp-json\/wp\/v2\/media\/14297"}],"wp:attachment":[{"href":"https:\/\/mgvpublications.com\/de\/wp-json\/wp\/v2\/media?parent=10628"}],"wp:term":[{"taxonomy":"product_cat","embeddable":true,"href":"https:\/\/mgvpublications.com\/de\/wp-json\/wp\/v2\/product_cat?post=10628"},{"taxonomy":"product_tag","embeddable":true,"href":"https:\/\/mgvpublications.com\/de\/wp-json\/wp\/v2\/product_tag?post=10628"},{"taxonomy":"item","embeddable":true,"href":"https:\/\/mgvpublications.com\/de\/wp-json\/wp\/v2\/item?post=10628"}],"curies":[{"name":"wp","href":"https:\/\/api.w.org\/{rel}","templated":true}]}}