{"id":10593,"date":"2020-03-21T16:15:34","date_gmt":"2020-03-21T15:15:34","guid":{"rendered":"https:\/\/dev2.mgvpublications.com\/produkt\/hukuk-ve-idare-adami-olarak-osmanli-devletinde-kadi\/"},"modified":"2022-10-30T10:40:11","modified_gmt":"2022-10-30T09:40:11","slug":"hukuk-ve-idare-adami-olarak-osmanli-devletinde-kadi","status":"publish","type":"product","link":"https:\/\/mgvpublications.com\/de\/hukuk-ve-idare-adami-olarak-osmanli-devletinde-kadi\/","title":{"rendered":"Hukuk ve \u0130dare Adam\u0131 Olarak Osmanl\u0131 Devleti&#8217;nde Kad\u0131"},"content":{"rendered":"<p>Yay\u0131n Tarihi: 01.12.2020<br \/>\nISBN: 9786058301108<br \/>\nDil: T\u00dcRK\u00c7E<br \/>\nSayfa Say\u0131s\u0131: 112<br \/>\nCilt Tipi: Karton Kapak<br \/>\nKa\u011f\u0131t Cinsi: Kitap Ka\u011f\u0131d\u0131<br \/>\nBoyut: 13.5 x 21 cm<\/p>","protected":false},"excerpt":{"rendered":"<p>T\u00fcrkiye\u2019de tarih denilince akla ilk gelen isim \u0130lber Ortayl\u0131\u2019n\u0131n kaleminden Osmanl\u0131 hukuk tarihinin merkezinde yer alan ve \u00fczerine pek konu\u015fulmayan kad\u0131lar\u0131 anlatan \u00f6nemli bir \u00e7al\u0131\u015fma\u2026 Kad\u0131l\u0131k \u0130slam Orta\u00e7a\u011f\u0131nda ortaya \u00e7\u0131kan idari ve adli bir g\u00f6revdir. Kad\u0131\u2019n\u0131n sosyal-idari fonksiyonlar\u0131 de\u011ferlendirilirken on d\u00f6rt as\u0131rl\u0131k \u0130slam tarihi i\u00e7indeki evrimi g\u00f6z \u00f6n\u00fcne al\u0131nmad\u0131\u011f\u0131ndan, bu kurumun \u0130slam \u00f6ncesi imparatorluklardan neleri, ne \u00f6l\u00e7\u00fcde miras ald\u0131\u011f\u0131 \u00fczerinde de durulmam\u0131\u015ft\u0131r. \u0130lber Ortayl\u0131, Osmanl\u0131 Devleti\u2019nde Kad\u0131 adl\u0131 bu \u00e7al\u0131\u015fmas\u0131nda kad\u0131lar\u0131n tarihini ve yarg\u0131 g\u00f6revlerini, tayinini, g\u00f6rev s\u00fcresini, yarg\u0131 b\u00f6lgesini, yard\u0131mc\u0131lar\u0131n\u0131, di\u011fer memurlar aras\u0131ndaki hiyerar\u015fik ili\u015fkisini ve Osmanl\u0131 mahkemelerinin nas\u0131l i\u015fledi\u011fini birincil ar\u015fiv kaynaklar\u0131n\u0131 kullanarak anlat\u0131yor. \u0130lber Ortayl\u0131, hem geni\u015f ufuklu tarih\u00e7ili\u011fini hem de tad\u0131na doyum olmaz \u00fcslup\u00e7ulu\u011funu i\u015fe ko\u015ftu\u011fu bu kitab\u0131nda, Osmanl\u0131 d\u00fcnyas\u0131nda kad\u0131n\u0131n b\u00fct\u00fcn boyutlar\u0131n\u0131 ola\u011fan\u00fcst\u00fc bir s\u00fcr\u00fckleyicilikle ortaya koyuyor.<\/p>","protected":false},"featured_media":22531,"template":"","meta":{"spay_email":""},"product_cat":[170],"product_tag":[],"item":[729],"acf":[],"_links":{"self":[{"href":"https:\/\/mgvpublications.com\/de\/wp-json\/wp\/v2\/product\/10593"}],"collection":[{"href":"https:\/\/mgvpublications.com\/de\/wp-json\/wp\/v2\/product"}],"about":[{"href":"https:\/\/mgvpublications.com\/de\/wp-json\/wp\/v2\/types\/product"}],"wp:featuredmedia":[{"embeddable":true,"href":"https:\/\/mgvpublications.com\/de\/wp-json\/wp\/v2\/media\/22531"}],"wp:attachment":[{"href":"https:\/\/mgvpublications.com\/de\/wp-json\/wp\/v2\/media?parent=10593"}],"wp:term":[{"taxonomy":"product_cat","embeddable":true,"href":"https:\/\/mgvpublications.com\/de\/wp-json\/wp\/v2\/product_cat?post=10593"},{"taxonomy":"product_tag","embeddable":true,"href":"https:\/\/mgvpublications.com\/de\/wp-json\/wp\/v2\/product_tag?post=10593"},{"taxonomy":"item","embeddable":true,"href":"https:\/\/mgvpublications.com\/de\/wp-json\/wp\/v2\/item?post=10593"}],"curies":[{"name":"wp","href":"https:\/\/api.w.org\/{rel}","templated":true}]}}