{"id":10579,"date":"2020-03-20T21:05:27","date_gmt":"2020-03-20T20:05:27","guid":{"rendered":"https:\/\/dev2.mgvpublications.com\/produkt\/sarsinti-2-yuez-yueze\/"},"modified":"2022-03-08T22:32:53","modified_gmt":"2022-03-08T21:32:53","slug":"sarsinti-2-yuez-yueze","status":"publish","type":"product","link":"https:\/\/mgvpublications.com\/de\/sarsinti-2-yuez-yueze\/","title":{"rendered":"Sars\u0131nt\u0131 2 \/ Y\u00fcz Y\u00fcze"},"content":{"rendered":"<p>\nYay\u0131n Tarihi\t2020-01-20<br \/>\nISBN\t6051736785<br \/>\nBask\u0131 Say\u0131s\u0131\t1. Bask\u0131<br \/>\nDil\tT\u00dcRK\u00c7E<br \/>\nSayfa Say\u0131s\u0131\t240<br \/>\nCilt Tipi\tKarton Kapak<br \/>\nKa\u011f\u0131t Cinsi\tKitap Ka\u011f\u0131d\u0131<br \/>\nBoyut\t13.5 x 21 cm<\/p>","protected":false},"excerpt":{"rendered":"<p>HER \u015eEY SANA AKLIMDA B\u0130R ODA VERMEMLE BA\u015eLADI.\u201d<\/p>\n<p>Arda Erel ilk psikolojik roman\u0131 Sars\u0131nt\u0131\u2019n\u0131n ard\u0131ndan devam roman\u0131 Y\u00fcz Y\u00fcze ile g\u00f6zlerini bu kez topluma \u00e7evirirken, g\u00f6r\u00fcnenle ya\u015fanan\u0131n ayr\u0131m\u0131n\u0131 mahremiyet d\u00fczleminde inceliyor. Kitleleri, toplumsal bak\u0131\u015f a\u00e7\u0131lar\u0131n\u0131, \u00f6tekile\u015ftirilenleri, tarih boyunca de\u011fi\u015fmeyen ailedeki iktidar zeminini ve toplumun stat\u00fcsel yakla\u015f\u0131mlar\u0131n\u0131 kad\u0131nlar ve erkekler \u00fczerinden sorguluyor.<\/p>\n<p>A\u015fk, hi\u00e7bir zaman ne \u00f6ylesineymi\u015f ne de bo\u015f yere.<br \/>\nAc\u0131ysa, ne ge\u00e7mi\u015fteymi\u015f ne de gelecekte.<br \/>\nO halde a\u015fk\u0131 ac\u0131dan \u00f6zg\u00fcrle\u015ftirmek i\u00e7in, herkes birbiriyle<br \/>\ny\u00fcz y\u00fcze gelmeli nihayetinde.<\/p>\n<p>Y\u00fcz Y\u00fcze, hayattaki d\u00fc\u011f\u00fcmlerini \u00e7\u00f6z\u00fcp kendi yolculu\u011funa y\u00fcr\u00fcyenlere dair bir roman.<\/p>","protected":false},"featured_media":10580,"template":"","meta":{"spay_email":""},"product_cat":[166,168],"product_tag":[],"item":[899],"acf":[],"_links":{"self":[{"href":"https:\/\/mgvpublications.com\/de\/wp-json\/wp\/v2\/product\/10579"}],"collection":[{"href":"https:\/\/mgvpublications.com\/de\/wp-json\/wp\/v2\/product"}],"about":[{"href":"https:\/\/mgvpublications.com\/de\/wp-json\/wp\/v2\/types\/product"}],"wp:featuredmedia":[{"embeddable":true,"href":"https:\/\/mgvpublications.com\/de\/wp-json\/wp\/v2\/media\/10580"}],"wp:attachment":[{"href":"https:\/\/mgvpublications.com\/de\/wp-json\/wp\/v2\/media?parent=10579"}],"wp:term":[{"taxonomy":"product_cat","embeddable":true,"href":"https:\/\/mgvpublications.com\/de\/wp-json\/wp\/v2\/product_cat?post=10579"},{"taxonomy":"product_tag","embeddable":true,"href":"https:\/\/mgvpublications.com\/de\/wp-json\/wp\/v2\/product_tag?post=10579"},{"taxonomy":"item","embeddable":true,"href":"https:\/\/mgvpublications.com\/de\/wp-json\/wp\/v2\/item?post=10579"}],"curies":[{"name":"wp","href":"https:\/\/api.w.org\/{rel}","templated":true}]}}