{"id":10513,"date":"2020-02-19T18:45:09","date_gmt":"2020-02-19T17:45:09","guid":{"rendered":"https:\/\/dev2.mgvpublications.com\/produkt\/huezuenlue-tebessuemler\/"},"modified":"2022-03-08T22:32:52","modified_gmt":"2022-03-08T21:32:52","slug":"huezuenlue-tebessuemler","status":"publish","type":"product","link":"https:\/\/mgvpublications.com\/de\/huezuenlue-tebessuemler\/","title":{"rendered":"H\u00fcz\u00fcnl\u00fc Tebess\u00fcmler"},"content":{"rendered":"<p>Yay\u0131n Tarihi 2019-12-25<br \/>\nISBN 6052236796<br \/>\nBask\u0131 Say\u0131s\u0131 1. Bask\u0131<br \/>\nDil T\u00dcRK\u00c7E<br \/>\nSayfa Say\u0131s\u0131 96<br \/>\nCilt Tipi Karton Kapak<br \/>\nKa\u011f\u0131t Cinsi Kitap Ka\u011f\u0131d\u0131<br \/>\nBoyut 13.5 x 21 cm<\/p>","protected":false},"excerpt":{"rendered":"<p>Haydi bug\u00fcn \u00e7ok \u00f6nemli \u015feylerden bahsedelim, dolu konu\u015fal\u0131m ve bo\u015f laflar uzak olsun meclisimizden. Mesela, havadan sudan&#8230;<\/p>\n<p>San\u0131r\u0131m insanlar b\u00fcy\u00fcd\u00fck\u00e7e, ak\u0131llar\u0131 ile kalpleri aras\u0131ndaki mesafe de a\u00e7\u0131l\u0131yor. \u201cAkl\u0131m ba\u015fka bir \u015fey, kalbim ba\u015fka bir \u015fey s\u00f6yl\u00fcyor\u201d demeye ba\u015fl\u0131yorlar. Oysa, akl\u0131m\u0131z\u0131n onaylad\u0131\u011f\u0131n\u0131 kalbimiz sevmeli, kalbimizin sevdi\u011fini de akl\u0131m\u0131z onaylamal\u0131yd\u0131. Ve biz bu ikisinin aras\u0131nda, Buridan\u2019\u0131n e\u015fe\u011fi gibi kalakalmamal\u0131yd\u0131k&#8230;<\/p>\n<p>B\u00fct\u00fcn insanlar\u0131n omurgal\u0131 canl\u0131lar olduklar\u0131n\u0131, sadece biyoloji kitaplar\u0131 yazar&#8230;<\/p>\n<p>\u0130\u00e7inde g\u00f6ky\u00fcz\u00fc kadar b\u00fcy\u00fck bir bo\u015fluk ta\u015f\u0131yan\u0131n, renklerden en \u00e7ok maviyi sevmesine \u015fa\u015f\u0131rmamal\u0131&#8230;<\/p>\n<p>Bu kitab\u0131n tek iddias\u0131 samimi olmas\u0131. Ancak samimiyet de iddia ile ol(a)mayaca\u011f\u0131na g\u00f6re, demek ki hi\u00e7 bir iddias\u0131 yok! \u0130ddias\u0131 yok ama hat\u0131ras\u0131 \u00e7ok&#8230;<\/p>","protected":false},"featured_media":10514,"template":"","meta":{"spay_email":""},"product_cat":[168],"product_tag":[],"item":[692],"acf":[],"_links":{"self":[{"href":"https:\/\/mgvpublications.com\/de\/wp-json\/wp\/v2\/product\/10513"}],"collection":[{"href":"https:\/\/mgvpublications.com\/de\/wp-json\/wp\/v2\/product"}],"about":[{"href":"https:\/\/mgvpublications.com\/de\/wp-json\/wp\/v2\/types\/product"}],"wp:featuredmedia":[{"embeddable":true,"href":"https:\/\/mgvpublications.com\/de\/wp-json\/wp\/v2\/media\/10514"}],"wp:attachment":[{"href":"https:\/\/mgvpublications.com\/de\/wp-json\/wp\/v2\/media?parent=10513"}],"wp:term":[{"taxonomy":"product_cat","embeddable":true,"href":"https:\/\/mgvpublications.com\/de\/wp-json\/wp\/v2\/product_cat?post=10513"},{"taxonomy":"product_tag","embeddable":true,"href":"https:\/\/mgvpublications.com\/de\/wp-json\/wp\/v2\/product_tag?post=10513"},{"taxonomy":"item","embeddable":true,"href":"https:\/\/mgvpublications.com\/de\/wp-json\/wp\/v2\/item?post=10513"}],"curies":[{"name":"wp","href":"https:\/\/api.w.org\/{rel}","templated":true}]}}