{"id":10511,"date":"2020-02-19T18:42:59","date_gmt":"2020-02-19T17:42:59","guid":{"rendered":"https:\/\/dev2.mgvpublications.com\/produkt\/islam-uelkeleri-neden-geri-kaldi\/"},"modified":"2022-03-08T22:32:52","modified_gmt":"2022-03-08T21:32:52","slug":"islam-uelkeleri-neden-geri-kaldi","status":"publish","type":"product","link":"https:\/\/mgvpublications.com\/de\/islam-uelkeleri-neden-geri-kaldi\/","title":{"rendered":"\u0130slam \u00dclkeleri Neden Geri Kald\u0131?"},"content":{"rendered":"<p>Yay\u0131n Tarihi\t2019-12-11<br \/>\nISBN\t6052096024<br \/>\nBask\u0131 Say\u0131s\u0131\t1. Bask\u0131<br \/>\nDil\tT\u00dcRK\u00c7E<br \/>\nSayfa Say\u0131s\u0131\t376<br \/>\nCilt Tipi\tKarton Kapak<br \/>\nKa\u011f\u0131t Cinsi\tKitap Ka\u011f\u0131d\u0131<br \/>\nBoyut\t13.5 x 19.5 cm<\/p>","protected":false},"excerpt":{"rendered":"<p>Din, sosyal bir olgudur ve her sosyal olgu, ister istemez sosyal yap\u0131ya, k\u00fclt\u00fcre, siyasete yans\u0131r. \u0130nan\u00e7 sistemleri ve bu sistemlerin d\u00fc\u015f\u00fcnce yap\u0131s\u0131 ile siyaset ve ekonomik geli\u015fme aras\u0131nda \u00e7ok bariz ili\u015fki vard\u0131r.<\/p>\n<p>\u0130slam insan ya\u015fam\u0131n\u0131n her alan\u0131na el at\u0131p d\u00fczenleme getirme amac\u0131 g\u00fctt\u00fc\u011f\u00fcnden, \u0130slam \u00fclkelerinde gelenek ve dini inan\u00e7 i\u00e7i\u00e7e ge\u00e7mi\u015ftir. \u0130slam \u00fclkelerine bir \u015fekilde dini devlet i\u015flerinden ay\u0131r\u0131p, demokratik bir rejim getirmeye \u00e7al\u0131\u015f\u0131rsan\u0131z, bu \u00e7a\u011fda\u015fla\u015fma e\u011filimi \u0130slam\u0131n gelenek\u00e7i dinci kesiminde belli bir anlam ta\u015f\u0131maz. Bu kitle \u0130slam\u0131n laik sistem kar\u015f\u0131s\u0131nda kaybetti\u011fi alan\u0131 tekrar ele ge\u00e7irmeye \u00e7al\u0131\u015facak, iktidara gelen siyaseti dine alet eden politikac\u0131lar vas\u0131tas\u0131yla zamanla g\u00fc\u00e7 kazanacaklard\u0131r. Bundan dolay\u0131 \u0130slam \u00fclkelerindeki demokrasi denemeleri hep sanc\u0131l\u0131 olmu\u015f, tam bir ba\u015far\u0131 elde edilememi\u015ftir.<br \/>\nMedeniyetlerin ba\u015flang\u0131c\u0131ndan itibaren, y\u00f6netici s\u0131n\u0131flar, halk kitlelerini din\u00ee kurumlar ve mistizm ile istedikleri gibi y\u00f6nlendirmi\u015flerdir. M\u00fcsl\u00fcmanl\u0131kta inan\u0131lmas\u0131 zorunlu olan kader inanc\u0131 nedeniyle halk, ba\u015flar\u0131na gelen \u015fanss\u0131zl\u0131klar\u0131n ve s\u00f6m\u00fcr\u00fclmelerin hi\u00e7birini asl\u0131nda k\u00f6t\u00fc bir idare i\u00e7inde bulunduklar\u0131 sistemin yanl\u0131\u015f i\u015flemesine yormam\u0131\u015flard\u0131r. Bunu bir takdir-i ilahi olarak kabul etmi\u015fler ve kaderlerine raz\u0131 olmu\u015flard\u0131r.<\/p>\n<p>\u0130slam, kaderi \u00f6n plana \u00e7\u0131kart\u0131rken, hayat\u0131n da her alan\u0131na m\u00fcdahale edip d\u00fczenlemeler getirmek ister. M\u00fcsl\u00fcman toplumlarda, din tek hakim ideoloji oldu\u011fundan, \u0130slam\u2019\u0131n bo\u015f b\u0131rakt\u0131\u011f\u0131 alanlara bile tarih boyunca \u0130slam\u2019\u0131 kullanarak, hayat\u0131n her alan\u0131na yan\u0131lmaz ve de\u011fi\u015fmez oldu\u011fu iddia edilen kurallarla m\u00fcdahale edilmi\u015ftir.<\/p>\n<p>\u0130lahi, yan\u0131lmaz ve de\u011fi\u015fmez oldu\u011fu iddia edilen kurallarla y\u00f6netilen bir toplumda, bilime, ara\u015ft\u0131rmaya olan ilginin s\u00fcreklili\u011fi olmad\u0131\u011f\u0131 gibi, nitelikli e\u011fitime sahip bir kitle de olu\u015fmaz. Bu \u015fartlarda ilerlemenin alt yap\u0131s\u0131n\u0131 haz\u0131rlayan, sa\u011fl\u0131kl\u0131 bir \u015fekilde bilimsel temeller \u00fczerinde geli\u015fen laik, demokratik bir sistem kurmak olduk\u00e7a zordur.<br \/>\nYa\u015fam, temel dinami\u011fi, devaml\u0131 bir de\u011fi\u015fim ve bir geli\u015fim d\u00fczeni olan \u00e7er\u00e7evede hareket etmektedir. De\u011fi\u015fmez kurallara sahip herhangi bir olgu, de\u011fi\u015fen kurallarla geli\u015fen, sosyal, ekonomik ve politik alandaki temel dinamiklere m\u00fcdahale ederek toplumu y\u00f6nlendirmeye kalkt\u0131\u011f\u0131nda, toplumun geli\u015fmesi \u00f6n\u00fcnde engel te\u015fkil eder.<br \/>\n\u0130lahi d\u00fc\u015f\u00fcnceyi ya\u015fam\u0131n salt oda\u011f\u0131 haline getirip, rasyonel ve bilimsel d\u00fc\u015f\u00fcnce sistemine y\u00fcz \u00e7evirmek geri kalm\u0131\u015fl\u0131\u011f\u0131n ana sebeplerindendir. Mesele rasyonel olmak veya olmamak meselesidir.<\/p>","protected":false},"featured_media":10512,"template":"","meta":{"spay_email":""},"product_cat":[166,174,170],"product_tag":[],"item":[893],"acf":[],"_links":{"self":[{"href":"https:\/\/mgvpublications.com\/de\/wp-json\/wp\/v2\/product\/10511"}],"collection":[{"href":"https:\/\/mgvpublications.com\/de\/wp-json\/wp\/v2\/product"}],"about":[{"href":"https:\/\/mgvpublications.com\/de\/wp-json\/wp\/v2\/types\/product"}],"wp:featuredmedia":[{"embeddable":true,"href":"https:\/\/mgvpublications.com\/de\/wp-json\/wp\/v2\/media\/10512"}],"wp:attachment":[{"href":"https:\/\/mgvpublications.com\/de\/wp-json\/wp\/v2\/media?parent=10511"}],"wp:term":[{"taxonomy":"product_cat","embeddable":true,"href":"https:\/\/mgvpublications.com\/de\/wp-json\/wp\/v2\/product_cat?post=10511"},{"taxonomy":"product_tag","embeddable":true,"href":"https:\/\/mgvpublications.com\/de\/wp-json\/wp\/v2\/product_tag?post=10511"},{"taxonomy":"item","embeddable":true,"href":"https:\/\/mgvpublications.com\/de\/wp-json\/wp\/v2\/item?post=10511"}],"curies":[{"name":"wp","href":"https:\/\/api.w.org\/{rel}","templated":true}]}}