{"id":10500,"date":"2020-02-19T17:17:01","date_gmt":"2020-02-19T16:17:01","guid":{"rendered":"https:\/\/dev2.mgvpublications.com\/produkt\/ates-2-ulasmak-ciltli\/"},"modified":"2022-03-08T22:32:50","modified_gmt":"2022-03-08T21:32:50","slug":"ates-2-ulasmak-ciltli","status":"publish","type":"product","link":"https:\/\/mgvpublications.com\/de\/ates-2-ulasmak-ciltli\/","title":{"rendered":"Ate\u015f 2 \/ Ula\u015f&#8217;mak (Ciltli)"},"content":{"rendered":"<p>Yay\u0131n Tarihi\t2019-10-29<br \/>\nISBN\t6057936332<br \/>\nBask\u0131 Say\u0131s\u0131\t1. Bask\u0131<br \/>\nDil\tT\u00dcRK\u00c7E<br \/>\nSayfa Say\u0131s\u0131\t366<br \/>\nCilt Tipi\tCiltli<br \/>\nKa\u011f\u0131t Cinsi\tKitap Ka\u011f\u0131d\u0131<br \/>\nBoyut\t13.5 x 21 cm<\/p>","protected":false},"excerpt":{"rendered":"<p>Parkta ya\u015fanan olay sonras\u0131 birbirlerine do\u011fru at\u0131lan t\u00fcm ad\u0131mlar Ula\u015f taraf\u0131ndan geri al\u0131n\u0131r,<br \/>\nArya\u2019yla \u00e2deta iki yabanc\u0131ya d\u00f6n\u00fc\u015f\u00fcrler. Arya, Ula\u015f i\u00e7in sava\u015fmaya kararl\u0131 olsa da hen\u00fcz hi\u00e7bir \u015feyi<br \/>\n\u00e7\u00f6zememi\u015fken, bildi\u011fi k\u00fc\u00e7\u00fck s\u0131r ortaya \u00e7\u0131kar ve Ula\u015f\u2019\u0131 kazanamadan tekrar kaybeder. A\u015fk i\u00e7in her<br \/>\nfedak\u00e2rl\u0131\u011f\u0131 yapmaya haz\u0131rd\u0131r, Ula\u015f\u2019\u0131n, babas\u0131yla ilgili olan ac\u0131 ger\u00e7e\u011fi anlatmaya haz\u0131r olmas\u0131n\u0131 bekler.<br \/>\nBu anlay\u0131\u015fl\u0131 bekleyi\u015f, beklenilmeyen bir yolculu\u011fa ve birtak\u0131m olaylara gebe kal\u0131r.<br \/>\n\u0130ntikam ate\u015fiyle yanan Ula\u015f\u2019\u0131n an\u0131lar\u0131 ve Eren\u2019in s\u0131rlar\u0131, beklenmedik bir anda bir araya<br \/>\ngeldiklerinde yapbozun kay\u0131p par\u00e7alar\u0131n\u0131 ortaya \u00e7\u0131kar\u0131r. B\u00fcy\u00fck resme bak\u0131ld\u0131\u011f\u0131nda g\u00f6rd\u00fckleri, bildikleri<br \/>\nger\u00e7eklerin eksik ve yalan oldu\u011fu, ard\u0131nda b\u00fcy\u00fck bir tehlike bar\u0131nd\u0131rd\u0131\u011f\u0131d\u0131r. Fakat kay\u0131p vermemek<br \/>\ni\u00e7in art\u0131k \u00e7ok ge\u00e7tir.<br \/>\n\u201cVazge\u00e7mek de affetmek de zaruridir. \u00c7\u00fcnk\u00fc bu ikisi de olmadan \u00f6zg\u00fcr say\u0131lmaz insan.<br \/>\nVazge\u00e7mezse mecbur, affetmezse sapl\u0131 kal\u0131r. Ve \u015f\u00fcpheniz bu, felaket bir durumdur. Ak\u0131p giden<br \/>\nzamanda kendini ask\u0131ya almaya benzer bu. Kimseye dokunamadan, kar\u0131\u015famadan biter.\u201d<\/p>","protected":false},"featured_media":10501,"template":"","meta":{"spay_email":""},"product_cat":[166,168],"product_tag":[],"item":[1373],"acf":[],"_links":{"self":[{"href":"https:\/\/mgvpublications.com\/de\/wp-json\/wp\/v2\/product\/10500"}],"collection":[{"href":"https:\/\/mgvpublications.com\/de\/wp-json\/wp\/v2\/product"}],"about":[{"href":"https:\/\/mgvpublications.com\/de\/wp-json\/wp\/v2\/types\/product"}],"wp:featuredmedia":[{"embeddable":true,"href":"https:\/\/mgvpublications.com\/de\/wp-json\/wp\/v2\/media\/10501"}],"wp:attachment":[{"href":"https:\/\/mgvpublications.com\/de\/wp-json\/wp\/v2\/media?parent=10500"}],"wp:term":[{"taxonomy":"product_cat","embeddable":true,"href":"https:\/\/mgvpublications.com\/de\/wp-json\/wp\/v2\/product_cat?post=10500"},{"taxonomy":"product_tag","embeddable":true,"href":"https:\/\/mgvpublications.com\/de\/wp-json\/wp\/v2\/product_tag?post=10500"},{"taxonomy":"item","embeddable":true,"href":"https:\/\/mgvpublications.com\/de\/wp-json\/wp\/v2\/item?post=10500"}],"curies":[{"name":"wp","href":"https:\/\/api.w.org\/{rel}","templated":true}]}}