{"id":10496,"date":"2020-02-19T16:59:02","date_gmt":"2020-02-19T15:59:02","guid":{"rendered":"https:\/\/dev2.mgvpublications.com\/produkt\/tuerklerin-tarihi-2-anadolunun-bozkirlarindan-avrupanin-iclerine\/"},"modified":"2022-03-08T22:32:50","modified_gmt":"2022-03-08T21:32:50","slug":"tuerklerin-tarihi-2-anadolunun-bozkirlarindan-avrupanin-iclerine","status":"publish","type":"product","link":"https:\/\/mgvpublications.com\/de\/tuerklerin-tarihi-2-anadolunun-bozkirlarindan-avrupanin-iclerine\/","title":{"rendered":"T\u00fcrklerin Tarihi 2 &#8211; Anadolu&#8217;nun Bozk\u0131rlar\u0131ndan Avrupa&#8217;n\u0131n \u0130\u00e7lerine"},"content":{"rendered":"<p>Yay\u0131n Tarihi\t2019-10-07<br \/>\nISBN\t6050822212<br \/>\nBask\u0131 Say\u0131s\u0131\t4. Bask\u0131<br \/>\nDil\tT\u00dcRK\u00c7E<br \/>\nSayfa Say\u0131s\u0131\t288<br \/>\nCilt Tipi\tKarton Kapak<br \/>\nKa\u011f\u0131t Cinsi\tKitap Ka\u011f\u0131d\u0131<br \/>\nBoyut\t13.5 x 21 cm<\/p>","protected":false},"excerpt":{"rendered":"<p>T\u00fcrkler tarihin her safhas\u0131nda g\u00f6r\u00fcnen, tarihi in\u015fa eden kavimlerden biridir. Bug\u00fcnk\u00fc medeni d\u00fcnyada hi\u00e7bir eski d\u00fcnya kavmi ve \u00fclke yoktur ki T\u00fcrkler olmadan tarihini yazabilsin. Mutlaka, T\u00fcrkleri ve T\u00fcrk tarihini bilmek zorundad\u0131r ki kendi tarihini anlayabilsin.&#8221;<br \/>\n\u0130LBER ORTAYLI<\/p>\n<p>T\u00fcrklerin Tarihi kitab\u0131nda Marmara\u2019da k\u00fc\u00e7\u00fck bir beylik olarak do\u011fan, geli\u015fen ve kurulu\u015funun \u00fczerinden 150 y\u0131l ge\u00e7meden Balkanlar\u2019da ve Ege\u2019de h\u00e2kimiyet tesis eden, Akdeniz d\u00fcnyas\u0131n\u0131n son muhte\u015fem imparatorlu\u011fu olan T\u00fcrk \u0130mparatorlu\u011fu\u2019nun \u00fc\u00e7 k\u0131taya yay\u0131lmas\u0131na \u015fahitlik edeceksiniz.<\/p>\n<p>Sultan\u00fc\u2019l-Berreyn ve Hakan\u00fc\u2019l-Bahreyn (\u0130ki Karan\u0131n ve \u0130ki Denizin H\u00fck\u00fcmdar\u0131) olan Fatih Sultan Mehmed gibi bir R\u00f6nesans h\u00fck\u00fcmdar\u0131n\u0131n d\u00fcnyas\u0131na e\u015flik ederek; T\u00fcrk tarihinin b\u00fcy\u00fck asr\u0131, d\u00fcnya tarihinde bir\u00e7ok de\u011fi\u015fime neden olan 15. y\u00fczy\u0131l\u0131n bilinmeyenlerini \u00f6\u011freneceksiniz\u2026<\/p>\n<p>Bug\u00fcn Avrupa, Balkanlar, Ortado\u011fu ve Kuzey Afrika\u2019da, say\u0131lar\u0131 yirmiyi a\u015fan \u00e7e\u015fitli dil, din, \u0131rk ve siyasal rejime sahip \u00fclkenin ortak tarihini okuyacaks\u0131n\u0131z\u2026<\/p>\n<p>Hepsi birbirinden de\u011ferli T\u00fcrk sultanlar\u0131n ba\u015far\u0131lar\u0131n\u0131 g\u00f6recek; harp teknikleri R\u00f6nesans kadar Asyai T\u00fcrk tekniklerine de dayanan d\u00fcnyan\u0131n en g\u00fc\u00e7l\u00fc ordusunu tan\u0131yacak ve k\u0131sa s\u00fcrede \u00dc\u00e7\u00fcnc\u00fc ve son Roma \u0130mparatorlu\u011fu\u2019nun nas\u0131l kuruldu\u011funa \u015fahitlik edeceksiniz.<\/p>\n<p>Anadolu\u2019nun bozk\u0131rlar\u0131ndan Avrupa\u2019n\u0131n i\u00e7lerine, \u0130lber Ortayl\u0131\u2019n\u0131n sat\u0131rlar\u0131 aras\u0131nda dola\u015fmak isteyen her ya\u015ftan okurun zevkle okuyaca\u011f\u0131 bir ba\u015fucu kitab\u0131&#8230;<\/p>","protected":false},"featured_media":10497,"template":"","meta":{"spay_email":""},"product_cat":[170],"product_tag":[],"item":[360],"acf":[],"_links":{"self":[{"href":"https:\/\/mgvpublications.com\/de\/wp-json\/wp\/v2\/product\/10496"}],"collection":[{"href":"https:\/\/mgvpublications.com\/de\/wp-json\/wp\/v2\/product"}],"about":[{"href":"https:\/\/mgvpublications.com\/de\/wp-json\/wp\/v2\/types\/product"}],"wp:featuredmedia":[{"embeddable":true,"href":"https:\/\/mgvpublications.com\/de\/wp-json\/wp\/v2\/media\/10497"}],"wp:attachment":[{"href":"https:\/\/mgvpublications.com\/de\/wp-json\/wp\/v2\/media?parent=10496"}],"wp:term":[{"taxonomy":"product_cat","embeddable":true,"href":"https:\/\/mgvpublications.com\/de\/wp-json\/wp\/v2\/product_cat?post=10496"},{"taxonomy":"product_tag","embeddable":true,"href":"https:\/\/mgvpublications.com\/de\/wp-json\/wp\/v2\/product_tag?post=10496"},{"taxonomy":"item","embeddable":true,"href":"https:\/\/mgvpublications.com\/de\/wp-json\/wp\/v2\/item?post=10496"}],"curies":[{"name":"wp","href":"https:\/\/api.w.org\/{rel}","templated":true}]}}