{"id":10493,"date":"2020-12-02T15:42:50","date_gmt":"2020-12-02T14:42:50","guid":{"rendered":"https:\/\/dev2.mgvpublications.com\/produkt\/batililasma-yolunda\/"},"modified":"2022-03-08T22:32:50","modified_gmt":"2022-03-08T21:32:50","slug":"batililasma-yolunda","status":"publish","type":"product","link":"https:\/\/mgvpublications.com\/de\/batililasma-yolunda\/","title":{"rendered":"Bat\u0131l\u0131la\u015fma Yolunda"},"content":{"rendered":"<p>Yay\u0131n Tarihi: 04.05.2017<br \/>ISBN: 9789751035530<br \/>Dil: T\u00dcRK\u00c7E<br \/>Sayfa Say\u0131s\u0131: 328<br \/>Cilt Tipi: Karton Kapak<br \/>Ka\u011f\u0131t Cinsi: Kitap Ka\u011f\u0131d\u0131<br \/>Boyut: 13.7 x 21.5 cm<\/p>","protected":false},"excerpt":{"rendered":"<p>Bir uygarl\u0131k \u00e7evresine girme a\u015famas\u0131ndaki toplum, model ald\u0131\u011f\u0131 toplumun kendine g\u00f6re bir resmini \u00e7izer, o uygarl\u0131kta ve hayat tarz\u0131nda kendine g\u00f6re demirleme alanlar\u0131, referans noktalar\u0131 saptar. Osmanl\u0131 \u0130mparatorlu\u011fu\u2019nun t\u00fcm yap\u0131 ve kurumlar\u0131yla bir b\u00fct\u00fcn olarak ya\u015fad\u0131\u011f\u0131 modernle\u015fme olgusu da bu \u00e7izgiden hareket etmi\u015ftir. 23 Aral\u0131k 1876\u2019da Osmanl\u0131 \u0130mparatorlu\u011fu art\u0131k anayasal bir monar\u015fi oldu ve \u00f6mr\u00fcn\u00fcn son 46 y\u0131l\u0131n\u0131 bu rejimle tamamlad\u0131. \u0130lber Ortayl\u0131\u2019n\u0131n Osmanl\u0131 kurum ve cemaatlerinin modernle\u015fme \u00e7abalar\u0131n\u0131 irdeleyen eseri Bat\u0131l\u0131la\u015fma Yolunda Tanzimat, Tanzimat devri bas\u0131n\u0131, Osmanl\u0131 parlamentosundaki millet temsili, anayasal rejim sorunu, ta\u015fra b\u00fcrokrasisi, idari modernle\u015fme, mahalli idareler, diplomasi, Osmanl\u0131\u2019da laiklik hareketleri, Osmanl\u0131 idaresi alt\u0131ndaki dini gruplar, Alev\u00eelik, Nusayr\u00eel\u00eek, Ortodoks Kilisesi ve Musev\u00eeler gibi pek \u00e7ok konuyu tarihsel perspektifi i\u00e7erisinde ele al\u0131yor.<\/p>","protected":false},"featured_media":20140,"template":"","meta":{"spay_email":""},"product_cat":[170],"product_tag":[],"item":[741],"acf":[],"_links":{"self":[{"href":"https:\/\/mgvpublications.com\/de\/wp-json\/wp\/v2\/product\/10493"}],"collection":[{"href":"https:\/\/mgvpublications.com\/de\/wp-json\/wp\/v2\/product"}],"about":[{"href":"https:\/\/mgvpublications.com\/de\/wp-json\/wp\/v2\/types\/product"}],"wp:featuredmedia":[{"embeddable":true,"href":"https:\/\/mgvpublications.com\/de\/wp-json\/wp\/v2\/media\/20140"}],"wp:attachment":[{"href":"https:\/\/mgvpublications.com\/de\/wp-json\/wp\/v2\/media?parent=10493"}],"wp:term":[{"taxonomy":"product_cat","embeddable":true,"href":"https:\/\/mgvpublications.com\/de\/wp-json\/wp\/v2\/product_cat?post=10493"},{"taxonomy":"product_tag","embeddable":true,"href":"https:\/\/mgvpublications.com\/de\/wp-json\/wp\/v2\/product_tag?post=10493"},{"taxonomy":"item","embeddable":true,"href":"https:\/\/mgvpublications.com\/de\/wp-json\/wp\/v2\/item?post=10493"}],"curies":[{"name":"wp","href":"https:\/\/api.w.org\/{rel}","templated":true}]}}