{"id":10490,"date":"2020-02-17T22:00:23","date_gmt":"2020-02-17T21:00:23","guid":{"rendered":"https:\/\/dev2.mgvpublications.com\/produkt\/tasavvufa-giris\/"},"modified":"2022-03-08T22:32:50","modified_gmt":"2022-03-08T21:32:50","slug":"tasavvufa-giris","status":"publish","type":"product","link":"https:\/\/mgvpublications.com\/de\/tasavvufa-giris\/","title":{"rendered":"Tasavvufa Giri\u015f"},"content":{"rendered":"<p>Yay\u0131n Tarihi\t2019-10-31<br \/>\nISBN\t9759161705<br \/>\nBask\u0131 Say\u0131s\u0131\t10. Bask\u0131<br \/>\nDil\tT\u00dcRK\u00c7E<br \/>\nSayfa Say\u0131s\u0131\t352<br \/>\nCilt Tipi\tKarton Kapak<br \/>\nKa\u011f\u0131t Cinsi\tKitap Ka\u011f\u0131d\u0131<br \/>\nBoyut\t13.5 x 21 cm<\/p>","protected":false},"excerpt":{"rendered":"<p>&#8220;Tasavvufa Giri\u015f&#8221;, ad\u0131 \u00fczerinde bir giri\u015f kitab\u0131. Tasavvuf nedir, nas\u0131l bir ilimdir ve hatta bir ilim midir, bug\u00fcn\u00fcn insan\u0131na neler s\u00f6yler, sorular\u0131n\u0131n cevaplar\u0131n\u0131 arayan, bu sorular\u0131 soranlarla s\u00f6yle\u015fen bir kitap. \u0130\u00e7eriden bakan bir kitap &#8220;Tasavvufa Giri\u015f&#8221;. Bu y\u00f6n\u00fcyle okuru bekleyen, akademik mesafesi olan, bilimsel bir \u00f6l\u00e7\u00fcl\u00fcl\u00fck i\u00e7inde ilerleyen (ve hadi itiraf edelim) s\u0131k\u0131c\u0131 bir kitap de\u011fil, aksine s\u0131cak, \u00e7arp\u0131c\u0131, kana kar\u0131\u015fan, kalbe dokunan bir eser.<\/p>\n<p>&#8220;Tasavvufa Giri\u015f&#8221;, \u00f6zellikle modern e\u011fitimden ge\u00e7mi\u015f, kafas\u0131 haliyle bir par\u00e7a kar\u0131\u015f\u0131k okur i\u00e7in s\u00fcrprizlerle, beklenmedik yeniliklerle dolu. Niyazi-i M\u0131sri\u2019den bahsederken, ayn\u0131 h\u0131zla kuantum fizi\u011fine ge\u00e7ebilen, psikiyatriden dem vururken fen\u00e2 makam\u0131n\u0131 s\u00f6z konusu edebilen k\u0131vrak, disiplinleraras\u0131 bir \u00e7al\u0131\u015fma. Bu y\u00f6n\u00fcyle, b\u00fct\u00fcn insani ilimleri, b\u00fct\u00fcn be\u015feri disiplinleri ayn\u0131 potada eritmeyi deneyerek tasavvuf mektebinin tevhid ilkesini, \u00fcslubuyla da hat\u0131rlatan bir kitap.<\/p>\n<p>Tasavvufi bilginin mahiyeti nedir, seyr\u00fc s\u00fcluk nas\u0131ld\u0131r, m\u00fcr\u015fid kimdir, led\u00fcnni bilgi nedir gibi, tasavvufun ana konular\u0131n\u0131 bir de, hem maddi hem manevi d\u00fcnyam\u0131z\u0131n dinamiklerini yorumlamada istisnai bir isim olan Prof. Dr. Mahmud Erol K\u0131l\u0131\u00e7\u2019tan okuyun.<\/p>","protected":false},"featured_media":10491,"template":"","meta":{"spay_email":""},"product_cat":[174],"product_tag":[],"item":[767],"acf":[],"_links":{"self":[{"href":"https:\/\/mgvpublications.com\/de\/wp-json\/wp\/v2\/product\/10490"}],"collection":[{"href":"https:\/\/mgvpublications.com\/de\/wp-json\/wp\/v2\/product"}],"about":[{"href":"https:\/\/mgvpublications.com\/de\/wp-json\/wp\/v2\/types\/product"}],"wp:featuredmedia":[{"embeddable":true,"href":"https:\/\/mgvpublications.com\/de\/wp-json\/wp\/v2\/media\/10491"}],"wp:attachment":[{"href":"https:\/\/mgvpublications.com\/de\/wp-json\/wp\/v2\/media?parent=10490"}],"wp:term":[{"taxonomy":"product_cat","embeddable":true,"href":"https:\/\/mgvpublications.com\/de\/wp-json\/wp\/v2\/product_cat?post=10490"},{"taxonomy":"product_tag","embeddable":true,"href":"https:\/\/mgvpublications.com\/de\/wp-json\/wp\/v2\/product_tag?post=10490"},{"taxonomy":"item","embeddable":true,"href":"https:\/\/mgvpublications.com\/de\/wp-json\/wp\/v2\/item?post=10490"}],"curies":[{"name":"wp","href":"https:\/\/api.w.org\/{rel}","templated":true}]}}