{"id":10484,"date":"2020-02-17T21:50:37","date_gmt":"2020-02-17T20:50:37","guid":{"rendered":"https:\/\/dev2.mgvpublications.com\/produkt\/50-tarihi-anekdot\/"},"modified":"2022-03-08T22:32:49","modified_gmt":"2022-03-08T21:32:49","slug":"50-tarihi-anekdot","status":"publish","type":"product","link":"https:\/\/mgvpublications.com\/de\/50-tarihi-anekdot\/","title":{"rendered":"50 Tarihi Anekdot"},"content":{"rendered":"<p>Yay\u0131n Tarihi 2020-01-03<br \/>\nOrjinal Ad\u0131 50 Dr\u00f4les d\u2019Anecdotes Historiques<br \/>\nISBN 6056962066<br \/>\nBask\u0131 Say\u0131s\u0131 1. Bask\u0131<br \/>\nDil T\u00dcRK\u00c7E<br \/>\nSayfa Say\u0131s\u0131 168<br \/>\nCilt Tipi Karton Kapak<br \/>\nKa\u011f\u0131t Cinsi Kitap Ka\u011f\u0131d\u0131<br \/>\nBoyut 13.5 x 21 cm<\/p>","protected":false},"excerpt":{"rendered":"<p>Tarih, ger\u00e7ek hikayeler ve biraz da mizah: \u0130\u015fte ak\u015fam yemeklerinin y\u0131ld\u0131z\u0131!<br \/>\nSakin bir g\u00fcn\u00fcn ak\u015fam\u0131, g\u00fczel yemekler ve m\u00fckemmel bir sofrada eksik olan bir \u015feyler h\u00e2l\u00e2 var; anekdotlar\u2026 Tarihi s\u0131k\u0131c\u0131 bulanlar\u0131n aksine bu kitap, sizlere onun e\u011flenceli, komik ve \u015fa\u015f\u0131rt\u0131c\u0131 y\u00f6n\u00fcn\u00fc vadediyor.<br \/>\nABD Ba\u015fkan\u0131 kenevir yeti\u015ftiriyordu!<br \/>\nBu salg\u0131n hastal\u0131k dans ettiriyor.<br \/>\nFransa\u2019n\u0131n Hintli m\u00fcstakbel kral\u0131 kim?<br \/>\n\u00c7atal kulland\u0131\u011f\u0131 i\u00e7in Tanr\u0131\u2019n\u0131n gazab\u0131na u\u011frad\u0131lar.<br \/>\nTarihin en b\u00fcy\u00fck palavras\u0131!<br \/>\nOturarak uyuyan soylular\u0131n diyar\u0131<br \/>\nTarih ne zaman bitiyor?<br \/>\nFrede Royer\u2019in yazm\u0131\u015f oldu\u011fu 50 Tarihi Anekdot ile, ak\u015fam yemeklerinde arkada\u015flar\u0131n\u0131za anlataca\u011f\u0131n\u0131z e\u011flenceli ve bir o kadar \u015fa\u015f\u0131rt\u0131c\u0131 ger\u00e7ek hikayeleri be\u011feninize sunuyoruz.<\/p>","protected":false},"featured_media":10485,"template":"","meta":{"spay_email":""},"product_cat":[170],"product_tag":[],"item":[1133],"acf":[],"_links":{"self":[{"href":"https:\/\/mgvpublications.com\/de\/wp-json\/wp\/v2\/product\/10484"}],"collection":[{"href":"https:\/\/mgvpublications.com\/de\/wp-json\/wp\/v2\/product"}],"about":[{"href":"https:\/\/mgvpublications.com\/de\/wp-json\/wp\/v2\/types\/product"}],"wp:featuredmedia":[{"embeddable":true,"href":"https:\/\/mgvpublications.com\/de\/wp-json\/wp\/v2\/media\/10485"}],"wp:attachment":[{"href":"https:\/\/mgvpublications.com\/de\/wp-json\/wp\/v2\/media?parent=10484"}],"wp:term":[{"taxonomy":"product_cat","embeddable":true,"href":"https:\/\/mgvpublications.com\/de\/wp-json\/wp\/v2\/product_cat?post=10484"},{"taxonomy":"product_tag","embeddable":true,"href":"https:\/\/mgvpublications.com\/de\/wp-json\/wp\/v2\/product_tag?post=10484"},{"taxonomy":"item","embeddable":true,"href":"https:\/\/mgvpublications.com\/de\/wp-json\/wp\/v2\/item?post=10484"}],"curies":[{"name":"wp","href":"https:\/\/api.w.org\/{rel}","templated":true}]}}