{"id":10480,"date":"2020-12-02T15:42:47","date_gmt":"2020-12-02T14:42:47","guid":{"rendered":"https:\/\/dev2.mgvpublications.com\/produkt\/sercekus\/"},"modified":"2022-03-08T22:32:49","modified_gmt":"2022-03-08T21:32:49","slug":"sercekus","status":"publish","type":"product","link":"https:\/\/mgvpublications.com\/de\/sercekus\/","title":{"rendered":"Ser\u00e7eku\u015f"},"content":{"rendered":"<p>Yay\u0131n Tarihi: 01.10.2015<br \/>ISBN: 9789754731330<br \/>Dil: T\u00dcRK\u00c7E<br \/>Sayfa Say\u0131s\u0131: 96<br \/>Cilt Tipi: Karton Kapak<br \/>Ka\u011f\u0131t Cinsi: Kitap Ka\u011f\u0131d\u0131<br \/>Boyut: 12 x 19.5 cm<\/p>","protected":false},"excerpt":{"rendered":"<p>&#8220;Ser\u00e7eku\u015f&#8221; \u00e7a\u011fda\u015f bir masal. \u00c7ocuk gibi d\u00fc\u015f\u00fcnen, etraf\u0131na \u00e7ocuk gibi bakan bir ser\u00e7enin avc\u0131 ile ba\u015flayan maceras\u0131. &#8220;Ser\u00e7eku\u015f&#8221;un en belirgin \u00f6zelli\u011fi anlat\u0131m\u0131ndaki \u015fiirselli\u011fi olarak belirir. Her ya\u015ftan okurun zevkle okuyabilece\u011fi bir kitap. Bu y\u00f6n\u00fcyle &#8220;Ser\u00e7eku\u015f&#8221; \u00e7ocuk edebiyat\u0131m\u0131z\u0131n klasikleri aras\u0131nda \u00f6nemli bir yere sahip bulunuyor.<\/p>","protected":false},"featured_media":20210,"template":"","meta":{"spay_email":""},"product_cat":[172],"product_tag":[],"item":[389],"acf":[],"_links":{"self":[{"href":"https:\/\/mgvpublications.com\/de\/wp-json\/wp\/v2\/product\/10480"}],"collection":[{"href":"https:\/\/mgvpublications.com\/de\/wp-json\/wp\/v2\/product"}],"about":[{"href":"https:\/\/mgvpublications.com\/de\/wp-json\/wp\/v2\/types\/product"}],"wp:featuredmedia":[{"embeddable":true,"href":"https:\/\/mgvpublications.com\/de\/wp-json\/wp\/v2\/media\/20210"}],"wp:attachment":[{"href":"https:\/\/mgvpublications.com\/de\/wp-json\/wp\/v2\/media?parent=10480"}],"wp:term":[{"taxonomy":"product_cat","embeddable":true,"href":"https:\/\/mgvpublications.com\/de\/wp-json\/wp\/v2\/product_cat?post=10480"},{"taxonomy":"product_tag","embeddable":true,"href":"https:\/\/mgvpublications.com\/de\/wp-json\/wp\/v2\/product_tag?post=10480"},{"taxonomy":"item","embeddable":true,"href":"https:\/\/mgvpublications.com\/de\/wp-json\/wp\/v2\/item?post=10480"}],"curies":[{"name":"wp","href":"https:\/\/api.w.org\/{rel}","templated":true}]}}