{"id":10478,"date":"2020-12-02T15:42:47","date_gmt":"2020-12-02T14:42:47","guid":{"rendered":"https:\/\/dev2.mgvpublications.com\/produkt\/yuerekdede-ile-padisah\/"},"modified":"2022-03-08T22:32:48","modified_gmt":"2022-03-08T21:32:48","slug":"yuerekdede-ile-padisah","status":"publish","type":"product","link":"https:\/\/mgvpublications.com\/de\/yuerekdede-ile-padisah\/","title":{"rendered":"Y\u00fcrekdede \u0130le Padi\u015fah"},"content":{"rendered":"<p>Yay\u0131n Tarihi: 01.10.2015<br \/>ISBN: 9789754731279<br \/>Dil: T\u00dcRK\u00c7E<br \/>Sayfa Say\u0131s\u0131: 87<br \/>Cilt Tipi: Karton Kapak<br \/>Ka\u011f\u0131t Cinsi: Kitap Ka\u011f\u0131d\u0131<br \/>Boyut: 12.5 x 19.5 cm<\/p>","protected":false},"excerpt":{"rendered":"<p>E\u015fe\u011fini kaybeden Y\u00fcrekdede, pazardan k\u00fc\u00e7\u00fck bir deve sat\u0131n al\u0131r. Her y\u0131l \u00e7\u0131kt\u0131klar\u0131 yaylaya gitmek \u00fczere han\u0131m\u0131 Ay\u015fe Nine ile yola \u00e7\u0131karlar. Az giderler, uz giderler, dere tepe d\u00fcz giderler. Konaklad\u0131klar\u0131 yerde atl\u0131lar \u00e7\u0131kar kar\u015f\u0131lar\u0131na. Onlar\u0131 doyurmak i\u00e7in &#8220;bir g\u00fczel s\u00f6z, bir sevgiye&#8221; ald\u0131\u011f\u0131 deveci\u011fi keser Y\u00fcrekdede. Padi\u015fah\u0131n atl\u0131lar\u0131n aras\u0131nda oldu\u011funu fark edemezler. Saraya davet edilirler. Sonra ne oldu, dersiniz. &#8220;Y\u00fcrekdede ile Padi\u015fah&#8221; kitab\u0131 bu mutlu sona ad\u0131m ad\u0131m yakla\u015ft\u0131racak sizi.<\/p>","protected":false},"featured_media":20202,"template":"","meta":{"spay_email":""},"product_cat":[172],"product_tag":[],"item":[389],"acf":[],"_links":{"self":[{"href":"https:\/\/mgvpublications.com\/de\/wp-json\/wp\/v2\/product\/10478"}],"collection":[{"href":"https:\/\/mgvpublications.com\/de\/wp-json\/wp\/v2\/product"}],"about":[{"href":"https:\/\/mgvpublications.com\/de\/wp-json\/wp\/v2\/types\/product"}],"wp:featuredmedia":[{"embeddable":true,"href":"https:\/\/mgvpublications.com\/de\/wp-json\/wp\/v2\/media\/20202"}],"wp:attachment":[{"href":"https:\/\/mgvpublications.com\/de\/wp-json\/wp\/v2\/media?parent=10478"}],"wp:term":[{"taxonomy":"product_cat","embeddable":true,"href":"https:\/\/mgvpublications.com\/de\/wp-json\/wp\/v2\/product_cat?post=10478"},{"taxonomy":"product_tag","embeddable":true,"href":"https:\/\/mgvpublications.com\/de\/wp-json\/wp\/v2\/product_tag?post=10478"},{"taxonomy":"item","embeddable":true,"href":"https:\/\/mgvpublications.com\/de\/wp-json\/wp\/v2\/item?post=10478"}],"curies":[{"name":"wp","href":"https:\/\/api.w.org\/{rel}","templated":true}]}}