{"id":10472,"date":"2020-02-17T21:20:00","date_gmt":"2020-02-17T20:20:00","guid":{"rendered":"https:\/\/dev2.mgvpublications.com\/produkt\/islam-duenyasinin-yuekselis-ve-coekuesleri\/"},"modified":"2022-03-08T22:32:47","modified_gmt":"2022-03-08T21:32:47","slug":"islam-duenyasinin-yuekselis-ve-coekuesleri","status":"publish","type":"product","link":"https:\/\/mgvpublications.com\/de\/islam-duenyasinin-yuekselis-ve-coekuesleri\/","title":{"rendered":"\u0130slam D\u00fcnyas\u0131n\u0131n Y\u00fckseli\u015f ve \u00c7\u00f6k\u00fc\u015fleri"},"content":{"rendered":"<p>\u00c7evirmen: Cemal Ayd\u0131n<br \/>Yay\u0131n Tarihi: 21.06.2019<br \/>ISBN: 9786050828641<br \/>Dil: T\u00dcRK\u00c7E<br \/>Sayfa Say\u0131s\u0131: 192<br \/>Cilt Tipi: Karton Kapak<br \/>Ka\u011f\u0131t Cinsi: Kitap Ka\u011f\u0131d\u0131<br \/>Boyut: 13.5 x 21 cm<\/p>","protected":false},"excerpt":{"rendered":"<p>Roger Garaudy bu kitab\u0131nda \u00f6zetle \u015f\u00f6yle sesleniyor: \u0130sl\u00e2m, bir y\u00fczy\u0131l i\u00e7inde Atlas okyanusundan \u00c7in denizine, \u0130spanya ve Portekiz\u2019den Malezya ve Endonezya\u2019ya \u015fim\u015fek h\u0131z\u0131yla yay\u0131lm\u0131\u015ft\u0131. \u0130nsanl\u0131k gece kelebekleri gibi \u0130sl\u00e2m\u2019\u0131n \u0131\u015f\u0131lt\u0131s\u0131na ko\u015fmu\u015ftu. Avrupa karanl\u0131klar i\u00e7inde y\u00fczerken, \u0130sl\u00e2m as\u0131rlarca d\u00fcnyay\u0131 ayd\u0131nlatm\u0131\u015ft\u0131. Ne oldu da o \u0131\u015f\u0131lt\u0131l\u0131 \u0130sl\u00e2m s\u00f6n\u00fckle\u015fti? Canl\u0131l\u0131\u011f\u0131n\u0131 ni\u00e7in yitirdi? Neden \u00e7\u00f6kt\u00fc? Avrupa\u2019n\u0131n ve Amerika\u2019n\u0131n yalanc\u0131 par\u0131lt\u0131s\u0131na art\u0131k kanmayal\u0131m! Asl\u0131nda onlar \u00fcrk\u00fct\u00fcc\u00fc bir h\u0131zla \u00e7\u00f6k\u00fcyorlar! B\u00fct\u00fcn Bat\u0131 \u00e2lemi ve onun g\u00fcd\u00fcm\u00fcndeki d\u00fcnya h\u0131zla u\u00e7uruma, daha do\u011frusu toplu bir intihara gidiyor! O y\u00fczden de g\u00fcn\u00fcm\u00fcz insanl\u0131\u011f\u0131, \u0130sl\u00e2m\u2019a d\u00fcn\u00fcn insanl\u0131\u011f\u0131ndan \u00e7ok daha fazla muhta\u00e7! B\u00fct\u00fcn bir d\u00fcnya insanl\u0131\u011f\u0131n\u0131n yok olu\u015fa do\u011fru bu gidi\u015fini ancak \u0130sl\u00e2m durdurabilir! Bu kurtar\u0131c\u0131 rol\u00fc \u00fcstlenebilmesi i\u00e7inse, \u0130sl\u00e2m\u2019\u0131n yeniden \u0131\u015f\u0131ldamas\u0131 gerekiyor. Bu eserde sadece m\u00fcsl\u00fcmanlar\u0131 ve \u0130sl\u00e2m \u00e2lemini de\u011fil, b\u00fct\u00fcn yery\u00fcz\u00fc insanl\u0131\u011f\u0131n\u0131 \u00e7ok yak\u0131ndan ilgilendiren en hayat\u00ee sorunlar ele al\u0131n\u0131yor.<\/p>","protected":false},"featured_media":21412,"template":"","meta":{"spay_email":""},"product_cat":[174],"product_tag":[],"item":[360],"acf":[],"_links":{"self":[{"href":"https:\/\/mgvpublications.com\/de\/wp-json\/wp\/v2\/product\/10472"}],"collection":[{"href":"https:\/\/mgvpublications.com\/de\/wp-json\/wp\/v2\/product"}],"about":[{"href":"https:\/\/mgvpublications.com\/de\/wp-json\/wp\/v2\/types\/product"}],"wp:featuredmedia":[{"embeddable":true,"href":"https:\/\/mgvpublications.com\/de\/wp-json\/wp\/v2\/media\/21412"}],"wp:attachment":[{"href":"https:\/\/mgvpublications.com\/de\/wp-json\/wp\/v2\/media?parent=10472"}],"wp:term":[{"taxonomy":"product_cat","embeddable":true,"href":"https:\/\/mgvpublications.com\/de\/wp-json\/wp\/v2\/product_cat?post=10472"},{"taxonomy":"product_tag","embeddable":true,"href":"https:\/\/mgvpublications.com\/de\/wp-json\/wp\/v2\/product_tag?post=10472"},{"taxonomy":"item","embeddable":true,"href":"https:\/\/mgvpublications.com\/de\/wp-json\/wp\/v2\/item?post=10472"}],"curies":[{"name":"wp","href":"https:\/\/api.w.org\/{rel}","templated":true}]}}