{"id":10463,"date":"2020-02-17T19:20:15","date_gmt":"2020-02-17T18:20:15","guid":{"rendered":"https:\/\/dev2.mgvpublications.com\/produkt\/son-hasat\/"},"modified":"2022-03-08T22:32:47","modified_gmt":"2022-03-08T21:32:47","slug":"son-hasat","status":"publish","type":"product","link":"https:\/\/mgvpublications.com\/de\/son-hasat\/","title":{"rendered":"Son Hasat"},"content":{"rendered":"<p>Yay\u0131n Tarihi: 11.03.2021<br \/>ISBN: 9786050825855<br \/>Dil: T\u00dcRK\u00c7E<br \/>Sayfa Say\u0131s\u0131: 208<br \/>Cilt Tipi: Karton Kapak<br \/>Ka\u011f\u0131t Cinsi: Kitap Ka\u011f\u0131d\u0131<br \/>Boyut: 13.5 x 21 cm<\/p>","protected":false},"excerpt":{"rendered":"<p>G\u00f6kku\u015fa\u011f\u0131ndan ormanlar dikiyorum \u015fimdi B\u00fct\u00fcn renkleri geri getirmeye geliyorum \u00d6l\u00fcm\u00fcmle ya\u015fam\u0131m\u0131 geri getirmeye geliyorum Cennette seni bekliyorum Belki dirilir g\u00f6nl\u00fcm\u00fcn yaln\u0131zl\u0131\u011f\u0131 Hepsi bir a\u015fk hik\u00e2yesi Hilal&#8230; Akhisarl\u0131 zeytinya\u011f\u0131 t\u00fcccar\u0131 bir ailenin, ku\u015faklard\u0131r iyi yeti\u015fmi\u015f, g\u00f6rm\u00fc\u015f ge\u00e7irmi\u015f bir neslin son halkas\u0131, \u015fehrin en itibarl\u0131 adamlar\u0131ndan \u0130smail Bey&#8217;in k\u0131z\u0131. Biraz \u015f\u0131mar\u0131k, biraz garip, ba\u015f\u0131 renklerle, i\u00e7indeki seslerle dertte olan Hilal. Ailesinin herkesten, neredeyse kendilerinden bile saklad\u0131\u011f\u0131 \u201cger\u00e7ek\u201dle \u015fizofren Hilal. Ve Alparslan&#8230; Akhisar\u2019\u0131n bir ba\u015fka g\u00fc\u00e7 sahibi ailesinin, t\u00fct\u00fcn tarlalar\u0131na h\u00fckmeden Halil A\u011fa&#8217;n\u0131n o\u011flu. Babas\u0131n\u0131n eli kolu, her \u015feyi, gelece\u011fi, soyunun y\u00fcr\u00fcyece\u011fi ki\u015fi.<\/p>","protected":false},"featured_media":19669,"template":"","meta":{"spay_email":""},"product_cat":[168],"product_tag":[],"item":[360],"acf":[],"_links":{"self":[{"href":"https:\/\/mgvpublications.com\/de\/wp-json\/wp\/v2\/product\/10463"}],"collection":[{"href":"https:\/\/mgvpublications.com\/de\/wp-json\/wp\/v2\/product"}],"about":[{"href":"https:\/\/mgvpublications.com\/de\/wp-json\/wp\/v2\/types\/product"}],"wp:featuredmedia":[{"embeddable":true,"href":"https:\/\/mgvpublications.com\/de\/wp-json\/wp\/v2\/media\/19669"}],"wp:attachment":[{"href":"https:\/\/mgvpublications.com\/de\/wp-json\/wp\/v2\/media?parent=10463"}],"wp:term":[{"taxonomy":"product_cat","embeddable":true,"href":"https:\/\/mgvpublications.com\/de\/wp-json\/wp\/v2\/product_cat?post=10463"},{"taxonomy":"product_tag","embeddable":true,"href":"https:\/\/mgvpublications.com\/de\/wp-json\/wp\/v2\/product_tag?post=10463"},{"taxonomy":"item","embeddable":true,"href":"https:\/\/mgvpublications.com\/de\/wp-json\/wp\/v2\/item?post=10463"}],"curies":[{"name":"wp","href":"https:\/\/api.w.org\/{rel}","templated":true}]}}