{"id":10451,"date":"2020-02-17T18:42:15","date_gmt":"2020-02-17T17:42:15","guid":{"rendered":"https:\/\/dev2.mgvpublications.com\/produkt\/gercek-mucize-kendine-inanmaktir\/"},"modified":"2022-04-26T14:51:38","modified_gmt":"2022-04-26T12:51:38","slug":"gercek-mucize-kendine-inanmaktir","status":"publish","type":"product","link":"https:\/\/mgvpublications.com\/de\/gercek-mucize-kendine-inanmaktir\/","title":{"rendered":"Ger\u00e7ek Mucize Kendine \u0130nanmakt\u0131r"},"content":{"rendered":"<p>Yay\u0131n Tarihi\t2019-12-19<br \/>\nISBN\t6057906724<br \/>\nBask\u0131 Say\u0131s\u0131\t1. Bask\u0131<br \/>\nDil\tT\u00dcRK\u00c7E<br \/>\nSayfa Say\u0131s\u0131\t176<br \/>\nCilt Tipi\tKarton Kapak<br \/>\nKa\u011f\u0131t Cinsi\tKitap Ka\u011f\u0131d\u0131<br \/>\nBoyut\t13.5 x 21 cm<\/p>","protected":false},"excerpt":{"rendered":"<p>Ne mutlu olmak i\u00e7in ne de hayat\u0131n\u0131 de\u011fi\u015ftirmek i\u00e7in asla ge\u00e7 kalm\u0131\u015f say\u0131lmazs\u0131n!<br \/>\nBug\u00fcn\u00fc, tam da bug\u00fcn\u00fc hayat\u0131n\u0131n en iyi g\u00fcn\u00fc yapabilmek senin elinde; nefes al\u0131yorsun, ya\u015f\u0131yorsun, dert s\u0131k\u0131nt\u0131 geldi diye \u00f6lm\u00fc\u015f say\u0131lmazs\u0131n!<br \/>\nBa\u015far\u0131s\u0131zl\u0131ktan asla korkma, gelecek sene \u015fu an oldu\u011fun yerde kalm\u0131\u015f olmaktan KORK!<br \/>\nD\u00fcn\u00fc unut, bitti, ge\u00e7ti, gitti; elinde bug\u00fcn var, k\u0131ymetini bil ve hi\u00e7bir \u015feyi yar\u0131na b\u0131rakma!<br \/>\n\u201cYar\u0131na b\u0131rakma, bakars\u0131n yar\u0131n olur da sen olmazs\u0131n!\u201d<br \/>\nUnutma, ya\u015fanm\u0131\u015f bir an ya\u015fanmam\u0131\u015f bir hayalden daha g\u00fczeldir!<br \/>\nZaman\u0131 geldi, bug\u00fcn o g\u00fcn!<br \/>\nKad\u0131n m\u0131s\u0131n, erkek misin, \u00e7ocuk musun umurumda de\u011fil!<br \/>\nKalk ve silkelen.<br \/>\nErtelemekten vazge\u00e7, cesaretlen.<br \/>\nHayat ertelenecek kadar uzun de\u011fil dostum, bug\u00fcn\u00fcn\u00fc sahiplen!<\/p>","protected":false},"featured_media":10452,"template":"","meta":{"spay_email":""},"product_cat":[175],"product_tag":[],"item":[1362],"acf":[],"_links":{"self":[{"href":"https:\/\/mgvpublications.com\/de\/wp-json\/wp\/v2\/product\/10451"}],"collection":[{"href":"https:\/\/mgvpublications.com\/de\/wp-json\/wp\/v2\/product"}],"about":[{"href":"https:\/\/mgvpublications.com\/de\/wp-json\/wp\/v2\/types\/product"}],"wp:featuredmedia":[{"embeddable":true,"href":"https:\/\/mgvpublications.com\/de\/wp-json\/wp\/v2\/media\/10452"}],"wp:attachment":[{"href":"https:\/\/mgvpublications.com\/de\/wp-json\/wp\/v2\/media?parent=10451"}],"wp:term":[{"taxonomy":"product_cat","embeddable":true,"href":"https:\/\/mgvpublications.com\/de\/wp-json\/wp\/v2\/product_cat?post=10451"},{"taxonomy":"product_tag","embeddable":true,"href":"https:\/\/mgvpublications.com\/de\/wp-json\/wp\/v2\/product_tag?post=10451"},{"taxonomy":"item","embeddable":true,"href":"https:\/\/mgvpublications.com\/de\/wp-json\/wp\/v2\/item?post=10451"}],"curies":[{"name":"wp","href":"https:\/\/api.w.org\/{rel}","templated":true}]}}