{"id":10447,"date":"2020-02-17T18:29:08","date_gmt":"2020-02-17T17:29:08","guid":{"rendered":"https:\/\/dev2.mgvpublications.com\/produkt\/peygamber-efendimizden-365-oernek-davranis\/"},"modified":"2022-03-08T22:32:45","modified_gmt":"2022-03-08T21:32:45","slug":"peygamber-efendimizden-365-oernek-davranis","status":"publish","type":"product","link":"https:\/\/mgvpublications.com\/de\/peygamber-efendimizden-365-oernek-davranis\/","title":{"rendered":"Peygamber Efendimizden 365 \u00d6rnek Davran\u0131\u015f"},"content":{"rendered":"<p>Yay\u0131n Tarihi 2012-01-01<br \/>\nISBN 9944834551<br \/>\nBask\u0131 Say\u0131s\u0131 1. Bask\u0131<br \/>\nDil T\u00dcRK\u00c7E<br \/>\nSayfa Say\u0131s\u0131 224<br \/>\nCilt Tipi Ciltli<br \/>\nKa\u011f\u0131t Cinsi Ku\u015fe Ka\u011f\u0131t<br \/>\nBoyut 16 x 22 cm<\/p>","protected":false},"excerpt":{"rendered":"<p>Rahmeten li&#8217;l-alemin efendimizin davran\u0131\u015flar\u0131n\u0131 \u00f6\u011frenmek, anlamak ve hayat\u0131m\u0131za tatbik etmenin esas gayesi, hayata o&#8217;nun bakt\u0131\u011f\u0131 yerden bakmak, d\u00fcnyaya o&#8217;nun verdi\u011fi k\u0131ymeti vermek, \u00fcmidi, korkuyu ve sevinci onun alg\u0131s\u0131 \u00e7er\u00e7evesinde yeniden tarif etmek i\u00e7indir. Kitab\u0131m\u0131z, temel eserler taranarak \u00e7\u0131kart\u0131lan 365 nebevi davran\u0131\u015f ve bu davran\u0131\u015flar\u0131n toplu olarak verildi\u011fi bir metinden olu\u015fmaktad\u0131r. Her davran\u0131\u015f\u0131 ; &#8221;o yapard\u0131&#8221; , &#8221;\u00f6\u011frendim&#8221; ve &#8221;yapt\u0131m&#8221; \u015feklinde \u00fc\u00e7 alt b\u00f6l\u00fcme sahiptir. \u0130lk b\u00f6l\u00fcmde k\u0131sa ve \u00f6z bir ifade ile davran\u0131\u015f\u0131n kendisi, ikinci b\u00f6l\u00fcmde bu davran\u0131\u015fa mesnet te\u015fkil eden rivayet bulunmakta, \u00fc\u00e7\u00fcnc\u00fc b\u00f6l\u00fcmde ise okuyucunun o davran\u0131\u015fla ilgili kanaat, tecr\u00fcbe ya da uygulamas\u0131n\u0131 kaydetmesine imkan sa\u011flayan bir giri\u015f metni ve bo\u015fluk yer almaktad\u0131r.365 davran\u0131\u015f\u0131n her g\u00fcn bir tanesini okuyup \u00f6\u011frenip, uygulayarak buraya notunu d\u00fc\u015fen okuyucu, inan\u0131yoruz ki o kutlu el\u00e7i&#8217;nin ahlak\u0131 ile ahlaklanma yolund a\u00f6nemli bir kat edecektir.<\/p>","protected":false},"featured_media":10448,"template":"","meta":{"spay_email":""},"product_cat":[174],"product_tag":[],"item":[962],"acf":[],"_links":{"self":[{"href":"https:\/\/mgvpublications.com\/de\/wp-json\/wp\/v2\/product\/10447"}],"collection":[{"href":"https:\/\/mgvpublications.com\/de\/wp-json\/wp\/v2\/product"}],"about":[{"href":"https:\/\/mgvpublications.com\/de\/wp-json\/wp\/v2\/types\/product"}],"wp:featuredmedia":[{"embeddable":true,"href":"https:\/\/mgvpublications.com\/de\/wp-json\/wp\/v2\/media\/10448"}],"wp:attachment":[{"href":"https:\/\/mgvpublications.com\/de\/wp-json\/wp\/v2\/media?parent=10447"}],"wp:term":[{"taxonomy":"product_cat","embeddable":true,"href":"https:\/\/mgvpublications.com\/de\/wp-json\/wp\/v2\/product_cat?post=10447"},{"taxonomy":"product_tag","embeddable":true,"href":"https:\/\/mgvpublications.com\/de\/wp-json\/wp\/v2\/product_tag?post=10447"},{"taxonomy":"item","embeddable":true,"href":"https:\/\/mgvpublications.com\/de\/wp-json\/wp\/v2\/item?post=10447"}],"curies":[{"name":"wp","href":"https:\/\/api.w.org\/{rel}","templated":true}]}}