{"id":10441,"date":"2020-12-02T15:42:44","date_gmt":"2020-12-02T14:42:44","guid":{"rendered":"https:\/\/dev2.mgvpublications.com\/produkt\/zindan-hatiralari\/"},"modified":"2022-03-25T20:37:24","modified_gmt":"2022-03-25T19:37:24","slug":"zindan-hatiralari","status":"publish","type":"product","link":"https:\/\/mgvpublications.com\/de\/zindan-hatiralari\/","title":{"rendered":"Zindan Hat\u0131ralar\u0131"},"content":{"rendered":"<p>\u00c7evirmen: H. H\u00fcseyingil<br \/>ISBN: 9786056726606<br \/>Dil: T\u00dcRK\u00c7E<br \/>Sayfa Say\u0131s\u0131: 248<br \/>Cilt Tipi: Karton Kapak<br \/>Ka\u011f\u0131t Cinsi: Kitap Ka\u011f\u0131d\u0131<br \/>Boyut: 13 x 19 cm<\/p>","protected":false},"excerpt":{"rendered":"<p>Bu kitaptan, yery\u00fcz\u00fcn\u00fcn ta\u011futlar\u0131n\u0131n, Allah ve \u0130slam d\u00fc\u015fmanlar\u0131n\u0131n, Allah&#8217;\u0131n dinine sar\u0131l\u0131p Kur&#8217;an&#8217;\u0131n g\u00f6sterdi\u011fi istikameti yol edinenlere reva g\u00f6rd\u00fckleri zul\u00fcm ve i\u015fkencelerden bir kesiti, Zeynep Gazali&#8217;nin ba\u015f\u0131na gelenleri deh\u015fetle okuyacaks\u0131n\u0131z. S\u0131rf &#8220;Rabbim Allah&#8217;t\u0131r&#8221; dedi\u011fi, Allah Teala&#8217;n\u0131n g\u00f6sterdi\u011fi istikamette y\u00fcr\u00fcd\u00fc\u011f\u00fc, ta\u011futlar\u0131n kirli saltanatlar\u0131na teslim olmad\u0131\u011f\u0131 i\u00e7in bir m\u00fcsl\u00fcman kad\u0131n\u0131n ba\u015f\u0131na gelen deh\u015fet verici i\u015fkenceleri, t\u00fcyleriniz diken diken olarak okuyacak; \u0130slam i\u00e7in nelere katlan\u0131labilece\u011fini g\u00f6receksiniz.<\/p>","protected":false},"featured_media":21451,"template":"","meta":{"spay_email":""},"product_cat":[173],"product_tag":[],"item":[876],"acf":[],"_links":{"self":[{"href":"https:\/\/mgvpublications.com\/de\/wp-json\/wp\/v2\/product\/10441"}],"collection":[{"href":"https:\/\/mgvpublications.com\/de\/wp-json\/wp\/v2\/product"}],"about":[{"href":"https:\/\/mgvpublications.com\/de\/wp-json\/wp\/v2\/types\/product"}],"wp:featuredmedia":[{"embeddable":true,"href":"https:\/\/mgvpublications.com\/de\/wp-json\/wp\/v2\/media\/21451"}],"wp:attachment":[{"href":"https:\/\/mgvpublications.com\/de\/wp-json\/wp\/v2\/media?parent=10441"}],"wp:term":[{"taxonomy":"product_cat","embeddable":true,"href":"https:\/\/mgvpublications.com\/de\/wp-json\/wp\/v2\/product_cat?post=10441"},{"taxonomy":"product_tag","embeddable":true,"href":"https:\/\/mgvpublications.com\/de\/wp-json\/wp\/v2\/product_tag?post=10441"},{"taxonomy":"item","embeddable":true,"href":"https:\/\/mgvpublications.com\/de\/wp-json\/wp\/v2\/item?post=10441"}],"curies":[{"name":"wp","href":"https:\/\/api.w.org\/{rel}","templated":true}]}}