{"id":10429,"date":"2020-02-06T13:28:53","date_gmt":"2020-02-06T12:28:53","guid":{"rendered":"https:\/\/dev2.mgvpublications.com\/produkt\/tevhid-ve-toplum\/"},"modified":"2022-03-08T22:32:44","modified_gmt":"2022-03-08T21:32:44","slug":"tevhid-ve-toplum","status":"publish","type":"product","link":"https:\/\/mgvpublications.com\/de\/tevhid-ve-toplum\/","title":{"rendered":"Tevhid ve Toplum"},"content":{"rendered":"<p>Yay\u0131n Tarihi\t2013-05-15<br \/>\nISBN\t9753521111<br \/>\nBask\u0131 Say\u0131s\u0131\t2. Bask\u0131<br \/>\nDil\tT\u00dcRK\u00c7E<br \/>\nSayfa Say\u0131s\u0131\t214<br \/>\nCilt Tipi\tKarton Kapak<br \/>\nKa\u011f\u0131t Cinsi\t3. Hm. Ka\u011f\u0131t<br \/>\nBoyut\t13.5 x 21 cm<\/p>","protected":false},"excerpt":{"rendered":"<p>nsan varolu\u015f ve yarat\u0131l\u0131\u015f gayesinin gere\u011fini yerine getirmek istiyorsa, Allah\u2019\u0131n m\u00fclk\u00fc oldu\u011funu bilmeli ve bir \u2018abd\u2019 bilinciyle davranmal\u0131d\u0131r. E\u011fer \u2018abd\u2019 oldu\u011funu unutur veya reddeder de kendisini m\u00fclk\u00fcn sahibi veya orta\u011f\u0131 k\u0131lmaya kalk\u0131\u015f\u0131rsa yarat\u0131l\u0131\u015f gayesini tersine \u00e7evirecek sapma ba\u015fl\u0131yor demektir. Bu sapman\u0131n neticesi ise, sadece d\u00fcnya hayat\u0131 d\u00fc\u015f\u00fcn\u00fcld\u00fc\u011f\u00fc zaman, aldanma, yanl\u0131\u015fl\u0131k, k\u00f6t\u00fcl\u00fck, zul\u00fcm, s\u00f6m\u00fcr\u00fc, keder, g\u00f6zya\u015f\u0131, ac\u0131 \u00e7ile, ahlaks\u0131zl\u0131k, sap\u0131kl\u0131k ve benzerleridir. \u015eirk i\u015fte b\u00f6ylesi bir sapmad\u0131r ve dolay\u0131s\u0131yla ar\u0131zidir, yanl\u0131\u015ft\u0131r tehlikeli bir gidi\u015ftir. Peygamberler ise b\u00f6ylesi tehlikeli bir gidi\u015fin \u00f6n\u00fcn\u00fc kesmek, b\u00f6ylesi yanl\u0131\u015f bir sapmay\u0131 \u00f6nlemek ve ger\u00e7ekle\u015fmi\u015f olanlar\u0131 tekrar g\u00fczerg\u00e2h\u0131na oturtmak i\u00e7in gelirler; \u201cAndolsun ki her \u00fcmmete Allah\u2019a kulluk edin, ta\u011futlardan ka\u00e7\u0131n\u0131n\u201d diye peygamberler g\u00f6ndermi\u015fizdir.<br \/>\nPeygamberler, insanlar\u0131n idrakine, duygular\u0131na hitap edip, bulunduklar\u0131 yolun yanl\u0131\u015fl\u0131\u011f\u0131n\u0131 g\u00f6sterir ve dosdo\u011fru yolu tarif ederler; \u201c\u0130\u015fte benim do\u011fru yolum bu. Ona uyun,(ba\u015fka)yollara uymay\u0131n ki, sizi O\u2019nun yolundan ay\u0131rmas\u0131n! (Azab\u0131ndan) korunman\u0131z i\u00e7in (Allah) size b\u00f6yle tavsiye ediyor.\u201d(6\/153)<br \/>\nBunun gere\u011fi ise, Tevhid ger\u00e7e\u011fini a\u00e7\u0131klamak ve gere\u011fini g\u00f6stermektir:<br \/>\n\u0130nsan ile Rabbi olan Allah aras\u0131nda uyum.<br \/>\n\u0130nsan ile toplum aras\u0131nda uyum. \u0130nsan\u0131n inan\u00e7, d\u00fc\u015f\u00fcnce ve ya\u015fant\u0131s\u0131 ile mutlak hakikat ve yarat\u0131l\u0131\u015f gayesinde uyum.<\/p>","protected":false},"featured_media":10430,"template":"","meta":{"spay_email":""},"product_cat":[174],"product_tag":[],"item":[399],"acf":[],"_links":{"self":[{"href":"https:\/\/mgvpublications.com\/de\/wp-json\/wp\/v2\/product\/10429"}],"collection":[{"href":"https:\/\/mgvpublications.com\/de\/wp-json\/wp\/v2\/product"}],"about":[{"href":"https:\/\/mgvpublications.com\/de\/wp-json\/wp\/v2\/types\/product"}],"wp:featuredmedia":[{"embeddable":true,"href":"https:\/\/mgvpublications.com\/de\/wp-json\/wp\/v2\/media\/10430"}],"wp:attachment":[{"href":"https:\/\/mgvpublications.com\/de\/wp-json\/wp\/v2\/media?parent=10429"}],"wp:term":[{"taxonomy":"product_cat","embeddable":true,"href":"https:\/\/mgvpublications.com\/de\/wp-json\/wp\/v2\/product_cat?post=10429"},{"taxonomy":"product_tag","embeddable":true,"href":"https:\/\/mgvpublications.com\/de\/wp-json\/wp\/v2\/product_tag?post=10429"},{"taxonomy":"item","embeddable":true,"href":"https:\/\/mgvpublications.com\/de\/wp-json\/wp\/v2\/item?post=10429"}],"curies":[{"name":"wp","href":"https:\/\/api.w.org\/{rel}","templated":true}]}}