{"id":10422,"date":"2020-02-06T13:21:02","date_gmt":"2020-02-06T12:21:02","guid":{"rendered":"https:\/\/dev2.mgvpublications.com\/produkt\/hayati-muesluemanca-okumak\/"},"modified":"2022-03-08T22:32:44","modified_gmt":"2022-03-08T21:32:44","slug":"hayati-muesluemanca-okumak","status":"publish","type":"product","link":"https:\/\/mgvpublications.com\/de\/hayati-muesluemanca-okumak\/","title":{"rendered":"Hayat\u0131 M\u00fcsl\u00fcmanca Okumak"},"content":{"rendered":"<p>Yay\u0131n Tarihi\t2019-08-22<br \/>\nISBN\t6056917394<br \/>\nBask\u0131 Say\u0131s\u0131\t1. Bask\u0131<br \/>\nDil\tT\u00dcRK\u00c7E<br \/>\nSayfa Say\u0131s\u0131\t288<br \/>\nCilt Tipi\tKarton Kapak<br \/>\nKa\u011f\u0131t Cinsi\tKitap Ka\u011f\u0131d\u0131<br \/>\nBoyut\t13.5 x 21 cm<\/p>","protected":false},"excerpt":{"rendered":"<p>M\u00fcsl\u00fcmanca d\u00fc\u015f\u00fcnemeyen toplumlar, \u00f6nce ahlak\u00ee bir yozla\u015fmaya maruz kal\u0131r, birka\u00e7 nesil sonra da deizme veya ateizme kayarlar. M\u00fcsl\u00fcmanca d\u00fc\u015f\u00fcnmeyi ba\u015faramayanlar\u0131n, M\u00fcsl\u00fcmanca ya\u015famalar\u0131 ve uzun vadede M\u00fcsl\u00fcman kalmalar\u0131 da m\u00fcmk\u00fcn de\u011fildir. Dolay\u0131s\u0131 ile Hayat\u0131 M\u00fcsl\u00fcmanca Okumak bizim i\u00e7in tabiri caizse bir beka meselesidir.<\/p>\n<p>Kur&#8217;an&#8217;\u0131n ilk inzal olan ayetlerinin ba\u015f\u0131nda &#8220;ikra&#8221; yani &#8220;oku&#8221; buyrulmu\u015ftur. &#8220;Nas\u0131l okumal\u0131y\u0131z?&#8221; sorusuna da &#8220;bismi Rabbike&#8221; yani &#8220;Rabbinin ismiyle&#8221; diye cevap verilmi\u015ftir. (Bkz. Alak, 1) Bu ayet M\u00fcsl\u00fcmanlar\u0131n hayat\u0131 okuma modelini ortaya koymaktad\u0131r. Demek ki biz M\u00fcsl\u00fcmanlar\u0131n hayat\u0131 okuma modeli alelade bir okuma modeli de\u011fil, Rabbimizin isminin merkezde oldu\u011fu bir okuma modelidir.<\/p>\n<p>Dolay\u0131s\u0131 ile bizler hayata ve olgulara bakarken, onu anlamland\u0131r\u0131rken herhangi bir insan gibi ya da bir gayr-i m\u00fcslim gibi de\u011fil kendimize has bir \u015fekilde ona bakar\u0131z. Bizim din ve d\u00fcnya g\u00f6r\u00fc\u015f\u00fcm\u00fcz onlar\u0131nkinden \u00e7ok farkl\u0131d\u0131r.<\/p>\n<p>Biz hayat\u0131 ve olgular\u0131 Rabbimizin ad\u0131yla okuruz. Rabbin ad\u0131yla okumak demek, ahlaktan hukuka, ekonomiden iktisada, sa\u011fl\u0131ktan ticarete, e\u011fitimden y\u00f6netime kadar istisnas\u0131z hayat\u0131n her alan\u0131nda Rabbimizin \u00f6l\u00e7\u00fclerini dikkate alarak okumak demektir.<\/p>\n<p>Bu m\u00fctevaz\u0131 \u00e7al\u0131\u015fma ideolojilerin, izmlerin ve birtak\u0131m d\u00fc\u015f\u00fcncelerin zihinleri lekeledi\u011fi bir \u00e7a\u011fda, ifrat ve tefrite d\u00fc\u015fmeden M\u00fcsl\u00fcmanca d\u00fc\u015f\u00fcnmenin imkanlar\u0131n\u0131 arayan bir \u00e7aban\u0131n, bir anlam aray\u0131\u015f\u0131n\u0131n \u00fcr\u00fcn\u00fcd\u00fcr. Rabbimizden bu \u00e7al\u0131\u015fman\u0131n insanlara ula\u015fmas\u0131n\u0131 ve faydal\u0131 olmas\u0131n\u0131 dileriz.<\/p>","protected":false},"featured_media":10423,"template":"","meta":{"spay_email":""},"product_cat":[174],"product_tag":[],"item":[869],"acf":[],"_links":{"self":[{"href":"https:\/\/mgvpublications.com\/de\/wp-json\/wp\/v2\/product\/10422"}],"collection":[{"href":"https:\/\/mgvpublications.com\/de\/wp-json\/wp\/v2\/product"}],"about":[{"href":"https:\/\/mgvpublications.com\/de\/wp-json\/wp\/v2\/types\/product"}],"wp:featuredmedia":[{"embeddable":true,"href":"https:\/\/mgvpublications.com\/de\/wp-json\/wp\/v2\/media\/10423"}],"wp:attachment":[{"href":"https:\/\/mgvpublications.com\/de\/wp-json\/wp\/v2\/media?parent=10422"}],"wp:term":[{"taxonomy":"product_cat","embeddable":true,"href":"https:\/\/mgvpublications.com\/de\/wp-json\/wp\/v2\/product_cat?post=10422"},{"taxonomy":"product_tag","embeddable":true,"href":"https:\/\/mgvpublications.com\/de\/wp-json\/wp\/v2\/product_tag?post=10422"},{"taxonomy":"item","embeddable":true,"href":"https:\/\/mgvpublications.com\/de\/wp-json\/wp\/v2\/item?post=10422"}],"curies":[{"name":"wp","href":"https:\/\/api.w.org\/{rel}","templated":true}]}}