{"id":10416,"date":"2020-12-02T15:42:41","date_gmt":"2020-12-02T14:42:41","guid":{"rendered":"https:\/\/dev2.mgvpublications.com\/produkt\/karantina\/"},"modified":"2022-03-08T22:32:44","modified_gmt":"2022-03-08T21:32:44","slug":"karantina","status":"publish","type":"product","link":"https:\/\/mgvpublications.com\/de\/karantina\/","title":{"rendered":"Karantina"},"content":{"rendered":"<p>Yay\u0131n Tarihi: 25.04.2019<br \/>ISBN: 9786052361801<br \/>Dil: T\u00dcRK\u00c7E<br \/>Sayfa Say\u0131s\u0131: 448<br \/>Cilt Tipi: Karton Kapak<br \/>Ka\u011f\u0131t Cinsi: Kitap Ka\u011f\u0131d\u0131<br \/>Boyut: 13.5 x 21 cm<\/p>","protected":false},"excerpt":{"rendered":"<p>Y\u0131ld\u0131zlar\u0131 g\u00f6rebilmek i\u00e7in duvarlar\u0131 aras\u0131nda ya\u015fad\u0131\u011f\u0131m\u0131z evimizden vazge\u00e7tik. &#8220;Sadece bedenlerimizi de\u011fil, ruhlar\u0131m\u0131z\u0131 da karantinaya ald\u0131lar. Ne bu karantinadan \u00e7\u0131kabiliyoruz, ne de birbirimizden ayr\u0131labiliyoruz. Bundan sonraki tek sava\u015f\u0131m\u0131z bu karantinadan kurtulmak. Kurtuldu\u011fumuzda da birlikte olaca\u011f\u0131z, ama \u00f6zg\u00fcr\u2026Sava\u015f bitti, ve biz sa\u011f kald\u0131k.Sava\u015f bitti, ve biz h\u00e2l\u00e2 ayaktay\u0131z.&#8221; Zeynep, yeni okuluna ba\u015flad\u0131\u011f\u0131 ilk g\u00fcn kendini bir felaketin ortas\u0131nda bulmu\u015ftu. Salg\u0131n bir hastal\u0131k nedeniyle okulu karantinaya al\u0131nm\u0131\u015f, ak\u015fam\u0131nda ise kendini okulun karanl\u0131k koridorlar\u0131nda bir k\u0131z \u00f6\u011frencinin cesedinin ba\u015f\u0131nda bulmu\u015ftu. \u00dcstelik yaln\u0131z de\u011fildi, onlar da yan\u0131ndayd\u0131; mah\u015ferin di\u011fer \u00fc\u00e7 atl\u0131s\u0131. Bu, yaln\u0131zca bedenleri de\u011fil ruhlar\u0131 da karantinaya al\u0131nm\u0131\u015f d\u00f6rt ki\u015finin hik\u00e2yesi. Bu, onlar\u0131n \u00f6zg\u00fcrl\u00fcklerine ula\u015fmak i\u00e7in ya\u015fad\u0131klar\u0131 esaretin hik\u00e2yesi. Bu, birbirlerinin her \u015feyi haline gelen, g\u00f6ky\u00fcz\u00fcndeki son y\u0131ld\u0131z yan\u0131p k\u00fcl oluncaya kadar birlikte olacaklar\u0131na s\u00f6z veren d\u00f6rt arkada\u015f\u0131n hik\u00e2yesi. Bu, mah\u015ferin d\u00f6rt atl\u0131s\u0131n\u0131n hik\u00e2yesi. \u015eimdi, bizimle misiniz?<\/p>","protected":false},"featured_media":19606,"template":"","meta":{"spay_email":""},"product_cat":[168],"product_tag":[],"item":[509],"acf":[],"_links":{"self":[{"href":"https:\/\/mgvpublications.com\/de\/wp-json\/wp\/v2\/product\/10416"}],"collection":[{"href":"https:\/\/mgvpublications.com\/de\/wp-json\/wp\/v2\/product"}],"about":[{"href":"https:\/\/mgvpublications.com\/de\/wp-json\/wp\/v2\/types\/product"}],"wp:featuredmedia":[{"embeddable":true,"href":"https:\/\/mgvpublications.com\/de\/wp-json\/wp\/v2\/media\/19606"}],"wp:attachment":[{"href":"https:\/\/mgvpublications.com\/de\/wp-json\/wp\/v2\/media?parent=10416"}],"wp:term":[{"taxonomy":"product_cat","embeddable":true,"href":"https:\/\/mgvpublications.com\/de\/wp-json\/wp\/v2\/product_cat?post=10416"},{"taxonomy":"product_tag","embeddable":true,"href":"https:\/\/mgvpublications.com\/de\/wp-json\/wp\/v2\/product_tag?post=10416"},{"taxonomy":"item","embeddable":true,"href":"https:\/\/mgvpublications.com\/de\/wp-json\/wp\/v2\/item?post=10416"}],"curies":[{"name":"wp","href":"https:\/\/api.w.org\/{rel}","templated":true}]}}