{"id":10402,"date":"2020-02-06T12:57:25","date_gmt":"2020-02-06T11:57:25","guid":{"rendered":"https:\/\/dev2.mgvpublications.com\/produkt\/imam-i-azamin-bes-eseri\/"},"modified":"2022-03-08T22:32:44","modified_gmt":"2022-03-08T21:32:44","slug":"imam-i-azamin-bes-eseri","status":"publish","type":"product","link":"https:\/\/mgvpublications.com\/de\/imam-i-azamin-bes-eseri\/","title":{"rendered":"\u0130mam-\u0131 A&#8217;zam\u0131n Be\u015f Eseri"},"content":{"rendered":"<p>\u00c7evirmen:\tProf. Dr. Mustafa \u00d6z<br \/>\nYay\u0131n Tarihi\t2016-03-01<br \/>\nISBN\t9755481788<br \/>\nBask\u0131 Say\u0131s\u0131\t12. Bask\u0131<br \/>\nDil\tT\u00dcRK\u00c7E<br \/>\nSayfa Say\u0131s\u0131\t160<br \/>\nCilt Tipi\tKarton Kapak<br \/>\nKa\u011f\u0131t Cinsi\t3. Hm. Ka\u011f\u0131t<\/p>","protected":false},"excerpt":{"rendered":"<p>Ebu Hanife \u0130slam f\u0131kh\u0131nda kendisine kadar devam eden rey ekol\u00fc&#8217;n\u00fcn, asr\u0131ndaki en m\u00fchim simas\u0131d\u0131r. Bizzat kendisinin ifadesine g\u00f6re, bir mesele hakk\u0131nda Hz. Peygamber&#8217;den gelenleri mutlaka kabul eder, Sahabeden gelenleri se\u00e7er, birini di\u011ferine tercih eder fakat hepsini terketmezdi. Bundan ba\u015fka tabiilerin ictihad\u0131na gelince, kendisini onlara uyma durumunda g\u00f6rmezdi. Onlar\u0131n ictihad etti\u011fi gibi kendisinin de ictihad edece\u011fini ifade ederdi. Onun ictihad\u0131nda s\u0131ras\u0131yla uydu\u011fu esaslar\u0131 kitap, s\u00fcnnet, sahabe s\u00f6zleri, k\u0131yas, istihsan, icma ve \u00f6rf&#8217;t\u00fcr.<\/p>\n<p>Ebu Hanife Ehli S\u00fcnnet&#8217;in itikadi g\u00f6r\u00fc\u015flerinin ortaya \u00e7\u0131kmas\u0131nda b\u00fcy\u00fck rol\u00fc olan bir alimdir. \u0130tikadi konularda bilhassa soru-cevap tarz\u0131nda zaman\u0131m\u0131za kadar intikal eden eserleri Maturidi Kelam ekol\u00fcn\u00fcn temellerini te\u015fkil etmi\u015ftir. Bu eserler ehlis\u00fcnnet inanc\u0131n\u0131n temellerini \u00f6zl\u00fc ve mant\u0131kl\u0131 bir \u015fekilde \u00f6n\u00fcm\u00fcze sermektedir. Kitaplar\u0131nda g\u00f6r\u00fclece\u011fi \u00fczere, bir\u00e7ok f\u0131rkalar\u0131n mutaas\u0131p g\u00f6r\u00fc\u015f ve kanaatlerine kar\u015f\u0131 \u0130slam\u0131n m\u00fcsamahas\u0131n\u0131 savunmu\u015ftur.<\/p>","protected":false},"featured_media":10403,"template":"","meta":{"spay_email":""},"product_cat":[174],"product_tag":[],"item":[1139],"acf":[],"_links":{"self":[{"href":"https:\/\/mgvpublications.com\/de\/wp-json\/wp\/v2\/product\/10402"}],"collection":[{"href":"https:\/\/mgvpublications.com\/de\/wp-json\/wp\/v2\/product"}],"about":[{"href":"https:\/\/mgvpublications.com\/de\/wp-json\/wp\/v2\/types\/product"}],"wp:featuredmedia":[{"embeddable":true,"href":"https:\/\/mgvpublications.com\/de\/wp-json\/wp\/v2\/media\/10403"}],"wp:attachment":[{"href":"https:\/\/mgvpublications.com\/de\/wp-json\/wp\/v2\/media?parent=10402"}],"wp:term":[{"taxonomy":"product_cat","embeddable":true,"href":"https:\/\/mgvpublications.com\/de\/wp-json\/wp\/v2\/product_cat?post=10402"},{"taxonomy":"product_tag","embeddable":true,"href":"https:\/\/mgvpublications.com\/de\/wp-json\/wp\/v2\/product_tag?post=10402"},{"taxonomy":"item","embeddable":true,"href":"https:\/\/mgvpublications.com\/de\/wp-json\/wp\/v2\/item?post=10402"}],"curies":[{"name":"wp","href":"https:\/\/api.w.org\/{rel}","templated":true}]}}