{"id":10393,"date":"2020-02-05T21:53:22","date_gmt":"2020-02-05T20:53:22","guid":{"rendered":"https:\/\/dev2.mgvpublications.com\/produkt\/genclik-ve-cihad-risaleler-2\/"},"modified":"2022-03-08T22:32:42","modified_gmt":"2022-03-08T21:32:42","slug":"genclik-ve-cihad-risaleler-2","status":"publish","type":"product","link":"https:\/\/mgvpublications.com\/de\/genclik-ve-cihad-risaleler-2\/","title":{"rendered":"Gen\u00e7lik ve Cihad \/ Risaleler 2"},"content":{"rendered":"<p>Yay\u0131n Tarihi\t2018-10-08<br \/>\nISBN\t6052154229<br \/>\nBask\u0131 Say\u0131s\u0131\t1. Bask\u0131<br \/>\nDil\tT\u00dcRK\u00c7E<br \/>\nSayfa Say\u0131s\u0131\t144<br \/>\nCilt Tipi\tKarton Kapak<br \/>\nKa\u011f\u0131t Cinsi\tKitap Ka\u011f\u0131d\u0131<br \/>\nBoyut\t13.5 x 21 cm<\/p>","protected":false},"excerpt":{"rendered":"<p>Ey Gen\u00e7ler!<br \/>\nBir fikir ancak kendisine olan inan\u00e7 g\u00fc\u00e7l\u00fc oldu\u011fu, yolunda samimiyetle \u00e7al\u0131\u015f\u0131ld\u0131\u011f\u0131, \u00e7ok\u00e7a gayret sarf edildi\u011fi, u\u011frunda hi\u00e7bir fedakarl\u0131ktan ka\u00e7\u0131n\u0131lmad\u0131\u011f\u0131 zaman ba\u015far\u0131ya ula\u015f\u0131r. Bu ba\u015far\u0131n\u0131n d\u00f6rt temel ilkesi vard\u0131r. Bunlar: \u0130man, samimiyet, gayret ve \u00e7al\u0131\u015fmad\u0131r. Bunlar\u0131n d\u00f6rd\u00fc de gen\u00e7lere ait \u00f6zelliklerdir.<br \/>\n\u0130man\u0131n esas\u0131 canl\u0131 bir kalp samimiyetin esas\u0131 temiz bir ruh gayretin esas\u0131 kuvvetli bir \u015fuur \u00e7al\u0131\u015fman\u0131n eas\u0131 ise canla ba\u015fla gayret etmektedir.<\/p>","protected":false},"featured_media":10394,"template":"","meta":{"spay_email":""},"product_cat":[174],"product_tag":[],"item":[1750],"acf":[],"_links":{"self":[{"href":"https:\/\/mgvpublications.com\/de\/wp-json\/wp\/v2\/product\/10393"}],"collection":[{"href":"https:\/\/mgvpublications.com\/de\/wp-json\/wp\/v2\/product"}],"about":[{"href":"https:\/\/mgvpublications.com\/de\/wp-json\/wp\/v2\/types\/product"}],"wp:featuredmedia":[{"embeddable":true,"href":"https:\/\/mgvpublications.com\/de\/wp-json\/wp\/v2\/media\/10394"}],"wp:attachment":[{"href":"https:\/\/mgvpublications.com\/de\/wp-json\/wp\/v2\/media?parent=10393"}],"wp:term":[{"taxonomy":"product_cat","embeddable":true,"href":"https:\/\/mgvpublications.com\/de\/wp-json\/wp\/v2\/product_cat?post=10393"},{"taxonomy":"product_tag","embeddable":true,"href":"https:\/\/mgvpublications.com\/de\/wp-json\/wp\/v2\/product_tag?post=10393"},{"taxonomy":"item","embeddable":true,"href":"https:\/\/mgvpublications.com\/de\/wp-json\/wp\/v2\/item?post=10393"}],"curies":[{"name":"wp","href":"https:\/\/api.w.org\/{rel}","templated":true}]}}