{"id":10390,"date":"2020-02-05T21:47:44","date_gmt":"2020-02-05T20:47:44","guid":{"rendered":"https:\/\/dev2.mgvpublications.com\/produkt\/islamin-isiginda-meselelerimiz-ve-coezuem-yollari-risaleler-3\/"},"modified":"2023-03-16T00:13:16","modified_gmt":"2023-03-15T23:13:16","slug":"islamin-isiginda-meselelerimiz-ve-coezuem-yollari-risaleler-3","status":"publish","type":"product","link":"https:\/\/mgvpublications.com\/de\/islamin-isiginda-meselelerimiz-ve-coezuem-yollari-risaleler-3\/","title":{"rendered":"\u0130slam\u0131n I\u015f\u0131\u011f\u0131nda Meselelerimiz ve \u00c7\u00f6z\u00fcm Yollar\u0131 \/ Risaleler 3"},"content":{"rendered":"<p>\u00c7evirmen:\tBilal Habe\u015f Erdem<br \/>\nYay\u0131n Tarihi\t2019-06-21<br \/>\nISBN\t6052154250<br \/>\nBask\u0131 Say\u0131s\u0131\t1. Bask\u0131<br \/>\nDil\tT\u00dcRK\u00c7E<br \/>\nSayfa Say\u0131s\u0131\t135<br \/>\nCilt Tipi\tKarton Kapak<br \/>\nKa\u011f\u0131t Cinsi\tKitap Ka\u011f\u0131d\u0131<br \/>\nBoyut\t13.5 x 21 cm<\/p>","protected":false},"excerpt":{"rendered":"<p>M\u00fcsl\u00fcmanlar\u0131n aleyhine haz\u0131rlanan planlar \u00f6nce onlar\u0131n ak\u0131llar\u0131n\u0131 ve kalplerini sonra da topraklar\u0131n\u0131 ve vatanlar\u0131n\u0131 hedef ald\u0131. Onlar\u0131 \u0131rk\u00e7\u0131l\u0131k ve milliyet\u00e7ili\u011fe sevk etti. Sonra da her bir \u0131rk\u0131 yan\u0131 ba\u015f\u0131ndakine d\u00fc\u015fman yapt\u0131. \u0130slam\u2019\u0131n cahiliye ba\u011fnazl\u0131\u011f\u0131na, \u0131rkla ve renkle \u00f6v\u00fcnmeye kar\u015f\u0131 indirdi\u011fi h\u00fck\u00fcmlerini unutturdu.<\/p>","protected":false},"featured_media":10391,"template":"","meta":{"spay_email":""},"product_cat":[174],"product_tag":[],"item":[1750],"acf":[],"_links":{"self":[{"href":"https:\/\/mgvpublications.com\/de\/wp-json\/wp\/v2\/product\/10390"}],"collection":[{"href":"https:\/\/mgvpublications.com\/de\/wp-json\/wp\/v2\/product"}],"about":[{"href":"https:\/\/mgvpublications.com\/de\/wp-json\/wp\/v2\/types\/product"}],"wp:featuredmedia":[{"embeddable":true,"href":"https:\/\/mgvpublications.com\/de\/wp-json\/wp\/v2\/media\/10391"}],"wp:attachment":[{"href":"https:\/\/mgvpublications.com\/de\/wp-json\/wp\/v2\/media?parent=10390"}],"wp:term":[{"taxonomy":"product_cat","embeddable":true,"href":"https:\/\/mgvpublications.com\/de\/wp-json\/wp\/v2\/product_cat?post=10390"},{"taxonomy":"product_tag","embeddable":true,"href":"https:\/\/mgvpublications.com\/de\/wp-json\/wp\/v2\/product_tag?post=10390"},{"taxonomy":"item","embeddable":true,"href":"https:\/\/mgvpublications.com\/de\/wp-json\/wp\/v2\/item?post=10390"}],"curies":[{"name":"wp","href":"https:\/\/api.w.org\/{rel}","templated":true}]}}