{"id":10383,"date":"2020-02-05T21:41:10","date_gmt":"2020-02-05T20:41:10","guid":{"rendered":"https:\/\/dev2.mgvpublications.com\/produkt\/farabi-platon-kanunlarinin-oezue\/"},"modified":"2022-03-08T22:32:42","modified_gmt":"2022-03-08T21:32:42","slug":"farabi-platon-kanunlarinin-oezue","status":"publish","type":"product","link":"https:\/\/mgvpublications.com\/de\/farabi-platon-kanunlarinin-oezue\/","title":{"rendered":"Farabi Platon Kanunlar\u0131n\u0131n \u00d6z\u00fc"},"content":{"rendered":"<p>Yay\u0131n Tarihi\t2018-05-15<br \/>\nISBN\t6058327856<br \/>\nBask\u0131 Say\u0131s\u0131\t1. Bask\u0131<br \/>\nDil\tT\u00dcRK\u00c7E<br \/>\nSayfa Say\u0131s\u0131\t176<br \/>\nCilt Tipi\tKarton Kapak<br \/>\nKa\u011f\u0131t Cinsi\tKitap Ka\u011f\u0131d\u0131<br \/>\nBoyut\t13.5 x 21.5 cm<\/p>","protected":false},"excerpt":{"rendered":"<p>Platon&#8217;a ait eserler aras\u0131nda Kanunlar, \u0130sl\u00e2m d\u00fcnyas\u0131nda en \u00e7ok s\u00f6z\u00fc edilen kitaplardan biridir. Fakat klasik kaynaklarda Kanunlar\u0131n muhtevas\u0131 ile ilgili olarak nakil ve ifade edilen bilgiler olduk\u00e7a s\u0131n\u0131rl\u0131d\u0131r. Baz\u0131 k\u00fc\u00e7\u00fck iktibaslar\u0131n d\u0131\u015f\u0131nda Kanunlar Diyalo\u011funu en geni\u015f \u00e7apta ele alan d\u00fc\u015f\u00fcn\u00fcr F\u00e2r\u00e2b\u00ee&#8217;dir. F\u00e2r\u00e2b\u00ee, Platon&#8217;a ait eserlerin b\u00fcy\u00fck \u00e7o\u011funlu\u011fu \u00fczerinde s\u00f6z s\u00f6ylemi\u015f, onlar\u0131n mevzular\u0131n\u0131 belirtmi\u015f, hangi hedefe y\u00f6neldiklerini, neyi ortaya koymak istediklerini a\u00e7\u0131klam\u0131\u015ft\u0131r. Bunlar aras\u0131nda en kapsaml\u0131 olan\u0131 Kanunlar hakk\u0131nda kaleme ald\u0131\u011f\u0131 ve Telh\u00ees\u00fc&#8217;n-Nev\u00e2mis ismini verdi\u011fi eserdir. F\u00e2r\u00e2b\u00ee bu eserde hem Kanunlar\u0131 \u00f6zetlemi\u015f hem de kendisinin Platon&#8217;u nas\u0131l anlad\u0131\u011f\u0131n\u0131 ifade etmi\u015ftir. \u00dclkemizin \u00f6nde gelen \u0130sl\u00e2m Felsefecilerinden Prof. Dr. Fahrettin Olguner taraf\u0131ndan yay\u0131na haz\u0131rlanan elinizdeki kitap, F\u00e2r\u00e2b\u00ee&#8217;nin Kanunlar hakk\u0131nda kaleme ald\u0131\u011f\u0131 bu eserin Arap\u00e7a metnini ve T\u00fcrk\u00e7eye terc\u00fcmesini i\u00e7ermektedir. Ayr\u0131ca eserde ek olarak Arap\u00e7a orijinali ve T\u00fcrk\u00e7eye terc\u00fcmesi ile yer alan ve Felsefe Tarihi a\u00e7\u0131s\u0131ndan b\u00fcy\u00fck \u00f6nem ta\u015f\u0131yan Filozof Platon&#8217;dan Porphurios&#8217;a Mektup adl\u0131 bir metin de ilk kez okuyucu ile bulu\u015fmaktad\u0131r.<\/p>","protected":false},"featured_media":10384,"template":"","meta":{"spay_email":""},"product_cat":[232],"product_tag":[],"item":[860],"acf":[],"_links":{"self":[{"href":"https:\/\/mgvpublications.com\/de\/wp-json\/wp\/v2\/product\/10383"}],"collection":[{"href":"https:\/\/mgvpublications.com\/de\/wp-json\/wp\/v2\/product"}],"about":[{"href":"https:\/\/mgvpublications.com\/de\/wp-json\/wp\/v2\/types\/product"}],"wp:featuredmedia":[{"embeddable":true,"href":"https:\/\/mgvpublications.com\/de\/wp-json\/wp\/v2\/media\/10384"}],"wp:attachment":[{"href":"https:\/\/mgvpublications.com\/de\/wp-json\/wp\/v2\/media?parent=10383"}],"wp:term":[{"taxonomy":"product_cat","embeddable":true,"href":"https:\/\/mgvpublications.com\/de\/wp-json\/wp\/v2\/product_cat?post=10383"},{"taxonomy":"product_tag","embeddable":true,"href":"https:\/\/mgvpublications.com\/de\/wp-json\/wp\/v2\/product_tag?post=10383"},{"taxonomy":"item","embeddable":true,"href":"https:\/\/mgvpublications.com\/de\/wp-json\/wp\/v2\/item?post=10383"}],"curies":[{"name":"wp","href":"https:\/\/api.w.org\/{rel}","templated":true}]}}