{"id":10377,"date":"2020-12-02T15:42:38","date_gmt":"2020-12-02T14:42:38","guid":{"rendered":"https:\/\/dev2.mgvpublications.com\/produkt\/tarihi-degistiren-olaylar\/"},"modified":"2022-03-08T22:32:41","modified_gmt":"2022-03-08T21:32:41","slug":"tarihi-degistiren-olaylar","status":"publish","type":"product","link":"https:\/\/mgvpublications.com\/de\/tarihi-degistiren-olaylar\/","title":{"rendered":"Tarihi De\u011fi\u015ftiren Olaylar"},"content":{"rendered":"<p>Yay\u0131n Tarihi: 30.09.2019<br \/>ISBN: 9786050830781<br \/>Dil: T\u00dcRK\u00c7E<br \/>Sayfa Say\u0131s\u0131: 480<br \/>Cilt Tipi: Karton Kapak<br \/>Ka\u011f\u0131t Cinsi: Kitap Ka\u011f\u0131d\u0131<br \/>Boyut: 13.5 x 21 cm<\/p>","protected":false},"excerpt":{"rendered":"<p>Ayd\u0131nlanma ile zihnin \u00f6n\u00fcndeki engelleri kald\u0131ran Bat\u0131, R\u00f6nesans ile Sanayi Devrimi\u2019nin kap\u0131s\u0131n\u0131 a\u00e7t\u0131. Bilim ve teknoloji ile d\u00fcnyan\u0131n geri kalan\u0131 ile aras\u0131na b\u00fcy\u00fck bir mesafe koymas\u0131na ra\u011fmen, B\u00fcy\u00fck Bunal\u0131m gibi ekonomik krizlere ve akabinde d\u00fcnya sava\u015flar\u0131na engel olamad\u0131. Yahudi Soyk\u0131r\u0131m\u0131 b\u00fcy\u00fck bir utan\u00e7 olarak haf\u0131zalara yer etti. Atom Bombalar\u0131 insanl\u0131\u011f\u0131 \u015fok etti. Akabinde ba\u015flayan So\u011fuk Sava\u015f ile at ba\u015f\u0131 ko\u015fan Uzay Yar\u0131\u015f\u0131 ve N\u00fckleer Silahlanma aras\u0131nda bir yerlerde Berlin Duvar\u0131 y\u00fckseldi; ayn\u0131 dili konu\u015fanlar, birbirine hasret kald\u0131. G\u00fcn geldi Sovyetler Birli\u011fi\u2019nin \u00c7\u00f6k\u00fc\u015f\u00fc ile tarih bir anda \u00e7\u00f6z\u00fcld\u00fc, d\u00fcnyam\u0131z daha h\u0131zl\u0131 d\u00f6nmeye ba\u015flad\u0131. 11 Eyl\u00fcl 2001\u2019de ise \u00e7\u0131\u011f\u0131r\u0131ndan \u00e7\u0131kt\u0131. Ve insanl\u0131\u011f\u0131n, Frans\u0131z Devrimi\u2019nin slogan\u0131 olan \u00f6zg\u00fcrl\u00fck, e\u015fitlik ve karde\u015fli\u011fe olan i\u015ftah\u0131 hi\u00e7 kesilmedi&#8230; Daha \u00f6nce &#8220;Tarihi De\u011fi\u015ftiren Sava\u015flar&#8221; ve &#8220;Tarihi De\u011fi\u015ftiren Konu\u015fmalar&#8221; adl\u0131 kitaplar\u0131 \u00e7\u0131kan Ali \u00c7imen, seriye devam ediyor. Ali \u00c7imen, yeni \u00e7al\u0131\u015fmas\u0131yla yak\u0131n d\u00fcnya tarihinin ba\u015fl\u0131ca olaylar\u0131n\u0131 bir se\u00e7ki halinde, birbirleriyle ba\u011flant\u0131lar\u0131n\u0131 g\u00f6stererek okurlar\u0131n\u0131n be\u011fenisine sunuyor. Ali \u00c7imen\u2019in yeni \u00e7al\u0131\u015fmas\u0131 &#8220;Tarihi De\u011fi\u015ftiren Olaylar&#8221;da, yazarla sohbet k\u0131vam\u0131ndaki tarihi yolculuk, Magna Carta ve R\u00f6nesans ile ba\u015fl\u0131yor. Sanayi Devrimi, Frans\u0131z ve 1917 Ekim Devrimleri derken \u0130srail Devleti&#8217;nin kurulu\u015funa, Normandiya \u00c7\u0131karmas\u0131&#8217;na tan\u0131kl\u0131k ediyorsunuz. Bir k\u0131tada Adolf Hitler&#8217;in y\u00fckseli\u015fini okurken, di\u011fer bir k\u0131tada Mahatma Gandi&#8217;nin pasif direni\u015fini g\u00f6zlemleyebiliyorsunuz. Yine y\u00fczy\u0131l\u0131n ikinci yar\u0131s\u0131ndaki So\u011fuk Sava\u015f&#8217;\u0131, 1968&#8217;de meydana gelen \u00f6\u011frenci olaylar\u0131n\u0131, \u0130ran \u0130slam Devrimini (ve bunun T\u00fcrkiye&#8217;deki 12 Eyl\u00fcl ihtilaline dair \u00e7arp\u0131c\u0131 etkilerini), Berlin Duvar\u0131&#8217;n\u0131n y\u0131k\u0131l\u0131\u015f\u0131n\u0131 kitapta birbiri ard\u0131na okumak m\u00fcmk\u00fcn. Her durakta k\u0131sa k\u0131sa bilgi veren yazar, d\u00fcnya tarihini turlama imkan\u0131 sa\u011fl\u0131yor. Kitaptaki Konu Ba\u015fl\u0131klar\u0131 Beceriksiz kraliyet ve ihtirasl\u0131 lordlar yaka pa\u00e7a oldu, ilk anayasa\u2019ya giden ad\u0131m at\u0131ld\u0131: MAGNA CARTA; Ak\u0131l kiliseye kar\u015f\u0131 ayakland\u0131, sanat ve bilim bat\u0131ya \u00e7a\u011f atlatt\u0131: R\u00d6NESANS; Akl\u0131n zincirlerini \u00e7\u00f6zen Bat\u0131 hem kendini hem de evreni ke\u015ffe ba\u015flad\u0131: AYDINLANMA; Kitleler \u2018\u00d6zg\u00fcrl\u00fck, e\u015fitlik, karde\u015flik ya da \u00f6l\u00fcm!\u2019 diye ba\u011f\u0131rd\u0131, d\u00fcnya de\u011fi\u015fti: FRANSIZ DEVR\u0130M\u0130; Buhar g\u00fcc\u00fcyle h\u0131zlanan insano\u011flu makinelerle \u00e7a\u011f atlad\u0131: SANAY\u0130 DEVR\u0130M\u0130; Emek\u00e7i iktidar\u0131ndan Kom\u00fcnist diktat\u00f6rl\u00fc\u011fe giden yol: 1917 EK\u0130M DEVR\u0130M\u0130; Osmanl\u0131\u2019n\u0131n kurulu\u015fu ve y\u0131k\u0131l\u0131\u015f\u0131: T\u00dcRK\u0130YE CUMHUR\u0130YET\u0130 KURULUYOR; Pasif direni\u015fle koca bir imparatorlu\u011fu dize getirdi: GAND\u0130\u2019N\u0130N S\u0130LAHSIZ SAVA\u015eI; Amerika\u2019da ba\u015flayan ekonomik kriz, d\u00fcnyay\u0131 fakirle\u015ftirdi: B\u00dcY\u00dcK BUHRAN; Demokratik yollardan iktidara y\u00fcr\u00fcten adam d\u00fcnyay\u0131 kana bulad\u0131: ADOLF H\u0130TLER\u2019\u0130N \u0130KT\u0130DARA GEL\u0130\u015e\u0130; Avrupa\u2019y\u0131 Nazi \u00e7izmeleriyle ezilmekten kurtaran g\u00fcn: NORMAND\u0130YA \u00c7IKARMASI; \u0130lk Atom Bombas\u0131 \u2018D\u00fczenek\u2019 patl\u0131yor: ATOM \u00c7A\u011eI; Filistin Sorunu\u2019nun fitili ate\u015fleniyor: \u0130SRA\u0130L\u2019\u0130N KURULU\u015eU; 6 milyona yak\u0131n Yahudi katledildi, mahkemesi d\u00fcnyay\u0131 sarst\u0131: YAHUD\u0130 SOYKIRIMI ve N\u00dcRNBERG MAHKEMELER\u0130; 1994\u2019e kadar insanl\u0131\u011f\u0131n s\u0131rt\u0131ndan inmeyen utan\u00e7: IRK\u00c7I APARTHEID REJ\u0130M\u0130 YIKILIYOR; Amerika\u2019n\u0131n utan\u00e7 sayfalar\u0131ndan politik literat\u00fcr\u00fcn lanetli terimine: MCCHARTYIZM; \u0130nsanl\u0131k yar\u0131m as\u0131r n\u00fckleer silahlar\u0131n g\u00f6lgesinde ya\u015fad\u0131: SO\u011eUK SAVA\u015e; Amerika ve Sovyetlerin teknoloji ve propagandaya dayal\u0131 m\u00fccadelesi: UZAY YARI\u015eI; Avrupa\u2019n\u0131n sava\u015fa ve sefalete ba\u015fkald\u0131r\u0131s\u0131: AB\u2019nin do\u011fu\u015fu; Uzaydaki ilk insan: YURI GAGARIN; 68 \u00d6\u011frenci olaylar\u0131: \u201968 KU\u015eA\u011eI\u2019 EFSANES\u0130; Ortado\u011fu\u2019da dengeler de\u011fi\u015fti; Amerika ile \u0130ran \u2018s\u00fcrekli d\u00fc\u015fman\u2019 oldu: \u0130RAN \u0130SLAM DEVR\u0130M\u0130 ve REH\u0130NE KR\u0130Z\u0130; 48 bin y\u0131l ya\u015fayacak olan hayalet: \u00c7ERNOB\u0130L; So\u011fuk Sava\u015f\u2019\u0131n ta\u015fla\u015fm\u0131\u015f hali: BERL\u0130N DUVARI\u2019NIN YIKILI\u015eI; Orta Asya ve Avrupa\u2019da haritalar de\u011fi\u015fiyor: SOVYETLER B\u0130RL\u0130\u011e\u0130\u2019N\u0130N DA\u011eILMASI; D\u00fcnya tarihin en b\u00fcy\u00fck ter\u00f6rist sald\u0131r\u0131s\u0131 ile sars\u0131ld\u0131, tarih yeniden yaz\u0131lmaya ba\u015fland\u0131: 11 EYL\u00dcL 2001<\/p>","protected":false},"featured_media":20152,"template":"","meta":{"spay_email":""},"product_cat":[170],"product_tag":[],"item":[360],"acf":[],"_links":{"self":[{"href":"https:\/\/mgvpublications.com\/de\/wp-json\/wp\/v2\/product\/10377"}],"collection":[{"href":"https:\/\/mgvpublications.com\/de\/wp-json\/wp\/v2\/product"}],"about":[{"href":"https:\/\/mgvpublications.com\/de\/wp-json\/wp\/v2\/types\/product"}],"wp:featuredmedia":[{"embeddable":true,"href":"https:\/\/mgvpublications.com\/de\/wp-json\/wp\/v2\/media\/20152"}],"wp:attachment":[{"href":"https:\/\/mgvpublications.com\/de\/wp-json\/wp\/v2\/media?parent=10377"}],"wp:term":[{"taxonomy":"product_cat","embeddable":true,"href":"https:\/\/mgvpublications.com\/de\/wp-json\/wp\/v2\/product_cat?post=10377"},{"taxonomy":"product_tag","embeddable":true,"href":"https:\/\/mgvpublications.com\/de\/wp-json\/wp\/v2\/product_tag?post=10377"},{"taxonomy":"item","embeddable":true,"href":"https:\/\/mgvpublications.com\/de\/wp-json\/wp\/v2\/item?post=10377"}],"curies":[{"name":"wp","href":"https:\/\/api.w.org\/{rel}","templated":true}]}}