{"id":10371,"date":"2020-02-05T21:21:57","date_gmt":"2020-02-05T20:21:57","guid":{"rendered":"https:\/\/dev2.mgvpublications.com\/produkt\/islam-ve-bati\/"},"modified":"2022-03-08T22:32:41","modified_gmt":"2022-03-08T21:32:41","slug":"islam-ve-bati","status":"publish","type":"product","link":"https:\/\/mgvpublications.com\/de\/islam-ve-bati\/","title":{"rendered":"\u0130slam ve Bat\u0131"},"content":{"rendered":"<p>Yay\u0131n Tarihi 2019-02-01<br \/>\nISBN 9753898799<br \/>\nBask\u0131 Say\u0131s\u0131 13. Bask\u0131<br \/>\nDil T\u00dcRK\u00c7E<br \/>\nSayfa Say\u0131s\u0131 238<br \/>\nCilt Tipi Karton Kapak<br \/>\nKa\u011f\u0131t Cinsi Kitap Ka\u011f\u0131d\u0131<br \/>\nBoyut 12 x 19.5 cm<\/p>","protected":false},"excerpt":{"rendered":"<p>Tarihte \u0130sl\u00e2m ve Bat\u0131 medeniyetleri kadar yak\u0131n ili\u015fki i\u00e7inde olan ba\u015fka iki uygarl\u0131k g\u00f6r\u00fclmemi\u015ftir. \u00c7at\u0131\u015fma, rekabet, uzla\u015fma ve birlikte ya\u015fama bi\u00e7imlerine b\u00fcr\u00fcnen bu ili\u015fkinin tarihi, ayn\u0131 zamanda farkl\u0131 &#8220;ben&#8221; tasavvurlar\u0131n\u0131n ve &#8220;\u00f6teki&#8221; alg\u0131lar\u0131n\u0131n tarihidir. Bu \u00e7al\u0131\u015fma, iki medeniyet aras\u0131ndaki ili\u015fkileri tarih\u00ee seyri i\u00e7erisinde incelemekte ve g\u00fcn\u00fcm\u00fcz sorunlar\u0131n\u0131 bu tarih\u00ee arka plana dayanarak tahlil etmektedir. \u0130sl\u00e2m&#8217;\u0131n tarih sahnesine \u00e7\u0131kt\u0131\u011f\u0131 VII. y\u00fczy\u0131ldan Orta \u00c7a\u011f&#8217;a, Ha\u00e7l\u0131 seferlerinden End\u00fcl\u00fcs&#8217;e, Avrupal\u0131 gezginlerden oryantalistlere kadar \u0130sl\u00e2m ve Bat\u0131 kavramlar\u0131n\u0131n nas\u0131l alg\u0131land\u0131\u011f\u0131, farkl\u0131 alg\u0131lama bi\u00e7imlerinin ger\u00e7ekli\u011fin yerine nas\u0131l konuldu\u011fu ve bunlar\u0131n hangi gerginlik alanlar\u0131n\u0131 \u00fcretti\u011fi \u00e7arp\u0131c\u0131 \u00f6rneklerle anlat\u0131lmaktad\u0131r.<\/p>","protected":false},"featured_media":10372,"template":"","meta":{"spay_email":""},"product_cat":[170],"product_tag":[],"item":[856],"acf":[],"_links":{"self":[{"href":"https:\/\/mgvpublications.com\/de\/wp-json\/wp\/v2\/product\/10371"}],"collection":[{"href":"https:\/\/mgvpublications.com\/de\/wp-json\/wp\/v2\/product"}],"about":[{"href":"https:\/\/mgvpublications.com\/de\/wp-json\/wp\/v2\/types\/product"}],"wp:featuredmedia":[{"embeddable":true,"href":"https:\/\/mgvpublications.com\/de\/wp-json\/wp\/v2\/media\/10372"}],"wp:attachment":[{"href":"https:\/\/mgvpublications.com\/de\/wp-json\/wp\/v2\/media?parent=10371"}],"wp:term":[{"taxonomy":"product_cat","embeddable":true,"href":"https:\/\/mgvpublications.com\/de\/wp-json\/wp\/v2\/product_cat?post=10371"},{"taxonomy":"product_tag","embeddable":true,"href":"https:\/\/mgvpublications.com\/de\/wp-json\/wp\/v2\/product_tag?post=10371"},{"taxonomy":"item","embeddable":true,"href":"https:\/\/mgvpublications.com\/de\/wp-json\/wp\/v2\/item?post=10371"}],"curies":[{"name":"wp","href":"https:\/\/api.w.org\/{rel}","templated":true}]}}