{"id":10369,"date":"2020-02-05T21:19:57","date_gmt":"2020-02-05T20:19:57","guid":{"rendered":"https:\/\/dev2.mgvpublications.com\/produkt\/akil-ve-erdem-tuerkiyenin-toplumsal-muhayyilesi\/"},"modified":"2022-03-08T22:32:39","modified_gmt":"2022-03-08T21:32:39","slug":"akil-ve-erdem-tuerkiyenin-toplumsal-muhayyilesi","status":"publish","type":"product","link":"https:\/\/mgvpublications.com\/de\/akil-ve-erdem-tuerkiyenin-toplumsal-muhayyilesi\/","title":{"rendered":"Ak\u0131l ve Erdem T\u00fcrkiye&#8217;nin Toplumsal Muhayyilesi"},"content":{"rendered":"<p>Yay\u0131n Tarihi\t2018-02-01<br \/>\nISBN\t6055383428<br \/>\nBask\u0131 Say\u0131s\u0131\t9. Bask\u0131<br \/>\nDil\tT\u00dcRK\u00c7E<br \/>\nSayfa Say\u0131s\u0131\t416<br \/>\nCilt Tipi\tKarton Kapak<br \/>\nKa\u011f\u0131t Cinsi\tKitap Ka\u011f\u0131d\u0131<br \/>\nBoyut\t14 x 23 cm<\/p>","protected":false},"excerpt":{"rendered":"<p>Bir tarafta sa\u011flam ve derin k\u00f6kleri olan ve b\u00f6ylece d\u00fcnyada bir var-olma noktas\u0131 (\u201cmerkezi\u201d) bulunan, di\u011fer tarafta a\u00e7\u0131k ufuk perspektifiyle d\u00fcnyaya bakan ve yeni imkanlara kap\u0131 aralayan bir \u00f6zne olmak m\u00fcmk\u00fcn m\u00fcd\u00fcr? Bu soru, elinizdeki \u00e7al\u0131\u015fman\u0131n temel sorunsallar\u0131ndan birini olu\u015fturuyor.<\/p>\n<p>Bir yanda d\u00fcnyayla entegre olmak ve modernle\u015fmek ad\u0131na kendi varl\u0131\u011f\u0131na s\u0131rt\u0131n\u0131 d\u00f6nmek, \u00f6te yanda kendi olmak ad\u0131na her \u015feyi \u00f6tekile\u015ftirmek ve k\u00fc\u00e7\u00fck milliyet\u00e7iliklere hapsolmak, T\u00fcrk modernle\u015fmesinin \u00fcretti\u011fi sonu\u00e7lardan biri. K\u00fcreselle\u015fme ve \u00e7o\u011ful-modernite \u00e7a\u011f\u0131nda T\u00fcrkiye bu y\u00fcklerinden kurtulmaya \u00e7abal\u0131yor.<\/p>\n<p>Ak\u0131l ve Erdem, modernitenin ve ayd\u0131nlanman\u0131n temel iddialar\u0131n\u0131 sorgularken, bunlar\u0131n T\u00fcrkiye tecr\u00fcbesinde tekab\u00fcl etti\u011fi yeri tespit etmeye \u00e7al\u0131\u015f\u0131yor ve mevcut ikilemlerin yerine \u201cbiz ve onlar\u201d gibi yeni dikotomiler in\u015fa etmektense, moderniteyi de a\u015fan bir varolma ve d\u00fc\u015f\u00fcn\u00fc\u015f bi\u00e7iminin imkanlar\u0131n\u0131 ara\u015ft\u0131r\u0131yor.<\/p>","protected":false},"featured_media":10370,"template":"","meta":{"spay_email":""},"product_cat":[175],"product_tag":[],"item":[855],"acf":[],"_links":{"self":[{"href":"https:\/\/mgvpublications.com\/de\/wp-json\/wp\/v2\/product\/10369"}],"collection":[{"href":"https:\/\/mgvpublications.com\/de\/wp-json\/wp\/v2\/product"}],"about":[{"href":"https:\/\/mgvpublications.com\/de\/wp-json\/wp\/v2\/types\/product"}],"wp:featuredmedia":[{"embeddable":true,"href":"https:\/\/mgvpublications.com\/de\/wp-json\/wp\/v2\/media\/10370"}],"wp:attachment":[{"href":"https:\/\/mgvpublications.com\/de\/wp-json\/wp\/v2\/media?parent=10369"}],"wp:term":[{"taxonomy":"product_cat","embeddable":true,"href":"https:\/\/mgvpublications.com\/de\/wp-json\/wp\/v2\/product_cat?post=10369"},{"taxonomy":"product_tag","embeddable":true,"href":"https:\/\/mgvpublications.com\/de\/wp-json\/wp\/v2\/product_tag?post=10369"},{"taxonomy":"item","embeddable":true,"href":"https:\/\/mgvpublications.com\/de\/wp-json\/wp\/v2\/item?post=10369"}],"curies":[{"name":"wp","href":"https:\/\/api.w.org\/{rel}","templated":true}]}}